{"id":1555,"date":"2023-05-30T17:04:07","date_gmt":"2023-05-30T15:04:07","guid":{"rendered":"https:\/\/monsieursaucisson.com\/nl\/?post_type=product&#038;p=1555"},"modified":"2026-04-27T17:57:55","modified_gmt":"2026-04-27T15:57:55","slug":"schafskaese-mit-trueffel","status":"publish","type":"product","link":"https:\/\/monsieursaucisson.com\/de\/schafskaese-mit-trueffel\/","title":{"rendered":"Schafsk\u00e4se mit Tr\u00fcffel"},"content":{"rendered":"<h2>Schafsk\u00e4se mit Tr\u00fcffel &#8211; ein wahres Juwel aus Spanien<\/h2>\n<p>Entdecken Sie den k\u00f6stlichen Geschmack dieses halbfesten Schafsk\u00e4ses mit Tr\u00fcffel &#8211; ein wahres Juwel aus Spanien. Hergestellt aus pasteurisierter Schafsmilch von h\u00f6chster Qualit\u00e4t, bietet dieser Schafsk\u00e4se eine einzigartige Kombination aus Cremigkeit und den intensiven Aroma von Tr\u00fcffel.<\/p>\n<p>Die Zugabe von 0,2 % Tr\u00fcffel verleiht dem K\u00e4se einen delikaten und zugleich w\u00fcrzigen Geschmack, der jeden Tr\u00fcffelliebhaber begeistern wird.<\/p>\n<p>Mehr\u00a0<a href=\"https:\/\/monsieursaucisson.com\/de\/kaese-aus-spanien\/\" target=\"_blank\" rel=\"noopener\">K\u00e4se aus Spanien<\/a>!<\/p>\n","protected":false},"excerpt":{"rendered":"<p>Ob Sie eine K\u00e4seplatte zusammenstellen, ein besonderes Gericht zubereiten oder einfach nur ein Gourmet-Erlebnis genie\u00dfen m\u00f6chten, dieser halbfeste Schafsk\u00e4se mit Tr\u00fcffel ist ein wahrer Gaumenschmaus. Lassen Sie sich von seinem k\u00f6stlichen Geschmack verf\u00fchren und genie\u00dfen Sie die luxuri\u00f6se Kombination von Schafsk\u00e4se und Tr\u00fcffel aus Spanien.<\/p>\n","protected":false},"featured_media":1083,"template":"","meta":{"_acf_changed":false,"iawp_total_views":129,"editor_notices":[]},"product_brand":[],"product_cat":[15,309,318,313],"product_tag":[],"class_list":{"0":"post-1555","1":"product","2":"type-product","3":"status-publish","4":"has-post-thumbnail","6":"product_cat-alle-produkte","7":"product_cat-delikatessen","8":"product_cat-kaese-aus-spanien","9":"product_cat-tapas","11":"first","12":"instock","13":"taxable","14":"shipping-taxable","15":"purchasable","16":"product-type-simple"},"acf":[],"_links":{"self":[{"href":"https:\/\/monsieursaucisson.com\/de\/wp-json\/wp\/v2\/product\/1555","targetHints":{"allow":["GET"]}}],"collection":[{"href":"https:\/\/monsieursaucisson.com\/de\/wp-json\/wp\/v2\/product"}],"about":[{"href":"https:\/\/monsieursaucisson.com\/de\/wp-json\/wp\/v2\/types\/product"}],"wp:featuredmedia":[{"embeddable":true,"href":"https:\/\/monsieursaucisson.com\/de\/wp-json\/wp\/v2\/media\/1083"}],"wp:attachment":[{"href":"https:\/\/monsieursaucisson.com\/de\/wp-json\/wp\/v2\/media?parent=1555"}],"wp:term":[{"taxonomy":"product_brand","embeddable":true,"href":"https:\/\/monsieursaucisson.com\/de\/wp-json\/wp\/v2\/product_brand?post=1555"},{"taxonomy":"product_cat","embeddable":true,"href":"https:\/\/monsieursaucisson.com\/de\/wp-json\/wp\/v2\/product_cat?post=1555"},{"taxonomy":"product_tag","embeddable":true,"href":"https:\/\/monsieursaucisson.com\/de\/wp-json\/wp\/v2\/product_tag?post=1555"}],"curies":[{"name":"wp","href":"https:\/\/api.w.org\/{rel}","templated":true}]}}