{"id":1554,"date":"2023-05-30T17:03:22","date_gmt":"2023-05-30T15:03:22","guid":{"rendered":"https:\/\/monsieursaucisson.com\/nl\/?post_type=product&#038;p=1554"},"modified":"2026-03-29T18:28:28","modified_gmt":"2026-03-29T16:28:28","slug":"schafskaese-mit-rosmarin","status":"publish","type":"product","link":"https:\/\/monsieursaucisson.com\/de\/schafskaese-mit-rosmarin\/","title":{"rendered":"Schafsk\u00e4se mit Rosmarin"},"content":{"rendered":"<h2>Schafsk\u00e4se mit Rosmarin &#8211; K\u00e4sespezialit\u00e4t aus Spanien<\/h2>\n<p>Mehr als 101 verschiedene Ziegenk\u00e4se-Sorten gibt es, und auch das Angebot an Schafsk\u00e4se ist riesig. Schafs- und Ziegenk\u00e4se \u00fcberzeugen nicht nur durch ihren Geschmack, sondern auch durch ihre gesunden Ern\u00e4hrungseigenschaften. Die Verdauung wird durch Ziegen- und Schafsk\u00e4se angeregt.<\/p>\n<p>Der milde Geschmack reiner Schafsmilch und das herbe Aroma des Rosmarins vereinen sich in diesem gereiften Schafsk\u00e4se mit Rosmarinmantel. Der Schafsk\u00e4se mit Rosmarin wird aus qualitativ hochwertiger, pasteurisierter Schafsmilch hergestellt. Dadurch entsteht ein vollmundiger und cremiger Geschmack. Die Zugabe von Salz, Kalziumchlorid, Lysozym (aus Eiwei\u00df), Lab und Starterkulturen tr\u00e4gt zur Entfaltung des charakteristischen Geschmacks und der Textur des K\u00e4ses bei.<\/p>\n<p>Mehr\u00a0<a href=\"https:\/\/monsieursaucisson.com\/de\/kaese-aus-spanien\/\" target=\"_blank\" rel=\"noopener\">K\u00e4se aus Spanien<\/a>!<\/p>\n","protected":false},"excerpt":{"rendered":"<p>Dieser k\u00f6stliche, gereifte Schafsk\u00e4se mit Rosmarin aus Spanien ist ein wahrer Genuss f\u00fcr K\u00e4seliebhaber. Mit seiner einzigartigen Kombination aus Geschmack und hochwertigen Zutaten ist dieser K\u00e4se eine echte Delikatesse.<\/p>\n","protected":false},"featured_media":1082,"template":"","meta":{"_acf_changed":false,"iawp_total_views":122,"editor_notices":[]},"product_brand":[],"product_cat":[15,309,318,313],"product_tag":[],"class_list":{"0":"post-1554","1":"product","2":"type-product","3":"status-publish","4":"has-post-thumbnail","6":"product_cat-alle-produkte","7":"product_cat-delikatessen","8":"product_cat-kaese-aus-spanien","9":"product_cat-tapas","11":"first","12":"instock","13":"taxable","14":"shipping-taxable","15":"purchasable","16":"product-type-simple"},"acf":[],"_links":{"self":[{"href":"https:\/\/monsieursaucisson.com\/de\/wp-json\/wp\/v2\/product\/1554","targetHints":{"allow":["GET"]}}],"collection":[{"href":"https:\/\/monsieursaucisson.com\/de\/wp-json\/wp\/v2\/product"}],"about":[{"href":"https:\/\/monsieursaucisson.com\/de\/wp-json\/wp\/v2\/types\/product"}],"wp:featuredmedia":[{"embeddable":true,"href":"https:\/\/monsieursaucisson.com\/de\/wp-json\/wp\/v2\/media\/1082"}],"wp:attachment":[{"href":"https:\/\/monsieursaucisson.com\/de\/wp-json\/wp\/v2\/media?parent=1554"}],"wp:term":[{"taxonomy":"product_brand","embeddable":true,"href":"https:\/\/monsieursaucisson.com\/de\/wp-json\/wp\/v2\/product_brand?post=1554"},{"taxonomy":"product_cat","embeddable":true,"href":"https:\/\/monsieursaucisson.com\/de\/wp-json\/wp\/v2\/product_cat?post=1554"},{"taxonomy":"product_tag","embeddable":true,"href":"https:\/\/monsieursaucisson.com\/de\/wp-json\/wp\/v2\/product_tag?post=1554"}],"curies":[{"name":"wp","href":"https:\/\/api.w.org\/{rel}","templated":true}]}}