{"id":1553,"date":"2023-05-30T17:02:27","date_gmt":"2023-05-30T15:02:27","guid":{"rendered":"https:\/\/monsieursaucisson.com\/nl\/?post_type=product&#038;p=1553"},"modified":"2026-04-01T16:22:04","modified_gmt":"2026-04-01T14:22:04","slug":"spanischer-schafskaese","status":"publish","type":"product","link":"https:\/\/monsieursaucisson.com\/de\/spanischer-schafskaese\/","title":{"rendered":"Spanischer Schafsk\u00e4se"},"content":{"rendered":"<h2>Spanischer Schafsk\u00e4se &#8211; Eine rundum gelungene Kombination<\/h2>\n<p>Verglichen mit der Schweiz, den Niederlanden oder Italien ist Spanien als &#8222;K\u00e4senation&#8220; kaum bekannt. Leider zu Unrecht, denn die spanische K\u00e4setradition reicht weit zur\u00fcck. Die Spanier verstehen ihr Handwerk und produzieren erstklassigen Schafsk\u00e4se.<\/p>\n<p>Der spanische Schafsk\u00e4se wird sorgf\u00e4ltig aus frischer, pasteurisierter Schafsmilch gewonnen. Jeder einzelne Bissen offenbart die reichhaltige und sahnige Konsistenz, die diesen besonderen K\u00e4se auszeichnet. Das ausgewogene Verh\u00e4ltnis von Salz und S\u00fc\u00dfe sorgt f\u00fcr ein einzigartiges Geschmackserlebnis.<\/p>\n<p>Mehr\u00a0<a href=\"https:\/\/monsieursaucisson.com\/de\/kaese-aus-spanien\/\" target=\"_blank\" rel=\"noopener\">K\u00e4se aus Spanien<\/a>!<\/p>\n<p>&nbsp;<\/p>\n","protected":false},"excerpt":{"rendered":"<p>Der spanischer Schafsk\u00e4se ist ein wahrer Genuss f\u00fcr K\u00e4seliebhaber. Wir sind stolz darauf, Ihnen einen traditionellen Schafsk\u00e4se von h\u00f6chster Qualit\u00e4t und direkt aus Spanien pr\u00e4sentieren zu d\u00fcrfen. Genie\u00dfen Sie den authentischen Geschmack unseres spanischen Schafsk\u00e4ses.<\/p>\n","protected":false},"featured_media":1079,"template":"","meta":{"_acf_changed":false,"iawp_total_views":212,"editor_notices":[]},"product_brand":[],"product_cat":[309,313,318,15],"product_tag":[],"class_list":{"0":"post-1553","1":"product","2":"type-product","3":"status-publish","4":"has-post-thumbnail","6":"product_cat-delikatessen","7":"product_cat-tapas","8":"product_cat-kaese-aus-spanien","9":"product_cat-alle-produkte","11":"first","12":"instock","13":"taxable","14":"shipping-taxable","15":"purchasable","16":"product-type-simple"},"acf":[],"_links":{"self":[{"href":"https:\/\/monsieursaucisson.com\/de\/wp-json\/wp\/v2\/product\/1553","targetHints":{"allow":["GET"]}}],"collection":[{"href":"https:\/\/monsieursaucisson.com\/de\/wp-json\/wp\/v2\/product"}],"about":[{"href":"https:\/\/monsieursaucisson.com\/de\/wp-json\/wp\/v2\/types\/product"}],"wp:featuredmedia":[{"embeddable":true,"href":"https:\/\/monsieursaucisson.com\/de\/wp-json\/wp\/v2\/media\/1079"}],"wp:attachment":[{"href":"https:\/\/monsieursaucisson.com\/de\/wp-json\/wp\/v2\/media?parent=1553"}],"wp:term":[{"taxonomy":"product_brand","embeddable":true,"href":"https:\/\/monsieursaucisson.com\/de\/wp-json\/wp\/v2\/product_brand?post=1553"},{"taxonomy":"product_cat","embeddable":true,"href":"https:\/\/monsieursaucisson.com\/de\/wp-json\/wp\/v2\/product_cat?post=1553"},{"taxonomy":"product_tag","embeddable":true,"href":"https:\/\/monsieursaucisson.com\/de\/wp-json\/wp\/v2\/product_tag?post=1553"}],"curies":[{"name":"wp","href":"https:\/\/api.w.org\/{rel}","templated":true}]}}