{"id":1552,"date":"2023-05-30T17:01:41","date_gmt":"2023-05-30T15:01:41","guid":{"rendered":"https:\/\/monsieursaucisson.com\/nl\/?post_type=product&#038;p=1552"},"modified":"2026-04-27T16:10:22","modified_gmt":"2026-04-27T14:10:22","slug":"manchego","status":"publish","type":"product","link":"https:\/\/monsieursaucisson.com\/de\/manchego\/","title":{"rendered":"Manchego-K\u00e4se D.O.P."},"content":{"rendered":"<h2>Manchego K\u00e4se DOP &#8211; aus pasteurisierte Schafsmilch<\/h2>\n<p>Am liebsten essen die Spanier &#8222;ihren&#8220; Manchego K\u00e4se pur als Tapas &#8211; in kleine Ecken (cu\u00f1as) geschnitten. Entdecken Sie den reichhaltigen und unverwechselbaren Geschmack unseres Manchego-K\u00e4ses D.O.P., der 3 bis 5 Monate lang sorgf\u00e4ltig gereift ist. Dieser authentische und spanische K\u00e4se wird aus hochwertiger pasteurisierter Schafsmilch hergestellt, die aus Spanien stammt.<\/p>\n<p>Dieser Schafsk\u00e4se aus pasteurisierte Schafsmilch eignet sich hervorragend als Tapa und passt wunderbar zu spanischen Wurstwaren wie <a href=\"https:\/\/monsieursaucisson.com\/de\/?s=jamon&amp;submit=\" target=\"_blank\" rel=\"noopener\">Jamon<\/a> oder <a href=\"https:\/\/monsieursaucisson.com\/de\/?s=chorizo&amp;submit=\" target=\"_blank\" rel=\"noopener\">Chorizo.<\/a><\/p>\n","protected":false},"excerpt":{"rendered":"<p>Entdecken Sie den reichhaltigen und unverwechselbaren Geschmack unseres Manchego-K\u00e4ses D.O.P. &#8211; sorgf\u00e4ltig gereift f\u00fcr 3-5 Monate. Dieser authentische Schafsk\u00e4se wird aus hochwertiger pasteurisierter Schafsmilch hergestellt, die aus Spanien stammt.<\/p>\n","protected":false},"featured_media":2335,"template":"","meta":{"_acf_changed":false,"iawp_total_views":343,"editor_notices":[]},"product_brand":[],"product_cat":[15,309,318,313],"product_tag":[],"class_list":{"0":"post-1552","1":"product","2":"type-product","3":"status-publish","4":"has-post-thumbnail","6":"product_cat-alle-produkte","7":"product_cat-delikatessen","8":"product_cat-kaese-aus-spanien","9":"product_cat-tapas","11":"first","12":"instock","13":"taxable","14":"shipping-taxable","15":"purchasable","16":"product-type-simple"},"acf":[],"_links":{"self":[{"href":"https:\/\/monsieursaucisson.com\/de\/wp-json\/wp\/v2\/product\/1552","targetHints":{"allow":["GET"]}}],"collection":[{"href":"https:\/\/monsieursaucisson.com\/de\/wp-json\/wp\/v2\/product"}],"about":[{"href":"https:\/\/monsieursaucisson.com\/de\/wp-json\/wp\/v2\/types\/product"}],"wp:featuredmedia":[{"embeddable":true,"href":"https:\/\/monsieursaucisson.com\/de\/wp-json\/wp\/v2\/media\/2335"}],"wp:attachment":[{"href":"https:\/\/monsieursaucisson.com\/de\/wp-json\/wp\/v2\/media?parent=1552"}],"wp:term":[{"taxonomy":"product_brand","embeddable":true,"href":"https:\/\/monsieursaucisson.com\/de\/wp-json\/wp\/v2\/product_brand?post=1552"},{"taxonomy":"product_cat","embeddable":true,"href":"https:\/\/monsieursaucisson.com\/de\/wp-json\/wp\/v2\/product_cat?post=1552"},{"taxonomy":"product_tag","embeddable":true,"href":"https:\/\/monsieursaucisson.com\/de\/wp-json\/wp\/v2\/product_tag?post=1552"}],"curies":[{"name":"wp","href":"https:\/\/api.w.org\/{rel}","templated":true}]}}