{"id":1550,"date":"2023-05-30T17:00:53","date_gmt":"2023-05-30T15:00:53","guid":{"rendered":"https:\/\/monsieursaucisson.com\/nl\/?post_type=product&#038;p=1550"},"modified":"2026-04-01T20:02:37","modified_gmt":"2026-04-01T18:02:37","slug":"iberico-kaese","status":"publish","type":"product","link":"https:\/\/monsieursaucisson.com\/de\/iberico-kaese\/","title":{"rendered":"Ib\u00e9rico K\u00e4se"},"content":{"rendered":"<h2 class=\"LC20lb MBeuO DKV0Md\">Ib\u00e9rico K\u00e4se &#8211; Ein k\u00f6stlicher &#8222;Alltagsk\u00e4se&#8220;<\/h2>\n<p>Unser K\u00e4se wird mit Liebe und Sorgfalt hergestellt, wobei nur die besten Zutaten verwendet werden. Der iberische K\u00e4se ist ein milder und Butterk\u00e4se, der aus einer Mischung von drei Milchsorten (Kuh-, Schafs- und Ziegenmilch) hergestellt wird. Er ist der beliebteste K\u00e4se in Spanien. Mit unterschiedlichen Anteilen von Kuh-, Ziegen- und Schafsmilch erreichen wir eine perfekte Ausgewogenheit der Aromen, die dem iberischen K\u00e4se seinen authentischen Charakter verleihen.<\/p>\n<p>Mehr <a href=\"https:\/\/monsieursaucisson.com\/de\/kaese-aus-spanien\/\" target=\"_blank\" rel=\"noopener\">K\u00e4se aus Spanien<\/a>!<\/p>\n","protected":false},"excerpt":{"rendered":"<p>Mit dem halbgereiften Ib\u00e9rico K\u00e4se genie\u00dfen Sie die perfekte Kombination aus Geschmack und Tradition. Hergestellt aus einer sorgf\u00e4ltig ausgew\u00e4hlten Mischung aus pasteurisierter Kuh-, Ziegen- und Schafsmilch, bietet der Ib\u00e9rico K\u00e4se ein einzigartiges und k\u00f6stliches Erlebnis f\u00fcr Ihre Geschmacksknospen.<\/p>\n<p>Perfekt zum \u00dcberbacken, zum Verfeinern von Speisen und f\u00fcrs Brot.<\/p>\n","protected":false},"featured_media":1081,"template":"","meta":{"_acf_changed":false,"iawp_total_views":410,"editor_notices":[]},"product_brand":[],"product_cat":[309,313,318,15],"product_tag":[],"class_list":{"0":"post-1550","1":"product","2":"type-product","3":"status-publish","4":"has-post-thumbnail","6":"product_cat-delikatessen","7":"product_cat-tapas","8":"product_cat-kaese-aus-spanien","9":"product_cat-alle-produkte","11":"first","12":"instock","13":"taxable","14":"shipping-taxable","15":"purchasable","16":"product-type-simple"},"acf":[],"_links":{"self":[{"href":"https:\/\/monsieursaucisson.com\/de\/wp-json\/wp\/v2\/product\/1550","targetHints":{"allow":["GET"]}}],"collection":[{"href":"https:\/\/monsieursaucisson.com\/de\/wp-json\/wp\/v2\/product"}],"about":[{"href":"https:\/\/monsieursaucisson.com\/de\/wp-json\/wp\/v2\/types\/product"}],"wp:featuredmedia":[{"embeddable":true,"href":"https:\/\/monsieursaucisson.com\/de\/wp-json\/wp\/v2\/media\/1081"}],"wp:attachment":[{"href":"https:\/\/monsieursaucisson.com\/de\/wp-json\/wp\/v2\/media?parent=1550"}],"wp:term":[{"taxonomy":"product_brand","embeddable":true,"href":"https:\/\/monsieursaucisson.com\/de\/wp-json\/wp\/v2\/product_brand?post=1550"},{"taxonomy":"product_cat","embeddable":true,"href":"https:\/\/monsieursaucisson.com\/de\/wp-json\/wp\/v2\/product_cat?post=1550"},{"taxonomy":"product_tag","embeddable":true,"href":"https:\/\/monsieursaucisson.com\/de\/wp-json\/wp\/v2\/product_tag?post=1550"}],"curies":[{"name":"wp","href":"https:\/\/api.w.org\/{rel}","templated":true}]}}