{"id":1491,"date":"2023-05-25T22:21:51","date_gmt":"2023-05-25T20:21:51","guid":{"rendered":"https:\/\/monsieursaucisson.com\/nl\/?post_type=product&#038;p=1491"},"modified":"2026-04-27T10:23:16","modified_gmt":"2026-04-27T08:23:16","slug":"aioli-original-spanische-knoblauch-dip","status":"publish","type":"product","link":"https:\/\/monsieursaucisson.com\/de\/aioli-original-spanische-knoblauch-dip\/","title":{"rendered":"Aioli &#8222;Tradicional&#8220;"},"content":{"rendered":"<h2>Aioli &#8211; original spanische Knoblauch-Dip<\/h2>\n<p>Genie\u00dfen Sie den herrlichen Geschmack unserer klassischen Aioli &#8222;Tradicional&#8220; &#8211; der originale Knoblauch-Dip aus Spanien. Diese spanische K\u00f6stlichkeit ist ein wahrer Gaumenschmaus f\u00fcr jeden, der Knoblauch liebt. Genie\u00dfen Sie den cremigen und vollen Knoblauchgeschmack, der hier perfekt zur Geltung kommt.<\/p>\n<p>Neben der puren, originalen Variante, bieten wir auch andere k\u00f6stliche <a href=\"https:\/\/monsieursaucisson.com\/de\/aioli-knoblauch-dip\/\">Geschmacksrichtungen an<\/a>: mit Orange und Safran, mit schwarzem Knoblauch und schwarze Aioli. Verleihen Sie Ihren Gerichten mit diesen schmackhaften Variationen einen Hauch von Authentizit\u00e4t.<\/p>\n","protected":false},"excerpt":{"rendered":"<p>Entdecken Sie den k\u00f6stlichen Geschmack unseres traditionellen Aioli &#8222;Tradicional&#8220;. Diese spanische Delikatesse aus unserer Kollektion ist ein wahrer Genuss f\u00fcr Schleckerm\u00e4uler. Genie\u00dfen Sie den cremigen und vollen Knoblauchgeschmack, der sich in diesem traditionell hergestellten Aioli perfekt entfaltet.<\/p>\n","protected":false},"featured_media":1492,"template":"","meta":{"_acf_changed":false,"iawp_total_views":226,"editor_notices":[]},"product_brand":[],"product_cat":[315,15,309,313],"product_tag":[],"class_list":{"0":"post-1491","1":"product","2":"type-product","3":"status-publish","4":"has-post-thumbnail","6":"product_cat-aioli-knoblauch-dip","7":"product_cat-alle-produkte","8":"product_cat-delikatessen","9":"product_cat-tapas","11":"first","12":"instock","13":"taxable","14":"shipping-taxable","15":"purchasable","16":"product-type-simple"},"acf":[],"_links":{"self":[{"href":"https:\/\/monsieursaucisson.com\/de\/wp-json\/wp\/v2\/product\/1491","targetHints":{"allow":["GET"]}}],"collection":[{"href":"https:\/\/monsieursaucisson.com\/de\/wp-json\/wp\/v2\/product"}],"about":[{"href":"https:\/\/monsieursaucisson.com\/de\/wp-json\/wp\/v2\/types\/product"}],"wp:featuredmedia":[{"embeddable":true,"href":"https:\/\/monsieursaucisson.com\/de\/wp-json\/wp\/v2\/media\/1492"}],"wp:attachment":[{"href":"https:\/\/monsieursaucisson.com\/de\/wp-json\/wp\/v2\/media?parent=1491"}],"wp:term":[{"taxonomy":"product_brand","embeddable":true,"href":"https:\/\/monsieursaucisson.com\/de\/wp-json\/wp\/v2\/product_brand?post=1491"},{"taxonomy":"product_cat","embeddable":true,"href":"https:\/\/monsieursaucisson.com\/de\/wp-json\/wp\/v2\/product_cat?post=1491"},{"taxonomy":"product_tag","embeddable":true,"href":"https:\/\/monsieursaucisson.com\/de\/wp-json\/wp\/v2\/product_tag?post=1491"}],"curies":[{"name":"wp","href":"https:\/\/api.w.org\/{rel}","templated":true}]}}