{"id":1490,"date":"2023-05-25T22:18:06","date_gmt":"2023-05-25T20:18:06","guid":{"rendered":"https:\/\/monsieursaucisson.com\/nl\/?post_type=product&#038;p=1490"},"modified":"2026-04-14T19:41:01","modified_gmt":"2026-04-14T17:41:01","slug":"aioli-mit-zitrone-und-basilikum","status":"publish","type":"product","link":"https:\/\/monsieursaucisson.com\/de\/aioli-mit-zitrone-und-basilikum\/","title":{"rendered":"Aioli mit Zitrone und Basilikum"},"content":{"rendered":"<h2>Aioli mit Zitrone und Basilikum &#8211; Eine erfrischende und w\u00fcrzige Note<\/h2>\n<p>Probieren Sie unsere erfrischende Aioli mit Zitrone und Basilikum &#8211; eine aromatische Kombination mit einer erfrischenden und w\u00fcrzigen Note, die Ihre Geschmacksknospen in Erstaunen versetzen wird. Unsere traditionelle Aioli wird aus den besten Zutaten hergestellt und hat eine cremige Konsistenz. Diese k\u00f6stliche Kreation wird sorgf\u00e4ltig zubereitet und verleiht Ihren Leibgerichten eine erfrischende und w\u00fcrzige Note. Unsere Zitronen-Basilikum-Aioli ist etwas ganz Besonderes.<\/p>\n<p>Alles in allem ist dieser spanische Aioli perfekt zum Servieren mit H\u00e4ppchen. Probieren Sie auch unsere anderen k\u00f6stlichen <a href=\"https:\/\/monsieursaucisson.com\/de\/aioli-knoblauch-dip\/\">Aioli-Geschmacksrichtungen<\/a>: Aioli mit Orange und Safran, mit schwarzem Knoblauch und nat\u00fcrlich das Original.<\/p>\n","protected":false},"excerpt":{"rendered":"<p>Entdecken Sie unsere erfrischende Aioli mit Zitrone und Basilikum &#8211; eine erfrischende und w\u00fcrzige Note, die Ihre Geschmacksnerven \u00fcberraschen wird. Unsere traditionelle Aioli wird aus hochwertigen Zutaten hergestellt und hat eine cremige Konsistenz. Diese Kombination ist mit Sorgfalt zubereitet und verleiht Ihren Lieblingsgerichten eine erfrischende und w\u00fcrzige Note. Unser Aioli mit Zitrone und Basilikum ist schon etwas ganz Besonderes.<\/p>\n","protected":false},"featured_media":1089,"template":"","meta":{"_acf_changed":false,"iawp_total_views":237,"editor_notices":[]},"product_brand":[],"product_cat":[309,313,315,15],"product_tag":[],"class_list":{"0":"post-1490","1":"product","2":"type-product","3":"status-publish","4":"has-post-thumbnail","6":"product_cat-delikatessen","7":"product_cat-tapas","8":"product_cat-aioli-knoblauch-dip","9":"product_cat-alle-produkte","11":"first","12":"instock","13":"taxable","14":"shipping-taxable","15":"purchasable","16":"product-type-simple"},"acf":[],"_links":{"self":[{"href":"https:\/\/monsieursaucisson.com\/de\/wp-json\/wp\/v2\/product\/1490","targetHints":{"allow":["GET"]}}],"collection":[{"href":"https:\/\/monsieursaucisson.com\/de\/wp-json\/wp\/v2\/product"}],"about":[{"href":"https:\/\/monsieursaucisson.com\/de\/wp-json\/wp\/v2\/types\/product"}],"wp:featuredmedia":[{"embeddable":true,"href":"https:\/\/monsieursaucisson.com\/de\/wp-json\/wp\/v2\/media\/1089"}],"wp:attachment":[{"href":"https:\/\/monsieursaucisson.com\/de\/wp-json\/wp\/v2\/media?parent=1490"}],"wp:term":[{"taxonomy":"product_brand","embeddable":true,"href":"https:\/\/monsieursaucisson.com\/de\/wp-json\/wp\/v2\/product_brand?post=1490"},{"taxonomy":"product_cat","embeddable":true,"href":"https:\/\/monsieursaucisson.com\/de\/wp-json\/wp\/v2\/product_cat?post=1490"},{"taxonomy":"product_tag","embeddable":true,"href":"https:\/\/monsieursaucisson.com\/de\/wp-json\/wp\/v2\/product_tag?post=1490"}],"curies":[{"name":"wp","href":"https:\/\/api.w.org\/{rel}","templated":true}]}}