{"id":1434,"date":"2023-05-25T10:48:02","date_gmt":"2023-05-25T08:48:02","guid":{"rendered":"https:\/\/monsieursaucisson.com\/nl\/?post_type=product&#038;p=1434"},"modified":"2026-04-15T14:20:34","modified_gmt":"2026-04-15T12:20:34","slug":"terrine-mit-sonnengetrockneten-tomaten","status":"publish","type":"product","link":"https:\/\/monsieursaucisson.com\/de\/terrine-mit-sonnengetrockneten-tomaten\/","title":{"rendered":"Terrine mit sonnengetrockneten Tomaten"},"content":{"rendered":"<div class=\"group w-full text-gray-800 dark:text-gray-100 border-b border-black\/10 dark:border-gray-900\/50 bg-gray-50 dark:bg-[#444654]\">\n<div class=\"flex p-4 gap-4 text-base md:gap-6 md:max-w-2xl lg:max-w-xl xl:max-w-3xl md:py-6 lg:px-0 m-auto\">\n<div class=\"relative flex w-[calc(100%-50px)] flex-col gap-1 md:gap-3 lg:w-[calc(100%-115px)]\">\n<div class=\"flex flex-grow flex-col gap-3\">\n<div class=\"min-h-[20px] flex flex-col items-start gap-4 whitespace-pre-wrap break-words\">\n<div class=\"markdown prose w-full break-words dark:prose-invert light\">\n<h2>Terrine mit sonnengetrockneten Tomaten &#8211; ein typisch mediterraner Geschmack<\/h2>\n<p>Unsere Terrine Paysanne aux tomates s\u00e8ches &#8211; Terrine mit sonnengetrockneten Tomaten ist eine herzhafte Bauernterrine aus Schweinefleisch mit sonnengetrockneten Tomaten &#8211; ein typisch mediterraner Geschmack.<\/p>\n<p>Neben der Terrine mit sonnengetrockneten Tomaten haben wir weitere unwiderstehliche Geschmacksrichtungen zur Auswahl. Probieren Sie zum Beispiel den intensiven Geschmack von Wildschwein, die Raffinesse der Terrine mit Reh oder die subtile Mischung von Gefl\u00fcgel mit Armagnac.<\/p>\n<p><em>Jede <a href=\"https:\/\/de.wikipedia.org\/wiki\/Terrine\" target=\"_blank\" rel=\"noopener\">Terrine<\/a> wird sorgf\u00e4ltig nach traditionellen Rezepten zubereitet und bietet ein einzigartiges kulinarisches Erlebnis!<\/em><\/p>\n<p>Unsere Terrinen eignen sich hervorragend f\u00fcr gemeinsame Mahlzeiten in geselliger Runde, aber auch als Appetithappen oder als Teil eines festlichen Buffets. W\u00e4hlen Sie Ihre Lieblingsgeschmacksrichtung und lassen Sie sich von den raffinierten Kreationen von Monsieur Saucisson verw\u00f6hnen.<\/p>\n<\/div>\n<\/div>\n<\/div>\n<\/div>\n<\/div>\n<\/div>\n","protected":false},"excerpt":{"rendered":"<p>Die Terrine Paysanne aux tomates s\u00e8ches &#8211; auf Deutsch: Terrine mit sonnengetrockneten Tomaten ist ein wahrer Genuss f\u00fcr Feinschmecker.\u00a0 Genie\u00dfen Sie die k\u00f6stliche Terrine mit sonnengetrockneten Tomaten von Monsieur Saucisson. Diese schmackhafte Terrine wird aus den besten Zutaten hergestellt, und verbindet den reichen Geschmack der getrockneten Tomaten mit der zarten Textur der Terrine.<\/p>\n<p>Am besten schmeckt die Terrine mit sonnengetrockneten Tomaten als Aperitifh\u00e4ppchen, als Vorspeise, mit Salat oder als w\u00fcrzige Verfeinerung f\u00fcr ein kulinarisches Abendessen &#8211; eine k\u00f6stliche Erg\u00e4nzung in Ihrer K\u00fcche. Probieren Sie auch unsere <a href=\"https:\/\/monsieursaucisson.com\/de\/spanische-pasteten\/\" target=\"_blank\" rel=\"noopener\">Pasteten<\/a> und <a href=\"https:\/\/monsieursaucisson.com\/de\/aufschnitt\/\">Aufschnitte<\/a>!<\/p>\n","protected":false},"featured_media":983,"template":"","meta":{"_acf_changed":false,"iawp_total_views":52,"editor_notices":[]},"product_brand":[],"product_cat":[309,310,311,15],"product_tag":[],"class_list":{"0":"post-1434","1":"product","2":"type-product","3":"status-publish","4":"has-post-thumbnail","6":"product_cat-delikatessen","7":"product_cat-terrinen-und-pasteten","8":"product_cat-terrinen","9":"product_cat-alle-produkte","11":"first","12":"instock","13":"taxable","14":"shipping-taxable","15":"purchasable","16":"product-type-simple"},"acf":[],"_links":{"self":[{"href":"https:\/\/monsieursaucisson.com\/de\/wp-json\/wp\/v2\/product\/1434","targetHints":{"allow":["GET"]}}],"collection":[{"href":"https:\/\/monsieursaucisson.com\/de\/wp-json\/wp\/v2\/product"}],"about":[{"href":"https:\/\/monsieursaucisson.com\/de\/wp-json\/wp\/v2\/types\/product"}],"wp:featuredmedia":[{"embeddable":true,"href":"https:\/\/monsieursaucisson.com\/de\/wp-json\/wp\/v2\/media\/983"}],"wp:attachment":[{"href":"https:\/\/monsieursaucisson.com\/de\/wp-json\/wp\/v2\/media?parent=1434"}],"wp:term":[{"taxonomy":"product_brand","embeddable":true,"href":"https:\/\/monsieursaucisson.com\/de\/wp-json\/wp\/v2\/product_brand?post=1434"},{"taxonomy":"product_cat","embeddable":true,"href":"https:\/\/monsieursaucisson.com\/de\/wp-json\/wp\/v2\/product_cat?post=1434"},{"taxonomy":"product_tag","embeddable":true,"href":"https:\/\/monsieursaucisson.com\/de\/wp-json\/wp\/v2\/product_tag?post=1434"}],"curies":[{"name":"wp","href":"https:\/\/api.w.org\/{rel}","templated":true}]}}