{"id":1433,"date":"2023-05-25T10:44:48","date_gmt":"2023-05-25T08:44:48","guid":{"rendered":"https:\/\/monsieursaucisson.com\/nl\/?post_type=product&#038;p=1433"},"modified":"2026-04-15T13:40:56","modified_gmt":"2026-04-15T11:40:56","slug":"terrine-mit-wildschwein-und-genever","status":"publish","type":"product","link":"https:\/\/monsieursaucisson.com\/de\/terrine-mit-wildschwein-und-genever\/","title":{"rendered":"Terrine mit Wildschwein und Genever"},"content":{"rendered":"<div class=\"group w-full text-gray-800 dark:text-gray-100 border-b border-black\/10 dark:border-gray-900\/50 bg-gray-50 dark:bg-[#444654]\">\n<div class=\"flex p-4 gap-4 text-base md:gap-6 md:max-w-2xl lg:max-w-xl xl:max-w-3xl md:py-6 lg:px-0 m-auto\">\n<div class=\"relative flex w-[calc(100%-50px)] flex-col gap-1 md:gap-3 lg:w-[calc(100%-115px)]\">\n<div class=\"flex flex-grow flex-col gap-3\">\n<div class=\"min-h-[20px] flex flex-col items-start gap-4 whitespace-pre-wrap break-words\">\n<div class=\"markdown prose w-full break-words dark:prose-invert light\">\n<h2>Terrine mit Wildschwein und Genever &#8211; \u00fcberraschend und raffiniert<\/h2>\n<p>Die Terrine mit Wildschwein und <a href=\"https:\/\/de.wikipedia.org\/wiki\/Genever\" target=\"_blank\" rel=\"noopener\">Genever<\/a> (Terrine de sanglier aux baies de geni\u00e8vre) ist aromatisch und hat einem herrlichen Wildgeschmack. Ein echter Hochgenuss aus Schweinefleisch, Wildschwein und Wacholderschnaps &#8211; f\u00fcr alle, die es deftig m\u00f6gen. Jeder Bissen ist ein wahrer Genuss f\u00fcr den Genie\u00dfer &#8211; eine \u00fcberraschende und raffinierte Geschmackskombination.<\/p>\n<p>Neben der Terrine mit Wildschwein und Genever haben wir weitere unwiderstehliche Geschmacksrichtungen zur Auswahl. Probieren Sie zum Beispiel den intensiven Geschmack von Wildschwein, die Raffinesse der Terrine mit Tomaten oder die subtile Mischung von Gefl\u00fcgel mit Armagnac.<\/p>\n<p><em>Jede <a href=\"https:\/\/de.wikipedia.org\/wiki\/Terrine\" target=\"_blank\" rel=\"noopener\">Terrine<\/a> wird sorgf\u00e4ltig nach traditionellen Rezepten zubereitet und bietet ein einzigartiges kulinarisches Erlebnis &#8211; ohne k\u00fcnstliche Aromen, Farbstoffen und Geschmacksverst\u00e4rkern!<\/em><\/p>\n<p>Streichen Sie die Terrine auf ein frisches St\u00fcck Baguette, f\u00fcgen Sie einige frische Kr\u00e4uter hinzu und genie\u00dfen Sie die k\u00f6stliche Kombination von Texturen und Aromen &#8211; perfekt f\u00fcr gemeinsame Mahlzeiten, als Appetithappen oder als Teil eines Buffets.<\/p>\n<\/div>\n<\/div>\n<\/div>\n<\/div>\n<\/div>\n<\/div>\n","protected":false},"excerpt":{"rendered":"<p>Probieren Sie unsere Terrine mit Wildschwein und Genever, und genie\u00dfen Sie dieses einzigartige Geschmackserlebnis. In dieser k\u00f6stlichen Terrine verbindet sich der reiche und volle Geschmack des Wildschweins mit einem Hauch von Jenever, wodurch eine \u00fcberraschende und raffinierte Geschmackskombination entsteht. Jeder Bissen ist ein wahrer Genuss f\u00fcr den Genie\u00dfer.<\/p>\n<p>Am besten schmeckt die Terrine als Aperitifh\u00e4ppchen, als Vorspeise, mit Salat oder zwischendurch als Brotaufstrich &#8211; eine k\u00f6stliche Erg\u00e4nzung in Ihrer K\u00fcche. Probieren Sie auch unsere <a href=\"https:\/\/monsieursaucisson.com\/de\/spanische-pasteten\/\" target=\"_blank\" rel=\"noopener\">Pasteten<\/a> und <a href=\"https:\/\/monsieursaucisson.com\/de\/aufschnitt\/\">Aufschnitte<\/a>!<\/p>\n","protected":false},"featured_media":986,"template":"","meta":{"_acf_changed":false,"iawp_total_views":65,"editor_notices":[]},"product_brand":[],"product_cat":[309,310,311,15],"product_tag":[],"class_list":{"0":"post-1433","1":"product","2":"type-product","3":"status-publish","4":"has-post-thumbnail","6":"product_cat-delikatessen","7":"product_cat-terrinen-und-pasteten","8":"product_cat-terrinen","9":"product_cat-alle-produkte","11":"first","12":"instock","13":"taxable","14":"shipping-taxable","15":"purchasable","16":"product-type-simple"},"acf":[],"_links":{"self":[{"href":"https:\/\/monsieursaucisson.com\/de\/wp-json\/wp\/v2\/product\/1433","targetHints":{"allow":["GET"]}}],"collection":[{"href":"https:\/\/monsieursaucisson.com\/de\/wp-json\/wp\/v2\/product"}],"about":[{"href":"https:\/\/monsieursaucisson.com\/de\/wp-json\/wp\/v2\/types\/product"}],"wp:featuredmedia":[{"embeddable":true,"href":"https:\/\/monsieursaucisson.com\/de\/wp-json\/wp\/v2\/media\/986"}],"wp:attachment":[{"href":"https:\/\/monsieursaucisson.com\/de\/wp-json\/wp\/v2\/media?parent=1433"}],"wp:term":[{"taxonomy":"product_brand","embeddable":true,"href":"https:\/\/monsieursaucisson.com\/de\/wp-json\/wp\/v2\/product_brand?post=1433"},{"taxonomy":"product_cat","embeddable":true,"href":"https:\/\/monsieursaucisson.com\/de\/wp-json\/wp\/v2\/product_cat?post=1433"},{"taxonomy":"product_tag","embeddable":true,"href":"https:\/\/monsieursaucisson.com\/de\/wp-json\/wp\/v2\/product_tag?post=1433"}],"curies":[{"name":"wp","href":"https:\/\/api.w.org\/{rel}","templated":true}]}}