{"id":1432,"date":"2023-05-25T10:42:57","date_gmt":"2023-05-25T08:42:57","guid":{"rendered":"https:\/\/monsieursaucisson.com\/nl\/?post_type=product&#038;p=1432"},"modified":"2026-04-07T19:03:17","modified_gmt":"2026-04-07T17:03:17","slug":"terrine-mit-piment-despelette","status":"publish","type":"product","link":"https:\/\/monsieursaucisson.com\/de\/terrine-mit-piment-despelette\/","title":{"rendered":"Terrine mit Piment d&#8217;Espelette"},"content":{"rendered":"<div class=\"group w-full text-gray-800 dark:text-gray-100 border-b border-black\/10 dark:border-gray-900\/50 bg-gray-50 dark:bg-[#444654]\">\n<div class=\"flex p-4 gap-4 text-base md:gap-6 md:max-w-2xl lg:max-w-xl xl:max-w-3xl md:py-6 lg:px-0 m-auto\">\n<div class=\"relative flex w-[calc(100%-50px)] flex-col gap-1 md:gap-3 lg:w-[calc(100%-115px)]\">\n<div class=\"flex flex-grow flex-col gap-3\">\n<div class=\"min-h-[20px] flex flex-col items-start gap-4 whitespace-pre-wrap break-words\">\n<div class=\"markdown prose w-full break-words dark:prose-invert light\">\n<h2>Terrine mit Piment d&#8217;Espelette &#8211; mit franz\u00f6sischem Chilli<\/h2>\n<p>Genie\u00dfen Sie den unvergleichlichen Geschmack unserer Terrine mit Piment d&#8217;Espelette. Diese feine Terrine ist angereichert mit dem charakteristischen Geschmack von Piment d&#8217;Espelette, einer traditionellen baskischen Chilischote. Die Kombination aus Sch\u00e4rfe und Raffinesse macht diese Terrine zu einem echten Gourmetgenuss.<\/p>\n<p>Piment d&#8217;Espelette hat eine leichte, feine Sch\u00e4rfe, die nicht lange nachwirkt. Diese Chilisorte erreicht zwischen 1500 und 2500 Scoville, d.h. die Anzahl der Capsaicin-Molek\u00fcle pro Schote.<\/p>\n<p>Neben der Terrine mit Piment d&#8217;Espelette haben wir weitere unwiderstehliche Geschmacksrichtungen zur Auswahl. Probieren Sie zum Beispiel den intensiven Geschmack von Wildschwein, die Raffinesse der Terrine mit Reh oder die subtile Mischung von Gefl\u00fcgel mit Armagnac.<\/p>\n<p><em>Jede <a href=\"https:\/\/de.wikipedia.org\/wiki\/Terrine\" target=\"_blank\" rel=\"noopener\">Terrine<\/a> wird sorgf\u00e4ltig nach traditionellen Rezepten zubereitet und bietet ein einzigartiges kulinarisches Erlebnis!<\/em><\/p>\n<p>Unsere Terrinen eignen sich hervorragend f\u00fcr gemeinsame Mahlzeiten in geselliger Runde, aber auch als Appetithappen oder als Teil eines festlichen Buffets. W\u00e4hlen Sie Ihre Lieblingsgeschmacksrichtung und lassen Sie sich von den raffinierten Kreationen von Monsieur Saucisson verw\u00f6hnen.<\/p>\n<\/div>\n<\/div>\n<\/div>\n<\/div>\n<\/div>\n<\/div>\n","protected":false},"excerpt":{"rendered":"<p>Entdecken Sie den unwiderstehlichen Geschmack unserer Terrine mit Piment d&#8217;Espelette. Diese k\u00f6stliche, franz\u00f6sische Terrine ist angereichert mit dem charakteristischen Geschmack von Piment D&#8217;Espelette, einer traditionellen baskischen Chilischote. Die perfekte Kombination aus Sch\u00e4rfe und Raffinesse macht diese Terrine zu einem wahren Genuss f\u00fcr Gourmets.<\/p>\n<p>Am besten schmeckt die Terrine als Aperitifh\u00e4ppchen, als Vorspeise, mit Salat oder zwischendurch als Brotaufstrich &#8211; eine k\u00f6stliche Erg\u00e4nzung in Ihrer K\u00fcche. Probieren Sie auch unsere <a href=\"https:\/\/monsieursaucisson.com\/de\/spanische-pasteten\/\" target=\"_blank\" rel=\"noopener\">Pasteten<\/a> und <a href=\"https:\/\/monsieursaucisson.com\/de\/aufschnitt\/\">Aufschnitte<\/a>!<\/p>\n","protected":false},"featured_media":987,"template":"","meta":{"_acf_changed":false,"iawp_total_views":144,"editor_notices":[]},"product_brand":[],"product_cat":[309,310,311,15],"product_tag":[],"class_list":{"0":"post-1432","1":"product","2":"type-product","3":"status-publish","4":"has-post-thumbnail","6":"product_cat-delikatessen","7":"product_cat-terrinen-und-pasteten","8":"product_cat-terrinen","9":"product_cat-alle-produkte","11":"first","12":"instock","13":"taxable","14":"shipping-taxable","15":"purchasable","16":"product-type-simple"},"acf":[],"_links":{"self":[{"href":"https:\/\/monsieursaucisson.com\/de\/wp-json\/wp\/v2\/product\/1432","targetHints":{"allow":["GET"]}}],"collection":[{"href":"https:\/\/monsieursaucisson.com\/de\/wp-json\/wp\/v2\/product"}],"about":[{"href":"https:\/\/monsieursaucisson.com\/de\/wp-json\/wp\/v2\/types\/product"}],"wp:featuredmedia":[{"embeddable":true,"href":"https:\/\/monsieursaucisson.com\/de\/wp-json\/wp\/v2\/media\/987"}],"wp:attachment":[{"href":"https:\/\/monsieursaucisson.com\/de\/wp-json\/wp\/v2\/media?parent=1432"}],"wp:term":[{"taxonomy":"product_brand","embeddable":true,"href":"https:\/\/monsieursaucisson.com\/de\/wp-json\/wp\/v2\/product_brand?post=1432"},{"taxonomy":"product_cat","embeddable":true,"href":"https:\/\/monsieursaucisson.com\/de\/wp-json\/wp\/v2\/product_cat?post=1432"},{"taxonomy":"product_tag","embeddable":true,"href":"https:\/\/monsieursaucisson.com\/de\/wp-json\/wp\/v2\/product_tag?post=1432"}],"curies":[{"name":"wp","href":"https:\/\/api.w.org\/{rel}","templated":true}]}}