{"id":1430,"date":"2023-05-25T10:29:06","date_gmt":"2023-05-25T08:29:06","guid":{"rendered":"https:\/\/monsieursaucisson.com\/nl\/?post_type=product&#038;p=1430"},"modified":"2026-04-07T19:03:24","modified_gmt":"2026-04-07T17:03:24","slug":"terrine-mit-reh-und-steinpilzen","status":"publish","type":"product","link":"https:\/\/monsieursaucisson.com\/de\/terrine-mit-reh-und-steinpilzen\/","title":{"rendered":"Terrine mit Reh und Steinpilzen"},"content":{"rendered":"<h2>Terrine mit Reh und Steinpilzen &#8211; f\u00fcr Wildliebhaber<\/h2>\n<p>Der Steinpilz z\u00e4hlt zu den edelsten Waldpilzen und wird von Sternek\u00f6chen gesch\u00e4tzt. Die Reh- und Steinpilzterrine ist eine schmackhafte Terrine aus Rehfleisch mit Steinpilzen (Terrine de chevreuil aux c\u00e8pes). Authentisch im Geschmack &#8211; reich an Wildfleisch. Ein wahrer Genuss f\u00fcr Wildliebhaber.<\/p>\n<p>Neben der Terrine mit Reh und Steinpilzen haben wir weitere unwiderstehliche Geschmacksrichtungen zur Auswahl. Probieren Sie zum Beispiel den intensiven Geschmack von Wildschwein, die Raffinesse der Terrine mit Tomaten oder die subtile Mischung von Gefl\u00fcgel mit Armagnac.<\/p>\n<p><em>Jede <a href=\"https:\/\/de.wikipedia.org\/wiki\/Terrine\" target=\"_blank\" rel=\"noopener\">Terrine<\/a> wird sorgf\u00e4ltig nach traditionellen Rezepten zubereitet und bietet ein einzigartiges kulinarisches Erlebnis!<\/em><\/p>\n<p>Unsere Terrinen eignen sich hervorragend f\u00fcr gemeinsame Mahlzeiten in geselliger Runde, aber auch als Appetithappen oder als Teil eines festlichen Buffets.<\/p>\n","protected":false},"excerpt":{"rendered":"<p>Genie\u00dfen Sie die k\u00f6stliche Terrine mit Reh und Steinpilzen von Monsieur Saucisson. Die franz\u00f6sische Terrine verbindet den reichen und erdigen Geschmack von Rehwild mit den intensiven Umami-Noten von Steinpilzen. Die seidige Textur und die perfekte Ausgewogenheit der Aromen machen die Terrine mit Reh und Steinpilzen zu einem wahren Genuss f\u00fcr Feinschmecker.<\/p>\n<p>Am besten schmeckt die Terrine als Aperitifh\u00e4ppchen, als Vorspeise, mit Salat oder zwischendurch als Brotaufstrich &#8211; eine k\u00f6stliche Erg\u00e4nzung in Ihrer K\u00fcche. Probieren Sie auch unsere <a href=\"https:\/\/monsieursaucisson.com\/de\/spanische-pasteten\/\" target=\"_blank\" rel=\"noopener\">Pasteten<\/a> und <a href=\"https:\/\/monsieursaucisson.com\/de\/aufschnitt\/\">Aufschnitte<\/a>!<\/p>\n","protected":false},"featured_media":988,"template":"","meta":{"_acf_changed":false,"iawp_total_views":68,"editor_notices":[]},"product_brand":[],"product_cat":[15,309,311,310],"product_tag":[],"class_list":{"0":"post-1430","1":"product","2":"type-product","3":"status-publish","4":"has-post-thumbnail","6":"product_cat-alle-produkte","7":"product_cat-delikatessen","8":"product_cat-terrinen","9":"product_cat-terrinen-und-pasteten","11":"first","12":"instock","13":"taxable","14":"shipping-taxable","15":"purchasable","16":"product-type-simple"},"acf":[],"_links":{"self":[{"href":"https:\/\/monsieursaucisson.com\/de\/wp-json\/wp\/v2\/product\/1430","targetHints":{"allow":["GET"]}}],"collection":[{"href":"https:\/\/monsieursaucisson.com\/de\/wp-json\/wp\/v2\/product"}],"about":[{"href":"https:\/\/monsieursaucisson.com\/de\/wp-json\/wp\/v2\/types\/product"}],"wp:featuredmedia":[{"embeddable":true,"href":"https:\/\/monsieursaucisson.com\/de\/wp-json\/wp\/v2\/media\/988"}],"wp:attachment":[{"href":"https:\/\/monsieursaucisson.com\/de\/wp-json\/wp\/v2\/media?parent=1430"}],"wp:term":[{"taxonomy":"product_brand","embeddable":true,"href":"https:\/\/monsieursaucisson.com\/de\/wp-json\/wp\/v2\/product_brand?post=1430"},{"taxonomy":"product_cat","embeddable":true,"href":"https:\/\/monsieursaucisson.com\/de\/wp-json\/wp\/v2\/product_cat?post=1430"},{"taxonomy":"product_tag","embeddable":true,"href":"https:\/\/monsieursaucisson.com\/de\/wp-json\/wp\/v2\/product_tag?post=1430"}],"curies":[{"name":"wp","href":"https:\/\/api.w.org\/{rel}","templated":true}]}}