{"id":1428,"date":"2023-05-25T10:15:27","date_gmt":"2023-05-25T08:15:27","guid":{"rendered":"https:\/\/monsieursaucisson.com\/nl\/?post_type=product&#038;p=1428"},"modified":"2026-04-08T12:50:19","modified_gmt":"2026-04-08T10:50:19","slug":"terrine-mit-gefluegel-und-armagnac","status":"publish","type":"product","link":"https:\/\/monsieursaucisson.com\/de\/terrine-mit-gefluegel-und-armagnac\/","title":{"rendered":"Terrine mit Gefl\u00fcgel und Armagnac"},"content":{"rendered":"<h2>Terrine mit Gefl\u00fcgel und Armagnac &#8211; auch bekannt als Leber-Confit<\/h2>\n<p>Genie\u00dfen Sie den k\u00f6stlichen Geschmack unserer Terrine mit Gefl\u00fcgel und Armagnac. Diese raffinierte Delikatesse ist ein wahrer Genuss f\u00fcr Gefl\u00fcgelliebhaber. Sorgf\u00e4ltig zubereitet und reichlich gew\u00fcrzt, verbindet diese Terrine den reichen Geschmack von Gefl\u00fcgel mit der feinen Note von <a href=\"https:\/\/de.wikipedia.org\/wiki\/Armagnac_(Weinbrand)\" target=\"_blank\" rel=\"noopener\">Armagnac<\/a>.<\/p>\n<p>Neben der Terrine mit Gefl\u00fcgel und Armagnac haben wir weitere unwiderstehliche Geschmacksrichtungen zur Auswahl. Probieren Sie zum Beispiel den intensiven Geschmack von Wildschwein, die Raffinesse der Terrine mit Reh oder die subtile Mischung von Perlhuhn und kandierten Zwiebeln.<\/p>\n<p><em>Jede <a href=\"https:\/\/de.wikipedia.org\/wiki\/Terrine\" target=\"_blank\" rel=\"noopener\">Terrine<\/a> wird sorgf\u00e4ltig nach traditionellen Rezepten zubereitet und bietet ein einzigartiges kulinarisches Erlebnis!<\/em><\/p>\n<p>Unsere Terrinen eignen sich hervorragend f\u00fcr gemeinsame Mahlzeiten in geselliger Runde, aber auch als Appetithappen oder als Teil eines festlichen Buffets. W\u00e4hlen Sie Ihren Lieblingsgeschmack und lassen Sie sich von den raffinierten Kreationen des Monsieur Saucisson verw\u00f6hnen.<\/p>\n","protected":false},"excerpt":{"rendered":"<p>Genie\u00dfen Sie den delikaten Geschmack unserer Terrine mit Gefl\u00fcgel und Armagnac &#8211; Confit de foie de volaille a l&#8217;Armagnac. Diese delikate K\u00f6stlichkeit ist ein wahrer Genuss f\u00fcr Gefl\u00fcgelliebhaber. Sorgf\u00e4ltig zubereitet und reichlich gew\u00fcrzt, verbindet diese Terrine den vollen Geschmack von Gefl\u00fcgel mit einer subtilen Note von Armagnac, einem edlen franz\u00f6sischen Brandy.<\/p>\n<p>Am besten schmeckt die Terrine als Aperitifh\u00e4ppchen, als Vorspeise, mit Salat oder zwischendurch als Brotaufstrich &#8211; eine k\u00f6stliche Erg\u00e4nzung in Ihrer K\u00fcche. Probieren Sie auch unsere <a href=\"https:\/\/monsieursaucisson.com\/de\/spanische-pasteten\/\" target=\"_blank\" rel=\"noopener\">Pasteten<\/a> und <a href=\"https:\/\/monsieursaucisson.com\/de\/aufschnitt\/\">Aufschnitte<\/a>!<\/p>\n","protected":false},"featured_media":989,"template":"","meta":{"_acf_changed":false,"iawp_total_views":30,"editor_notices":[]},"product_brand":[],"product_cat":[309,310,311,15],"product_tag":[],"class_list":{"0":"post-1428","1":"product","2":"type-product","3":"status-publish","4":"has-post-thumbnail","6":"product_cat-delikatessen","7":"product_cat-terrinen-und-pasteten","8":"product_cat-terrinen","9":"product_cat-alle-produkte","11":"first","12":"instock","13":"taxable","14":"shipping-taxable","15":"purchasable","16":"product-type-simple"},"acf":[],"_links":{"self":[{"href":"https:\/\/monsieursaucisson.com\/de\/wp-json\/wp\/v2\/product\/1428","targetHints":{"allow":["GET"]}}],"collection":[{"href":"https:\/\/monsieursaucisson.com\/de\/wp-json\/wp\/v2\/product"}],"about":[{"href":"https:\/\/monsieursaucisson.com\/de\/wp-json\/wp\/v2\/types\/product"}],"wp:featuredmedia":[{"embeddable":true,"href":"https:\/\/monsieursaucisson.com\/de\/wp-json\/wp\/v2\/media\/989"}],"wp:attachment":[{"href":"https:\/\/monsieursaucisson.com\/de\/wp-json\/wp\/v2\/media?parent=1428"}],"wp:term":[{"taxonomy":"product_brand","embeddable":true,"href":"https:\/\/monsieursaucisson.com\/de\/wp-json\/wp\/v2\/product_brand?post=1428"},{"taxonomy":"product_cat","embeddable":true,"href":"https:\/\/monsieursaucisson.com\/de\/wp-json\/wp\/v2\/product_cat?post=1428"},{"taxonomy":"product_tag","embeddable":true,"href":"https:\/\/monsieursaucisson.com\/de\/wp-json\/wp\/v2\/product_tag?post=1428"}],"curies":[{"name":"wp","href":"https:\/\/api.w.org\/{rel}","templated":true}]}}