{"id":12995,"date":"2026-05-08T12:03:49","date_gmt":"2026-05-08T10:03:49","guid":{"rendered":"https:\/\/monsieursaucisson.com\/de\/?post_type=product&#038;p=12995"},"modified":"2026-05-08T12:05:12","modified_gmt":"2026-05-08T10:05:12","slug":"spanischer-schafskaese-mit-paprika","status":"publish","type":"product","link":"https:\/\/monsieursaucisson.com\/de\/spanischer-schafskaese-mit-paprika\/","title":{"rendered":"Spanischer Schafsk\u00e4se mit Paprika"},"content":{"rendered":"<p data-start=\"0\" data-end=\"380\">Dieser spanische Schafsk\u00e4se mit Paprika ist eine k\u00f6stliche Kombination aus cremiger Schafsmilch und dem warmen, w\u00fcrzigen Geschmack von Paprika. Der K\u00e4se wird aus vollmundiger Schafsmilch hergestellt, was ihm seinen reichen, milden und leicht nussigen Geschmack verleiht. Die Zugabe von Paprika sorgt f\u00fcr eine charaktervolle und leicht w\u00fcrzige Note, ohne dabei zu dominant zu sein.<\/p>\n<p data-start=\"382\" data-end=\"821\" data-is-last-node=\"\" data-is-only-node=\"\">Dank seiner festen Struktur und seines vollmundigen Geschmacks eignet sich dieser K\u00e4se perfekt f\u00fcr eine K\u00e4se- oder Tapasplatte oder als geschmackvolle Erg\u00e4nzung zu verschiedenen Gerichten. K\u00f6stlich in W\u00fcrfeln zu einem guten Glas Wein, gerieben \u00fcber gegrilltem Gem\u00fcse oder geschmolzen auf frischem Brot. Die feine W\u00fcrze der Paprika harmoniert hervorragend mit mediterranen Aromen wie Oliven, luftgetrocknetem Schinken und ger\u00f6steten N\u00fcssen.<\/p>\n","protected":false},"excerpt":{"rendered":"<p data-start=\"0\" data-end=\"380\">Dieser spanische Schafsk\u00e4se mit Paprika ist eine k\u00f6stliche Kombination aus cremiger Schafsmilch und dem warmen, w\u00fcrzigen Geschmack von Paprika. Der K\u00e4se wird aus vollmundiger Schafsmilch hergestellt, was ihm seinen reichen, milden und leicht nussigen Geschmack verleiht. Die Zugabe von Paprika sorgt f\u00fcr eine charaktervolle und leicht w\u00fcrzige Note, ohne dabei zu dominant zu sein.<\/p>\n<p data-start=\"382\" data-end=\"821\" data-is-last-node=\"\" data-is-only-node=\"\">Dank seiner festen Struktur und seines vollmundigen Geschmacks eignet sich dieser K\u00e4se perfekt f\u00fcr eine K\u00e4se- oder Tapasplatte oder als geschmackvolle Erg\u00e4nzung zu verschiedenen Gerichten. K\u00f6stlich in W\u00fcrfeln zu einem guten Glas Wein, gerieben \u00fcber gegrilltem Gem\u00fcse oder geschmolzen auf frischem Brot. Die feine W\u00fcrze der Paprika harmoniert hervorragend mit mediterranen Aromen wie Oliven, luftgetrocknetem Schinken und ger\u00f6steten N\u00fcssen.<\/p>\n","protected":false},"featured_media":12998,"template":"","meta":{"_acf_changed":false,"iawp_total_views":0,"editor_notices":[]},"product_brand":[],"product_cat":[15,309,318,313],"product_tag":[356],"class_list":{"0":"post-12995","1":"product","2":"type-product","3":"status-publish","4":"has-post-thumbnail","6":"product_cat-alle-produkte","7":"product_cat-delikatessen","8":"product_cat-kaese-aus-spanien","9":"product_cat-tapas","10":"product_tag-borrel-producten","12":"first","13":"instock","14":"taxable","15":"shipping-taxable","16":"purchasable","17":"product-type-simple"},"acf":[],"_links":{"self":[{"href":"https:\/\/monsieursaucisson.com\/de\/wp-json\/wp\/v2\/product\/12995","targetHints":{"allow":["GET"]}}],"collection":[{"href":"https:\/\/monsieursaucisson.com\/de\/wp-json\/wp\/v2\/product"}],"about":[{"href":"https:\/\/monsieursaucisson.com\/de\/wp-json\/wp\/v2\/types\/product"}],"wp:featuredmedia":[{"embeddable":true,"href":"https:\/\/monsieursaucisson.com\/de\/wp-json\/wp\/v2\/media\/12998"}],"wp:attachment":[{"href":"https:\/\/monsieursaucisson.com\/de\/wp-json\/wp\/v2\/media?parent=12995"}],"wp:term":[{"taxonomy":"product_brand","embeddable":true,"href":"https:\/\/monsieursaucisson.com\/de\/wp-json\/wp\/v2\/product_brand?post=12995"},{"taxonomy":"product_cat","embeddable":true,"href":"https:\/\/monsieursaucisson.com\/de\/wp-json\/wp\/v2\/product_cat?post=12995"},{"taxonomy":"product_tag","embeddable":true,"href":"https:\/\/monsieursaucisson.com\/de\/wp-json\/wp\/v2\/product_tag?post=12995"}],"curies":[{"name":"wp","href":"https:\/\/api.w.org\/{rel}","templated":true}]}}