{"id":12994,"date":"2026-05-08T12:06:52","date_gmt":"2026-05-08T10:06:52","guid":{"rendered":"https:\/\/monsieursaucisson.com\/de\/?post_type=product&#038;p=12994"},"modified":"2026-05-08T12:16:13","modified_gmt":"2026-05-08T10:16:13","slug":"spanischer-schafskaese-mit-chili","status":"publish","type":"product","link":"https:\/\/monsieursaucisson.com\/de\/spanischer-schafskaese-mit-chili\/","title":{"rendered":"Spanischer Schafsk\u00e4se mit Chili"},"content":{"rendered":"<p data-start=\"0\" data-end=\"489\">Dieser spanische Schafsk\u00e4se mit Chili ist ein echter Genuss f\u00fcr Liebhaber charaktervoller K\u00e4sesorten mit einer pikanten Note. Der K\u00e4se wird aus reichhaltiger Schafsmilch hergestellt, was ihm einen vollmundigen, cremigen und leicht nussigen Geschmack verleiht. W\u00e4hrend der Reifung entwickelt der K\u00e4se seine feste Struktur und sein ausgepr\u00e4gtes Aroma, w\u00e4hrend die Zugabe von Chilischoten f\u00fcr eine angenehme, warme Sch\u00e4rfe sorgt, die wunderbar mit dem cremigen Charakter des K\u00e4ses harmoniert.<\/p>\n<p data-start=\"491\" data-end=\"999\" data-is-last-node=\"\" data-is-only-node=\"\">Die Kombination aus cremig, w\u00fcrzig und leicht pikant macht diesen K\u00e4se besonders vielseitig. Servieren Sie ihn auf einer reichhaltigen K\u00e4se- oder Tapasplatte mit Oliven und Fuet oder verwenden Sie ihn als geschmackvolle Zutat in warmen Gerichten. Auch gerieben \u00fcber gegrilltem Gem\u00fcse, in Pasta oder geschmolzen auf einem kr\u00e4ftigen Sandwich ist er ein Genuss. Dank seines intensiven Geschmacks passt er hervorragend zu einem guten Glas Rotwein, einem vollmundigen Spezialbier oder einer erfrischenden Sangria.<\/p>\n","protected":false},"excerpt":{"rendered":"<p data-start=\"0\" data-end=\"480\">Dieser spanische Schafsk\u00e4se mit Chili ist ein echter Genuss f\u00fcr Liebhaber charaktervoller K\u00e4sesorten mit einer pikanten Note. Der K\u00e4se wird aus hochwertiger Schafsmilch hergestellt, was ihm seinen vollmundigen, cremigen und leicht nussigen Geschmack verleiht. W\u00e4hrend der Reifung entwickelt der K\u00e4se seine feste Struktur und sein intensives Aroma, w\u00e4hrend die Zugabe von Chili f\u00fcr eine angenehme, warme Sch\u00e4rfe sorgt, die wunderbar mit dem cremigen Charakter des K\u00e4ses harmoniert.<\/p>\n<p data-start=\"482\" data-end=\"997\" data-is-last-node=\"\" data-is-only-node=\"\">Die Kombination aus cremig, w\u00fcrzig und leicht pikant macht diesen K\u00e4se besonders vielseitig. Servieren Sie ihn auf einer reichhaltigen K\u00e4se- oder Tapasplatte mit Oliven und <a href=\"https:\/\/monsieursaucisson.com\/de\/fuet-salami\/\">Fuet<\/a>, oder verwenden Sie ihn als geschmackvolle Zutat in warmen Gerichten. Auch gerieben \u00fcber gegrilltem Gem\u00fcse, in Pasta oder geschmolzen auf einem kr\u00e4ftigen Sandwich ist dieser K\u00e4se ein Genuss. Dank seines intensiven Geschmacks passt er hervorragend zu einem guten Glas Rotwein, einem kr\u00e4ftigen Spezialbier oder einer erfrischenden Sangria.<\/p>\n","protected":false},"featured_media":13001,"template":"","meta":{"_acf_changed":false,"iawp_total_views":0,"editor_notices":[]},"product_brand":[],"product_cat":[15,309,318,313],"product_tag":[356],"class_list":{"0":"post-12994","1":"product","2":"type-product","3":"status-publish","4":"has-post-thumbnail","6":"product_cat-alle-produkte","7":"product_cat-delikatessen","8":"product_cat-kaese-aus-spanien","9":"product_cat-tapas","10":"product_tag-borrel-producten","12":"first","13":"instock","14":"taxable","15":"shipping-taxable","16":"purchasable","17":"product-type-simple"},"acf":[],"_links":{"self":[{"href":"https:\/\/monsieursaucisson.com\/de\/wp-json\/wp\/v2\/product\/12994","targetHints":{"allow":["GET"]}}],"collection":[{"href":"https:\/\/monsieursaucisson.com\/de\/wp-json\/wp\/v2\/product"}],"about":[{"href":"https:\/\/monsieursaucisson.com\/de\/wp-json\/wp\/v2\/types\/product"}],"wp:featuredmedia":[{"embeddable":true,"href":"https:\/\/monsieursaucisson.com\/de\/wp-json\/wp\/v2\/media\/13001"}],"wp:attachment":[{"href":"https:\/\/monsieursaucisson.com\/de\/wp-json\/wp\/v2\/media?parent=12994"}],"wp:term":[{"taxonomy":"product_brand","embeddable":true,"href":"https:\/\/monsieursaucisson.com\/de\/wp-json\/wp\/v2\/product_brand?post=12994"},{"taxonomy":"product_cat","embeddable":true,"href":"https:\/\/monsieursaucisson.com\/de\/wp-json\/wp\/v2\/product_cat?post=12994"},{"taxonomy":"product_tag","embeddable":true,"href":"https:\/\/monsieursaucisson.com\/de\/wp-json\/wp\/v2\/product_tag?post=12994"}],"curies":[{"name":"wp","href":"https:\/\/api.w.org\/{rel}","templated":true}]}}