{"id":12981,"date":"2026-05-08T12:13:59","date_gmt":"2026-05-08T10:13:59","guid":{"rendered":"https:\/\/monsieursaucisson.com\/de\/?post_type=product&#038;p=12981"},"modified":"2026-05-08T12:16:29","modified_gmt":"2026-05-08T10:16:29","slug":"spanischer-schafskaese-mit-schwarzem-knoblauch","status":"publish","type":"product","link":"https:\/\/monsieursaucisson.com\/de\/spanischer-schafskaese-mit-schwarzem-knoblauch\/","title":{"rendered":"Spanischer Schafsk\u00e4se mit schwarzem Knoblauch"},"content":{"rendered":"<p data-start=\"0\" data-end=\"374\">Unser besonderer spanischer Schafsk\u00e4se mit schwarzem Knoblauch: cremig, vollmundig und \u00fcberraschend mild im Geschmack. Der schwarze Knoblauch verleiht diesem K\u00e4se eine feine S\u00fc\u00dfe und einen tiefen Umami-Geschmack, ganz ohne die typische Sch\u00e4rfe von frischem Knoblauch. So entsteht eine einzigartige und raffinierte Kombination, ideal f\u00fcr Liebhaber charaktervoller K\u00e4sesorten.<\/p>\n<p data-start=\"376\" data-end=\"681\" data-is-last-node=\"\" data-is-only-node=\"\">Die feste, aber zugleich geschmeidige Textur macht diesen Schafsk\u00e4se perfekt f\u00fcr eine K\u00e4se- oder Tapasplatte, als Vorspeise oder als geschmackvolle Zutat in verschiedenen Gerichten. Kombinieren Sie ihn mit frischem Brot, N\u00fcssen oder einem guten Glas Rotwein f\u00fcr ein rundes mediterranes Geschmackserlebnis.<\/p>\n","protected":false},"excerpt":{"rendered":"<section class=\"text-token-text-primary w-full focus:outline-none [--shadow-height:45px] has-data-writing-block:pointer-events-none has-data-writing-block:-mt-(--shadow-height) has-data-writing-block:pt-(--shadow-height) [&amp;:has([data-writing-block])&gt;*]:pointer-events-auto [content-visibility:auto] supports-[content-visibility:auto]:[contain-intrinsic-size:auto_100lvh] R6Vx5W_threadScrollVars scroll-mb-[calc(var(--scroll-root-safe-area-inset-bottom,0px)+var(--thread-response-height))] scroll-mt-[calc(var(--header-height)+min(200px,max(70px,20svh)))]\" dir=\"auto\" data-turn-id=\"request-WEB:9f7a0176-a631-48bb-b195-1bddef8b9a3c-5\" data-testid=\"conversation-turn-12\" data-scroll-anchor=\"false\" data-turn=\"assistant\">\n<div class=\"text-base my-auto mx-auto pb-10 [--thread-content-margin:var(--thread-content-margin-xs,calc(var(--spacing)*4))] @w-sm\/main:[--thread-content-margin:var(--thread-content-margin-sm,calc(var(--spacing)*6))] @w-lg\/main:[--thread-content-margin:var(--thread-content-margin-lg,calc(var(--spacing)*16))] px-(--thread-content-margin)\">\n<div class=\"[--thread-content-max-width:40rem] @w-lg\/main:[--thread-content-max-width:48rem] mx-auto max-w-(--thread-content-max-width) flex-1 group\/turn-messages focus-visible:outline-hidden relative flex w-full min-w-0 flex-col agent-turn\">\n<div class=\"flex max-w-full flex-col gap-4 grow\">\n<div class=\"min-h-8 text-message relative flex w-full flex-col items-end gap-2 text-start break-words whitespace-normal outline-none keyboard-focused:focus-ring [.text-message+&amp;]:mt-1\" dir=\"auto\" data-message-author-role=\"assistant\" data-message-id=\"11170074-3212-4b68-9e2b-c75927f728b0\" data-message-model-slug=\"gpt-5-5\" data-turn-start-message=\"true\">\n<div class=\"flex w-full flex-col gap-1 empty:hidden\">\n<div class=\"markdown prose dark:prose-invert wrap-break-word w-full light markdown-new-styling\">\n<p data-start=\"0\" data-end=\"372\">Unser besonderer spanischer Schafsk\u00e4se mit schwarzem Knoblauch: cremig, voll im Geschmack und \u00fcberraschend mild. Der schwarze Knoblauch verleiht diesem K\u00e4se eine subtile S\u00fc\u00dfe und einen tiefen Umami-Geschmack, ohne die Sch\u00e4rfe von gew\u00f6hnlichem Knoblauch. So entsteht eine einzigartige und raffinierte Kombination, die perfekt zu Liebhabern charaktervoller K\u00e4sesorten passt.<\/p>\n<p data-start=\"374\" data-end=\"667\" data-is-last-node=\"\" data-is-only-node=\"\">Die feste und zugleich cremige Struktur macht diesen Schafsk\u00e4se ideal f\u00fcr eine K\u00e4seplatte, zu Tapas oder als geschmackvolle Zutat in verschiedenen Gerichten. Kombinieren Sie den K\u00e4se mit frischem Brot, N\u00fcssen oder einem guten Glas Rotwein f\u00fcr ein vollst\u00e4ndiges mediterranes Geschmackserlebnis.<\/p>\n<\/div>\n<\/div>\n<\/div>\n<\/div>\n<div class=\"z-0 flex min-h-[46px] justify-start\"><\/div>\n<\/div>\n<\/div>\n<\/section>\n<div class=\"pointer-events-none -mt-px h-px translate-y-[calc(var(--scroll-root-safe-area-inset-bottom)-14*var(--spacing))]\" aria-hidden=\"true\"><\/div>\n","protected":false},"featured_media":13003,"template":"","meta":{"_acf_changed":false,"iawp_total_views":0,"editor_notices":[]},"product_brand":[],"product_cat":[15,309,318,313],"product_tag":[356],"class_list":{"0":"post-12981","1":"product","2":"type-product","3":"status-publish","4":"has-post-thumbnail","6":"product_cat-alle-produkte","7":"product_cat-delikatessen","8":"product_cat-kaese-aus-spanien","9":"product_cat-tapas","10":"product_tag-borrel-producten","12":"first","13":"instock","14":"taxable","15":"shipping-taxable","16":"purchasable","17":"product-type-simple"},"acf":[],"_links":{"self":[{"href":"https:\/\/monsieursaucisson.com\/de\/wp-json\/wp\/v2\/product\/12981","targetHints":{"allow":["GET"]}}],"collection":[{"href":"https:\/\/monsieursaucisson.com\/de\/wp-json\/wp\/v2\/product"}],"about":[{"href":"https:\/\/monsieursaucisson.com\/de\/wp-json\/wp\/v2\/types\/product"}],"wp:featuredmedia":[{"embeddable":true,"href":"https:\/\/monsieursaucisson.com\/de\/wp-json\/wp\/v2\/media\/13003"}],"wp:attachment":[{"href":"https:\/\/monsieursaucisson.com\/de\/wp-json\/wp\/v2\/media?parent=12981"}],"wp:term":[{"taxonomy":"product_brand","embeddable":true,"href":"https:\/\/monsieursaucisson.com\/de\/wp-json\/wp\/v2\/product_brand?post=12981"},{"taxonomy":"product_cat","embeddable":true,"href":"https:\/\/monsieursaucisson.com\/de\/wp-json\/wp\/v2\/product_cat?post=12981"},{"taxonomy":"product_tag","embeddable":true,"href":"https:\/\/monsieursaucisson.com\/de\/wp-json\/wp\/v2\/product_tag?post=12981"}],"curies":[{"name":"wp","href":"https:\/\/api.w.org\/{rel}","templated":true}]}}