{"id":12979,"date":"2026-05-08T12:20:50","date_gmt":"2026-05-08T10:20:50","guid":{"rendered":"https:\/\/monsieursaucisson.com\/de\/?post_type=product&#038;p=12979"},"modified":"2026-05-08T12:20:50","modified_gmt":"2026-05-08T10:20:50","slug":"spanischer-schafskaese-mit-schwarzen-oliven","status":"publish","type":"product","link":"https:\/\/monsieursaucisson.com\/de\/spanischer-schafskaese-mit-schwarzen-oliven\/","title":{"rendered":"Spanischer Schafsk\u00e4se mit schwarzen Oliven"},"content":{"rendered":"<p data-start=\"0\" data-end=\"333\">Ein cremiger spanischer Schafsk\u00e4se mit einem vollmundigen, leicht pikanten Geschmack und St\u00fcckchen schwarzer Oliven, die f\u00fcr eine mediterrane Note sorgen. Die Kombination aus reichhaltiger Schafsmilch und herzhaften Oliven macht diesen K\u00e4se perfekt f\u00fcr die K\u00e4seplatte, in Salaten oder als geschmackvolle Erg\u00e4nzung zu Tapas-Gerichten.<\/p>\n<p data-start=\"335\" data-end=\"647\">Der K\u00e4se hat eine feste, aber dennoch geschmeidige Textur und einen charaktervollen Geschmack, der hervorragend mit frischem Brot, N\u00fcssen und einem guten Glas Rotwein harmoniert. Dank der schwarzen Oliven erh\u00e4lt jeder Bissen eine subtile salzige Note, die Liebhaber mediterraner Aromen besonders sch\u00e4tzen werden.<\/p>\n<p data-start=\"649\" data-end=\"753\" data-is-last-node=\"\" data-is-only-node=\"\">Kombinieren Sie unsere k\u00f6stlichen K\u00e4sesorten mit einem Toast mit Rosinen oder mit spanischen <a href=\"https:\/\/monsieursaucisson.com\/de\/marmelade\/\">Marmeladen<\/a>.<\/p>\n","protected":false},"excerpt":{"rendered":"<section class=\"text-token-text-primary w-full focus:outline-none [--shadow-height:45px] has-data-writing-block:pointer-events-none has-data-writing-block:-mt-(--shadow-height) has-data-writing-block:pt-(--shadow-height) [&amp;:has([data-writing-block])&gt;*]:pointer-events-auto R6Vx5W_threadScrollVars scroll-mb-[calc(var(--scroll-root-safe-area-inset-bottom,0px)+var(--thread-response-height))] scroll-mt-(--header-height)\" dir=\"auto\" data-turn-id=\"02cfbdab-4c03-4682-a4a6-5dac9ede36a8\" data-testid=\"conversation-turn-5\" data-scroll-anchor=\"false\" data-turn=\"user\"><\/section>\n<section class=\"text-token-text-primary w-full focus:outline-none [--shadow-height:45px] has-data-writing-block:pointer-events-none has-data-writing-block:-mt-(--shadow-height) has-data-writing-block:pt-(--shadow-height) [&amp;:has([data-writing-block])&gt;*]:pointer-events-auto [content-visibility:auto] supports-[content-visibility:auto]:[contain-intrinsic-size:auto_100lvh] R6Vx5W_threadScrollVars scroll-mb-[calc(var(--scroll-root-safe-area-inset-bottom,0px)+var(--thread-response-height))] scroll-mt-[calc(var(--header-height)+min(200px,max(70px,20svh)))]\" dir=\"auto\" data-turn-id=\"request-WEB:9f7a0176-a631-48bb-b195-1bddef8b9a3c-2\" data-testid=\"conversation-turn-6\" data-scroll-anchor=\"false\" data-turn=\"assistant\">\n<div class=\"text-base my-auto mx-auto pb-10 [--thread-content-margin:var(--thread-content-margin-xs,calc(var(--spacing)*4))] @w-sm\/main:[--thread-content-margin:var(--thread-content-margin-sm,calc(var(--spacing)*6))] @w-lg\/main:[--thread-content-margin:var(--thread-content-margin-lg,calc(var(--spacing)*16))] px-(--thread-content-margin)\">\n<div class=\"[--thread-content-max-width:40rem] @w-lg\/main:[--thread-content-max-width:48rem] mx-auto max-w-(--thread-content-max-width) flex-1 group\/turn-messages focus-visible:outline-hidden relative flex w-full min-w-0 flex-col agent-turn\">\n<div class=\"flex max-w-full flex-col gap-4 grow\">\n<div class=\"min-h-8 text-message relative flex w-full flex-col items-end gap-2 text-start break-words whitespace-normal outline-none keyboard-focused:focus-ring [.text-message+&amp;]:mt-1\" dir=\"auto\" data-message-author-role=\"assistant\" data-message-id=\"55b3f3d7-62c3-4f61-88cc-0a1bbd3bac55\" data-message-model-slug=\"gpt-5-5\" data-turn-start-message=\"true\">\n<div class=\"flex w-full flex-col gap-1 empty:hidden\">\n<div class=\"markdown prose dark:prose-invert wrap-break-word w-full light markdown-new-styling\">\n<p data-start=\"0\" data-end=\"321\">Ein cremiger spanischer Schafsk\u00e4se mit vollem, leicht w\u00fcrzigem Geschmack und St\u00fcckchen schwarzer Oliven, die f\u00fcr eine mediterrane Note sorgen. Die Kombination aus reichhaltiger Schafsmilch und herzhaften Oliven macht diesen K\u00e4se perfekt f\u00fcr eine K\u00e4seplatte, in Salaten oder als geschmackvolle Erg\u00e4nzung zu Tapasgerichten.<\/p>\n<p data-start=\"323\" data-end=\"617\">Der K\u00e4se hat eine feste und zugleich cremige Konsistenz sowie einen charaktervollen Geschmack, der hervorragend zu frischem Brot, N\u00fcssen und einem guten Glas Rotwein passt. Dank der schwarzen Oliven erh\u00e4lt jeder Bissen eine feine salzige Note, die Liebhaber mediterraner Aromen begeistern wird.<\/p>\n<p data-start=\"619\" data-end=\"722\" data-is-last-node=\"\" data-is-only-node=\"\">Kombinieren Sie unsere k\u00f6stlichen K\u00e4sesorten mit einem Rosinentoast oder mit den spanischen Marmeladen.<\/p>\n<\/div>\n<\/div>\n<\/div>\n<\/div>\n<\/div>\n<\/div>\n<\/section>\n","protected":false},"featured_media":13004,"template":"","meta":{"_acf_changed":false,"iawp_total_views":0,"editor_notices":[]},"product_brand":[],"product_cat":[15,309,318,313],"product_tag":[356],"class_list":{"0":"post-12979","1":"product","2":"type-product","3":"status-publish","4":"has-post-thumbnail","6":"product_cat-alle-produkte","7":"product_cat-delikatessen","8":"product_cat-kaese-aus-spanien","9":"product_cat-tapas","10":"product_tag-borrel-producten","12":"first","13":"instock","14":"taxable","15":"shipping-taxable","16":"purchasable","17":"product-type-simple"},"acf":[],"_links":{"self":[{"href":"https:\/\/monsieursaucisson.com\/de\/wp-json\/wp\/v2\/product\/12979","targetHints":{"allow":["GET"]}}],"collection":[{"href":"https:\/\/monsieursaucisson.com\/de\/wp-json\/wp\/v2\/product"}],"about":[{"href":"https:\/\/monsieursaucisson.com\/de\/wp-json\/wp\/v2\/types\/product"}],"wp:featuredmedia":[{"embeddable":true,"href":"https:\/\/monsieursaucisson.com\/de\/wp-json\/wp\/v2\/media\/13004"}],"wp:attachment":[{"href":"https:\/\/monsieursaucisson.com\/de\/wp-json\/wp\/v2\/media?parent=12979"}],"wp:term":[{"taxonomy":"product_brand","embeddable":true,"href":"https:\/\/monsieursaucisson.com\/de\/wp-json\/wp\/v2\/product_brand?post=12979"},{"taxonomy":"product_cat","embeddable":true,"href":"https:\/\/monsieursaucisson.com\/de\/wp-json\/wp\/v2\/product_cat?post=12979"},{"taxonomy":"product_tag","embeddable":true,"href":"https:\/\/monsieursaucisson.com\/de\/wp-json\/wp\/v2\/product_tag?post=12979"}],"curies":[{"name":"wp","href":"https:\/\/api.w.org\/{rel}","templated":true}]}}