{"id":12809,"date":"2026-05-08T12:31:48","date_gmt":"2026-05-08T10:31:48","guid":{"rendered":"https:\/\/monsieursaucisson.com\/de\/?post_type=product&#038;p=12809"},"modified":"2026-05-13T12:20:14","modified_gmt":"2026-05-13T10:20:14","slug":"salami-mit-fenchel","status":"publish","type":"product","link":"https:\/\/monsieursaucisson.com\/de\/salami-mit-fenchel\/","title":{"rendered":"Salami mit Fenchel"},"content":{"rendered":"<h3>Salame al Fennel \u2013 Salami mit Fenchel<\/h3>\n<p>Eine k\u00f6stliche, authentische Salami aus Norditalien, gew\u00fcrzt mit aromatischen Fenchelsamen, die f\u00fcr eine frische, leicht w\u00fcrzige Note sorgen. Ein echter Geheimtipp f\u00fcr Liebhaber der italienischen K\u00fcche und klassischer Aromen.<br \/>\nWir empfehlen, die Au\u00dfenhaut der Salami nicht mitzuessen.<\/p>\n","protected":false},"excerpt":{"rendered":"<p>Eine k\u00f6stliche, authentische Salami aus Norditalien, verfeinert mit aromatischen Fenchelsamen, die f\u00fcr eine frische, leicht w\u00fcrzige Note sorgen. Ein echter Geheimtipp f\u00fcr Liebhaber der italienischen K\u00fcche und klassischer Aromen.<br \/>\nWir empfehlen, die Au\u00dfenhaut der Salami nicht mitzuessen.<\/p>\n","protected":false},"featured_media":13007,"template":"","meta":{"_acf_changed":false,"iawp_total_views":4,"editor_notices":[]},"product_brand":[],"product_cat":[15,338],"product_tag":[],"class_list":{"0":"post-12809","1":"product","2":"type-product","3":"status-publish","4":"has-post-thumbnail","6":"product_cat-alle-produkte","7":"product_cat-italienische-salami","9":"first","10":"instock","11":"taxable","12":"shipping-taxable","13":"purchasable","14":"product-type-simple"},"acf":[],"_links":{"self":[{"href":"https:\/\/monsieursaucisson.com\/de\/wp-json\/wp\/v2\/product\/12809","targetHints":{"allow":["GET"]}}],"collection":[{"href":"https:\/\/monsieursaucisson.com\/de\/wp-json\/wp\/v2\/product"}],"about":[{"href":"https:\/\/monsieursaucisson.com\/de\/wp-json\/wp\/v2\/types\/product"}],"wp:featuredmedia":[{"embeddable":true,"href":"https:\/\/monsieursaucisson.com\/de\/wp-json\/wp\/v2\/media\/13007"}],"wp:attachment":[{"href":"https:\/\/monsieursaucisson.com\/de\/wp-json\/wp\/v2\/media?parent=12809"}],"wp:term":[{"taxonomy":"product_brand","embeddable":true,"href":"https:\/\/monsieursaucisson.com\/de\/wp-json\/wp\/v2\/product_brand?post=12809"},{"taxonomy":"product_cat","embeddable":true,"href":"https:\/\/monsieursaucisson.com\/de\/wp-json\/wp\/v2\/product_cat?post=12809"},{"taxonomy":"product_tag","embeddable":true,"href":"https:\/\/monsieursaucisson.com\/de\/wp-json\/wp\/v2\/product_tag?post=12809"}],"curies":[{"name":"wp","href":"https:\/\/api.w.org\/{rel}","templated":true}]}}