{"id":12750,"date":"2026-05-07T16:33:57","date_gmt":"2026-05-07T14:33:57","guid":{"rendered":"https:\/\/monsieursaucisson.com\/de\/?post_type=product&#038;p=12750"},"modified":"2026-05-16T16:01:17","modified_gmt":"2026-05-16T14:01:17","slug":"snack-salami-piment-despelette","status":"publish","type":"product","link":"https:\/\/monsieursaucisson.com\/de\/snack-salami-piment-despelette\/","title":{"rendered":"Snack-Salami Piment d\u2019Espelette"},"content":{"rendered":"<p data-start=\"0\" data-end=\"428\">Eine Spitzt\u00fcte Pommes? \u00c4hm nein, eine Spitzt\u00fcte franz\u00f6sischer Snackw\u00fcrstchen mit Piment d\u2019Espelette! Die kleinen trockenen W\u00fcrstchen sind sch\u00f6n trocken und lassen sich ganz einfach im Ganzen genie\u00dfen. Diese neueste Geschmacksrichtung ist angenehm mild pikant. Perfekt f\u00fcr den Park mit einem leckeren Bier dazu. Die Snackw\u00fcrstchen von <span class=\"hover:entity-accent entity-underline inline cursor-pointer align-baseline\"><span class=\"whitespace-normal\">Monsieur Saucisson<\/span><\/span> sind in 9 verschiedenen Geschmacksrichtungen erh\u00e4ltlich:<\/p>\n<ul data-start=\"430\" data-end=\"791\" data-is-last-node=\"\" data-is-only-node=\"\">\n<li data-section-id=\"d1n57e\" data-start=\"430\" data-end=\"460\">Franz\u00f6sische W\u00fcrstchen Natur<\/li>\n<li data-section-id=\"116meto\" data-start=\"461\" data-end=\"493\">Franz\u00f6sische W\u00fcrstchen Chorizo<\/li>\n<li data-section-id=\"59nxaf\" data-start=\"494\" data-end=\"526\">Franz\u00f6sische W\u00fcrstchen Walnuss<\/li>\n<li data-section-id=\"10ks1pc\" data-start=\"527\" data-end=\"572\">Franz\u00f6sische W\u00fcrstchen mit Parmesan (au\u00dfen)<\/li>\n<li data-section-id=\"1vaisdv\" data-start=\"573\" data-end=\"617\">Franz\u00f6sische W\u00fcrstchen mit Pfeffer (au\u00dfen)<\/li>\n<li data-section-id=\"zzf260\" data-start=\"618\" data-end=\"660\">Franz\u00f6sische W\u00fcrstchen mit Curry (au\u00dfen)<\/li>\n<li data-section-id=\"asxifw\" data-start=\"661\" data-end=\"700\">Franz\u00f6sische W\u00fcrstchen Schwarze Olive<\/li>\n<li data-section-id=\"xfksa3\" data-start=\"701\" data-end=\"747\">Franz\u00f6sische W\u00fcrstchen mit schwarzem Tr\u00fcffel<\/li>\n<li data-section-id=\"1mo8c9r\" data-start=\"748\" data-end=\"791\" data-is-last-node=\"\">Franz\u00f6sische W\u00fcrstchen Piment d\u2019Espelette<\/li>\n<\/ul>\n","protected":false},"excerpt":{"rendered":"<p>Eine Papiert\u00fcte Pommes? \u00c4hm nein \u2013 eine Papiert\u00fcte Piment d\u2019Espelette! Die kleinen, trockenen W\u00fcrstchen sind sch\u00f6n trocken und lassen sich einfach im Ganzen essen. Diese neueste Geschmacksrichtung ist angenehm mild pikant. Die W\u00fcrstchen sind in einer Papiert\u00fcte von etwa 125 Gramm oder als Beutel von 500 Gramm erh\u00e4ltlich. Perfekt f\u00fcr Partys.<\/p>\n","protected":false},"featured_media":13009,"template":"","meta":{"_acf_changed":false,"iawp_total_views":11,"editor_notices":[]},"product_brand":[],"product_cat":[15,84],"product_tag":[],"class_list":{"0":"post-12750","1":"product","2":"type-product","3":"status-publish","4":"has-post-thumbnail","6":"product_cat-alle-produkte","7":"product_cat-salami-snacks","9":"first","10":"instock","11":"sale","12":"taxable","13":"shipping-taxable","14":"purchasable","15":"product-type-variable","16":"has-default-attributes"},"acf":[],"_links":{"self":[{"href":"https:\/\/monsieursaucisson.com\/de\/wp-json\/wp\/v2\/product\/12750","targetHints":{"allow":["GET"]}}],"collection":[{"href":"https:\/\/monsieursaucisson.com\/de\/wp-json\/wp\/v2\/product"}],"about":[{"href":"https:\/\/monsieursaucisson.com\/de\/wp-json\/wp\/v2\/types\/product"}],"wp:featuredmedia":[{"embeddable":true,"href":"https:\/\/monsieursaucisson.com\/de\/wp-json\/wp\/v2\/media\/13009"}],"wp:attachment":[{"href":"https:\/\/monsieursaucisson.com\/de\/wp-json\/wp\/v2\/media?parent=12750"}],"wp:term":[{"taxonomy":"product_brand","embeddable":true,"href":"https:\/\/monsieursaucisson.com\/de\/wp-json\/wp\/v2\/product_brand?post=12750"},{"taxonomy":"product_cat","embeddable":true,"href":"https:\/\/monsieursaucisson.com\/de\/wp-json\/wp\/v2\/product_cat?post=12750"},{"taxonomy":"product_tag","embeddable":true,"href":"https:\/\/monsieursaucisson.com\/de\/wp-json\/wp\/v2\/product_tag?post=12750"}],"curies":[{"name":"wp","href":"https:\/\/api.w.org\/{rel}","templated":true}]}}