{"id":12746,"date":"2026-05-08T12:33:40","date_gmt":"2026-05-08T10:33:40","guid":{"rendered":"https:\/\/monsieursaucisson.com\/de\/?post_type=product&#038;p=12746"},"modified":"2026-05-12T15:10:46","modified_gmt":"2026-05-12T13:10:46","slug":"trockensalami-mit-cashewnuessen","status":"publish","type":"product","link":"https:\/\/monsieursaucisson.com\/de\/trockensalami-mit-cashewnuessen\/","title":{"rendered":"Trockensalami mit Cashewn\u00fcssen"},"content":{"rendered":"<h3>Trockensalami mit ger\u00f6steten Cashewn\u00fcssen \u2013 Saucisson sec aux noix de cajou grill\u00e9es<\/h3>\n<p>Franz\u00f6sische Trockensalami aus Schweinefleisch, verfeinert mit St\u00fcckchen ger\u00f6steter Cashewn\u00fcsse. Die Cashewn\u00fcsse verleihen der Wurst einen milden, leicht nussigen Geschmack und eine subtile Knusprigkeit \u2013 f\u00fcr eine raffinierte, \u00fcberraschende Variante.<\/p>\n","protected":false},"excerpt":{"rendered":"<h3>Trockensalami mit ger\u00f6steten Cashewn\u00fcssen \u2013 Saucisson sec aux noix de cajou grill\u00e9es<\/h3>\n<p>Franz\u00f6sische Trockensalami aus Schweinefleisch, verfeinert mit St\u00fcckchen ger\u00f6steter Cashewn\u00fcsse. Die Cashewn\u00fcsse verleihen der Wurst einen milden, leicht nussigen Geschmack und eine subtile Knusprigkeit \u2013 f\u00fcr eine raffinierte, \u00fcberraschende Variante.<\/p>\n","protected":false},"featured_media":13084,"template":"","meta":{"_acf_changed":false,"iawp_total_views":1,"editor_notices":[]},"product_brand":[],"product_cat":[15],"product_tag":[],"class_list":{"0":"post-12746","1":"product","2":"type-product","3":"status-publish","4":"has-post-thumbnail","6":"product_cat-alle-produkte","8":"first","9":"instock","10":"taxable","11":"shipping-taxable","12":"purchasable","13":"product-type-simple"},"acf":[],"_links":{"self":[{"href":"https:\/\/monsieursaucisson.com\/de\/wp-json\/wp\/v2\/product\/12746","targetHints":{"allow":["GET"]}}],"collection":[{"href":"https:\/\/monsieursaucisson.com\/de\/wp-json\/wp\/v2\/product"}],"about":[{"href":"https:\/\/monsieursaucisson.com\/de\/wp-json\/wp\/v2\/types\/product"}],"wp:featuredmedia":[{"embeddable":true,"href":"https:\/\/monsieursaucisson.com\/de\/wp-json\/wp\/v2\/media\/13084"}],"wp:attachment":[{"href":"https:\/\/monsieursaucisson.com\/de\/wp-json\/wp\/v2\/media?parent=12746"}],"wp:term":[{"taxonomy":"product_brand","embeddable":true,"href":"https:\/\/monsieursaucisson.com\/de\/wp-json\/wp\/v2\/product_brand?post=12746"},{"taxonomy":"product_cat","embeddable":true,"href":"https:\/\/monsieursaucisson.com\/de\/wp-json\/wp\/v2\/product_cat?post=12746"},{"taxonomy":"product_tag","embeddable":true,"href":"https:\/\/monsieursaucisson.com\/de\/wp-json\/wp\/v2\/product_tag?post=12746"}],"curies":[{"name":"wp","href":"https:\/\/api.w.org\/{rel}","templated":true}]}}