{"id":12744,"date":"2026-05-08T12:33:19","date_gmt":"2026-05-08T10:33:19","guid":{"rendered":"https:\/\/monsieursaucisson.com\/de\/?post_type=product&#038;p=12744"},"modified":"2026-05-12T11:48:43","modified_gmt":"2026-05-12T09:48:43","slug":"trocken-salami-bbq","status":"publish","type":"product","link":"https:\/\/monsieursaucisson.com\/de\/trocken-salami-bbq\/","title":{"rendered":"Trocken Salami BBQ"},"content":{"rendered":"<h3>Saucisson sec Barbecue \u2013 Trockensalami BBQ<\/h3>\n<p>Trockensalami mit BBQ-Gew\u00fcrzen. Diese franz\u00f6sische Trockensalami hat einen warmen, w\u00fcrzigen Geschmack mit einer leicht rauchigen Note. Die Herzhaftigkeit der Salami bildet die Grundlage, w\u00e4hrend die BBQ-Gew\u00fcrze f\u00fcr eine vollmundige, leicht pikante und aromatische Note mit einem runden Abgang sorgen.<\/p>\n","protected":false},"excerpt":{"rendered":"<p>Trockensalami mit BBQ-Gew\u00fcrzen. Diese franz\u00f6sische Trockenwurst hat einen warmen, w\u00fcrzigen Geschmack mit einer leicht rauchigen Note. Die Herzhaftigkeit der Wurst bildet die Grundlage, w\u00e4hrend die BBQ-Gew\u00fcrze f\u00fcr eine vollmundige, leicht pikante und aromatische Note mit einem runden Abgang sorgen.<\/p>\n","protected":false},"featured_media":13081,"template":"","meta":{"_acf_changed":false,"iawp_total_views":3,"editor_notices":[]},"product_brand":[],"product_cat":[15,82,81,85],"product_tag":[],"class_list":{"0":"post-12744","1":"product","2":"type-product","3":"status-publish","4":"has-post-thumbnail","6":"product_cat-alle-produkte","7":"product_cat-franzoesische-salami","8":"product_cat-luftgetrocknete-salami","9":"product_cat-saucisson-sec-franzosische-salami","11":"first","12":"instock","13":"taxable","14":"shipping-taxable","15":"purchasable","16":"product-type-simple"},"acf":[],"_links":{"self":[{"href":"https:\/\/monsieursaucisson.com\/de\/wp-json\/wp\/v2\/product\/12744","targetHints":{"allow":["GET"]}}],"collection":[{"href":"https:\/\/monsieursaucisson.com\/de\/wp-json\/wp\/v2\/product"}],"about":[{"href":"https:\/\/monsieursaucisson.com\/de\/wp-json\/wp\/v2\/types\/product"}],"wp:featuredmedia":[{"embeddable":true,"href":"https:\/\/monsieursaucisson.com\/de\/wp-json\/wp\/v2\/media\/13081"}],"wp:attachment":[{"href":"https:\/\/monsieursaucisson.com\/de\/wp-json\/wp\/v2\/media?parent=12744"}],"wp:term":[{"taxonomy":"product_brand","embeddable":true,"href":"https:\/\/monsieursaucisson.com\/de\/wp-json\/wp\/v2\/product_brand?post=12744"},{"taxonomy":"product_cat","embeddable":true,"href":"https:\/\/monsieursaucisson.com\/de\/wp-json\/wp\/v2\/product_cat?post=12744"},{"taxonomy":"product_tag","embeddable":true,"href":"https:\/\/monsieursaucisson.com\/de\/wp-json\/wp\/v2\/product_tag?post=12744"}],"curies":[{"name":"wp","href":"https:\/\/api.w.org\/{rel}","templated":true}]}}