{"id":12644,"date":"2026-04-17T11:30:47","date_gmt":"2026-04-17T09:30:47","guid":{"rendered":"https:\/\/monsieursaucisson.com\/de\/trockene-wurst-mit-kastanien-walnuessen-und-feigen\/"},"modified":"2026-04-21T14:15:00","modified_gmt":"2026-04-21T12:15:00","slug":"trockene-wurst-mit-kastanien-walnuessen-und-feigen","status":"publish","type":"product","link":"https:\/\/monsieursaucisson.com\/de\/trockene-wurst-mit-kastanien-walnuessen-und-feigen\/","title":{"rendered":"Trockene Salami mit Kastanien, Waln\u00fcssen und Feigen"},"content":{"rendered":"<h2 data-start=\"12\" data-end=\"109\">Saucisson sec aux Ch\u00e2taignes, Figues et Noix \u2013 Trockene Wurst mit Kastanien, Feigen und Waln\u00fcssen<\/h2>\n<p data-start=\"111\" data-end=\"465\" data-is-last-node=\"\" data-is-only-node=\"\">Trockene Wurst mit Kastanien, Feigen und Waln\u00fcssen. Diese trockene franz\u00f6sische Wurst hat einen reichen, leicht s\u00fc\u00dflichen Geschmack durch die Kastanien und Feigen, der sch\u00f6n mit den erdigen, nussigen Noten der Waln\u00fcsse harmoniert. Die herzhafte Basis der Wurst sorgt f\u00fcr Tiefe, w\u00e4hrend die fruchtigen Akzente einen weichen, raffinierten Abgang verleihen.<\/p>\n","protected":false},"excerpt":{"rendered":"<h2 data-start=\"12\" data-end=\"109\">Saucisson sec aux Ch\u00e2taignes, Figues et Noix \u2013 Trockene Wurst mit Kastanien, Feigen und Waln\u00fcssen<\/h2>\n<p data-start=\"111\" data-end=\"465\" data-is-last-node=\"\" data-is-only-node=\"\">Trockene Wurst mit Kastanien, Feigen und Waln\u00fcssen. Diese trockene franz\u00f6sische Wurst hat einen reichen, leicht s\u00fc\u00dflichen Geschmack durch die Kastanien und Feigen, der sch\u00f6n mit den erdigen, nussigen Noten der Waln\u00fcsse harmoniert. Die herzhafte Basis der Wurst sorgt f\u00fcr Tiefe, w\u00e4hrend die fruchtigen Akzente einen weichen, raffinierten Abgang verleihen.<\/p>\n","protected":false},"featured_media":0,"template":"","meta":{"_acf_changed":false,"iawp_total_views":0,"editor_notices":[]},"product_brand":[],"product_cat":[15],"product_tag":[],"class_list":{"0":"post-12644","1":"product","2":"type-product","3":"status-publish","5":"product_cat-alle-produkte","7":"first","8":"instock","9":"taxable","10":"shipping-taxable","11":"purchasable","12":"product-type-simple"},"acf":[],"_links":{"self":[{"href":"https:\/\/monsieursaucisson.com\/de\/wp-json\/wp\/v2\/product\/12644","targetHints":{"allow":["GET"]}}],"collection":[{"href":"https:\/\/monsieursaucisson.com\/de\/wp-json\/wp\/v2\/product"}],"about":[{"href":"https:\/\/monsieursaucisson.com\/de\/wp-json\/wp\/v2\/types\/product"}],"wp:attachment":[{"href":"https:\/\/monsieursaucisson.com\/de\/wp-json\/wp\/v2\/media?parent=12644"}],"wp:term":[{"taxonomy":"product_brand","embeddable":true,"href":"https:\/\/monsieursaucisson.com\/de\/wp-json\/wp\/v2\/product_brand?post=12644"},{"taxonomy":"product_cat","embeddable":true,"href":"https:\/\/monsieursaucisson.com\/de\/wp-json\/wp\/v2\/product_cat?post=12644"},{"taxonomy":"product_tag","embeddable":true,"href":"https:\/\/monsieursaucisson.com\/de\/wp-json\/wp\/v2\/product_tag?post=12644"}],"curies":[{"name":"wp","href":"https:\/\/api.w.org\/{rel}","templated":true}]}}