{"id":12639,"date":"2026-04-16T13:24:54","date_gmt":"2026-04-16T11:24:54","guid":{"rendered":"https:\/\/monsieursaucisson.com\/de\/apfel-calvados-salami\/"},"modified":"2026-04-23T11:48:41","modified_gmt":"2026-04-23T09:48:41","slug":"apfel-calvados-salami","status":"publish","type":"product","link":"https:\/\/monsieursaucisson.com\/de\/apfel-calvados-salami\/","title":{"rendered":"Franz\u00f6sische Salami Apfel Calvados"},"content":{"rendered":"","protected":false},"excerpt":{"rendered":"<p data-start=\"0\" data-end=\"72\">Saucisson sec Calvados \u2013 Apfel \u2013 Trockene Wurst mit Calvados und Apfel<\/p>\n<p data-start=\"74\" data-end=\"269\" data-is-last-node=\"\" data-is-only-node=\"\">Trockene Wurst mit Calvados und Apfel. Diese getrocknete Wurst hat einen k\u00f6stlichen s\u00fc\u00df-s\u00e4uerlichen Apfelgeschmack. Um dem Geschmack mehr Tiefe zu verleihen, wurde ein Hauch Calvados hinzugef\u00fcgt.<\/p>\n","protected":false},"featured_media":1002,"template":"","meta":{"_acf_changed":false,"iawp_total_views":2,"editor_notices":[]},"product_brand":[],"product_cat":[82,81,85],"product_tag":[],"class_list":{"0":"post-12639","1":"product","2":"type-product","3":"status-publish","4":"has-post-thumbnail","6":"product_cat-franzoesische-salami","7":"product_cat-luftgetrocknete-salami","8":"product_cat-saucisson-sec-franzosische-salami","10":"first","11":"instock","12":"taxable","13":"shipping-taxable","14":"purchasable","15":"product-type-simple"},"acf":[],"_links":{"self":[{"href":"https:\/\/monsieursaucisson.com\/de\/wp-json\/wp\/v2\/product\/12639","targetHints":{"allow":["GET"]}}],"collection":[{"href":"https:\/\/monsieursaucisson.com\/de\/wp-json\/wp\/v2\/product"}],"about":[{"href":"https:\/\/monsieursaucisson.com\/de\/wp-json\/wp\/v2\/types\/product"}],"wp:featuredmedia":[{"embeddable":true,"href":"https:\/\/monsieursaucisson.com\/de\/wp-json\/wp\/v2\/media\/1002"}],"wp:attachment":[{"href":"https:\/\/monsieursaucisson.com\/de\/wp-json\/wp\/v2\/media?parent=12639"}],"wp:term":[{"taxonomy":"product_brand","embeddable":true,"href":"https:\/\/monsieursaucisson.com\/de\/wp-json\/wp\/v2\/product_brand?post=12639"},{"taxonomy":"product_cat","embeddable":true,"href":"https:\/\/monsieursaucisson.com\/de\/wp-json\/wp\/v2\/product_cat?post=12639"},{"taxonomy":"product_tag","embeddable":true,"href":"https:\/\/monsieursaucisson.com\/de\/wp-json\/wp\/v2\/product_tag?post=12639"}],"curies":[{"name":"wp","href":"https:\/\/api.w.org\/{rel}","templated":true}]}}