{"id":12065,"date":"2026-02-20T11:10:27","date_gmt":"2026-02-20T10:10:27","guid":{"rendered":"https:\/\/monsieursaucisson.com\/de\/marmelade-mit-jasmin\/"},"modified":"2026-02-25T10:52:01","modified_gmt":"2026-02-25T09:52:01","slug":"marmelade-mit-jasmin","status":"publish","type":"product","link":"https:\/\/monsieursaucisson.com\/de\/marmelade-mit-jasmin\/","title":{"rendered":"Marmelade mit Jasmin"},"content":{"rendered":"<article class=\"text-token-text-primary w-full focus:outline-none [--shadow-height:45px] has-data-writing-block:pointer-events-none has-data-writing-block:-mt-(--shadow-height) has-data-writing-block:pt-(--shadow-height) [&amp;:has([data-writing-block])&gt;*]:pointer-events-auto scroll-mt-(--header-height)\" dir=\"auto\" data-turn-id=\"28c7092b-e3f1-4fe2-99c6-f8c5c5086355\" data-testid=\"conversation-turn-47\" data-scroll-anchor=\"false\" data-turn=\"user\"><\/article>\n<article class=\"text-token-text-primary w-full focus:outline-none [--shadow-height:45px] has-data-writing-block:pointer-events-none has-data-writing-block:-mt-(--shadow-height) has-data-writing-block:pt-(--shadow-height) [&amp;:has([data-writing-block])&gt;*]:pointer-events-auto scroll-mt-[calc(var(--header-height)+min(200px,max(70px,20svh)))]\" dir=\"auto\" data-turn-id=\"request-WEB:f2afd76e-871d-4ba1-b06a-906bbf0d1642-23\" data-testid=\"conversation-turn-48\" data-scroll-anchor=\"true\" data-turn=\"assistant\">\n<div class=\"text-base my-auto mx-auto pb-10 [--thread-content-margin:--spacing(4)] @w-sm\/main:[--thread-content-margin:--spacing(6)] @w-lg\/main:[--thread-content-margin:--spacing(16)] px-(--thread-content-margin)\">\n<div class=\"[--thread-content-max-width:40rem] @w-lg\/main:[--thread-content-max-width:48rem] mx-auto max-w-(--thread-content-max-width) flex-1 group\/turn-messages focus-visible:outline-hidden relative flex w-full min-w-0 flex-col agent-turn\">\n<div class=\"flex max-w-full flex-col grow\">\n<div class=\"min-h-8 text-message relative flex w-full flex-col items-end gap-2 text-start break-words whitespace-normal [.text-message+&amp;]:mt-1\" dir=\"auto\" data-message-author-role=\"assistant\" data-message-id=\"47bdcc53-c19b-4c0e-a854-b77a4a44bc79\" data-message-model-slug=\"gpt-5-mini\">\n<div class=\"flex w-full flex-col gap-1 empty:hidden first:pt-[1px]\">\n<div class=\"markdown prose dark:prose-invert w-full wrap-break-word light markdown-new-styling\">\n<h1 data-start=\"0\" data-end=\"22\"><strong data-start=\"0\" data-end=\"20\">Jasmin-Marmelade<\/strong><\/h1>\n<p data-start=\"24\" data-end=\"316\">Bringe eine subtile blumige Eleganz auf den Tisch mit unserer spanischen Jasmin-Marmelade. Handwerklich aus reifen Fr\u00fcchten hergestellt und mit dem zarten Duft und Geschmack von Jasminbl\u00fcten verfeinert, bietet diese Marmelade eine einzigartige Kombination aus S\u00fc\u00dfe und aromatischer Frische.<\/p>\n<p data-start=\"318\" data-end=\"588\" data-is-last-node=\"\" data-is-only-node=\"\">Die weiche, gl\u00e4nzende Textur und das feine Aroma machen sie zur perfekten Erg\u00e4nzung f\u00fcr Fr\u00fchst\u00fcck, Brunch oder eine luxuri\u00f6se K\u00e4se- und Tapasplatte. Jeder L\u00f6ffel ist eine Harmonie aus fruchtigen Noten und dezenten blumigen Nuancen, inspiriert von der mediterranen Natur.<\/p>\n<\/div>\n<\/div>\n<\/div>\n<\/div>\n<\/div>\n<\/div>\n<\/article>\n","protected":false},"excerpt":{"rendered":"<article class=\"text-token-text-primary w-full focus:outline-none [--shadow-height:45px] has-data-writing-block:pointer-events-none has-data-writing-block:-mt-(--shadow-height) has-data-writing-block:pt-(--shadow-height) [&amp;:has([data-writing-block])&gt;*]:pointer-events-auto scroll-mt-(--header-height)\" dir=\"auto\" data-turn-id=\"28c7092b-e3f1-4fe2-99c6-f8c5c5086355\" data-testid=\"conversation-turn-47\" data-scroll-anchor=\"false\" data-turn=\"user\"><\/article>\n<article class=\"text-token-text-primary w-full focus:outline-none [--shadow-height:45px] has-data-writing-block:pointer-events-none has-data-writing-block:-mt-(--shadow-height) has-data-writing-block:pt-(--shadow-height) [&amp;:has([data-writing-block])&gt;*]:pointer-events-auto scroll-mt-[calc(var(--header-height)+min(200px,max(70px,20svh)))]\" dir=\"auto\" data-turn-id=\"request-WEB:f2afd76e-871d-4ba1-b06a-906bbf0d1642-23\" data-testid=\"conversation-turn-48\" data-scroll-anchor=\"true\" data-turn=\"assistant\">\n<div class=\"text-base my-auto mx-auto pb-10 [--thread-content-margin:--spacing(4)] @w-sm\/main:[--thread-content-margin:--spacing(6)] @w-lg\/main:[--thread-content-margin:--spacing(16)] px-(--thread-content-margin)\">\n<div class=\"[--thread-content-max-width:40rem] @w-lg\/main:[--thread-content-max-width:48rem] mx-auto max-w-(--thread-content-max-width) flex-1 group\/turn-messages focus-visible:outline-hidden relative flex w-full min-w-0 flex-col agent-turn\">\n<div class=\"flex max-w-full flex-col grow\">\n<div class=\"min-h-8 text-message relative flex w-full flex-col items-end gap-2 text-start break-words whitespace-normal [.text-message+&amp;]:mt-1\" dir=\"auto\" data-message-author-role=\"assistant\" data-message-id=\"47bdcc53-c19b-4c0e-a854-b77a4a44bc79\" data-message-model-slug=\"gpt-5-mini\">\n<div class=\"flex w-full flex-col gap-1 empty:hidden first:pt-[1px]\">\n<div class=\"markdown prose dark:prose-invert w-full wrap-break-word light markdown-new-styling\">\n<h1 data-start=\"0\" data-end=\"22\"><strong data-start=\"0\" data-end=\"20\">Jasmin-Marmelade<\/strong><\/h1>\n<p data-start=\"24\" data-end=\"316\">Bringe eine subtile blumige Eleganz auf den Tisch mit unserer spanischen Jasmin-Marmelade. Handwerklich aus reifen Fr\u00fcchten hergestellt und mit dem zarten Duft und Geschmack von Jasminbl\u00fcten verfeinert, bietet diese Marmelade eine einzigartige Kombination aus S\u00fc\u00dfe und aromatischer Frische.<\/p>\n<p data-start=\"318\" data-end=\"588\" data-is-last-node=\"\" data-is-only-node=\"\">Die weiche, gl\u00e4nzende Textur und das feine Aroma machen sie zur perfekten Erg\u00e4nzung f\u00fcr Fr\u00fchst\u00fcck, Brunch oder eine luxuri\u00f6se K\u00e4se- und Tapasplatte. Jeder L\u00f6ffel ist eine Harmonie aus fruchtigen Noten und dezenten blumigen Nuancen, inspiriert von der mediterranen Natur.<\/p>\n<\/div>\n<\/div>\n<\/div>\n<\/div>\n<\/div>\n<\/div>\n<\/article>\n","protected":false},"featured_media":12066,"template":"","meta":{"_acf_changed":false,"iawp_total_views":6,"editor_notices":[]},"product_brand":[],"product_cat":[353],"product_tag":[],"class_list":{"0":"post-12065","1":"product","2":"type-product","3":"status-publish","4":"has-post-thumbnail","6":"product_cat-marmelade","8":"first","9":"instock","10":"taxable","11":"shipping-taxable","12":"purchasable","13":"product-type-simple"},"acf":[],"_links":{"self":[{"href":"https:\/\/monsieursaucisson.com\/de\/wp-json\/wp\/v2\/product\/12065","targetHints":{"allow":["GET"]}}],"collection":[{"href":"https:\/\/monsieursaucisson.com\/de\/wp-json\/wp\/v2\/product"}],"about":[{"href":"https:\/\/monsieursaucisson.com\/de\/wp-json\/wp\/v2\/types\/product"}],"wp:featuredmedia":[{"embeddable":true,"href":"https:\/\/monsieursaucisson.com\/de\/wp-json\/wp\/v2\/media\/12066"}],"wp:attachment":[{"href":"https:\/\/monsieursaucisson.com\/de\/wp-json\/wp\/v2\/media?parent=12065"}],"wp:term":[{"taxonomy":"product_brand","embeddable":true,"href":"https:\/\/monsieursaucisson.com\/de\/wp-json\/wp\/v2\/product_brand?post=12065"},{"taxonomy":"product_cat","embeddable":true,"href":"https:\/\/monsieursaucisson.com\/de\/wp-json\/wp\/v2\/product_cat?post=12065"},{"taxonomy":"product_tag","embeddable":true,"href":"https:\/\/monsieursaucisson.com\/de\/wp-json\/wp\/v2\/product_tag?post=12065"}],"curies":[{"name":"wp","href":"https:\/\/api.w.org\/{rel}","templated":true}]}}