{"id":12062,"date":"2026-02-20T10:59:11","date_gmt":"2026-02-20T09:59:11","guid":{"rendered":"https:\/\/monsieursaucisson.com\/de\/marmelade-mit-roter-paprika\/"},"modified":"2026-02-25T11:01:48","modified_gmt":"2026-02-25T10:01:48","slug":"marmelade-mit-roter-paprika","status":"publish","type":"product","link":"https:\/\/monsieursaucisson.com\/de\/marmelade-mit-roter-paprika\/","title":{"rendered":"Marmelade mit roter Paprika"},"content":{"rendered":"<div class=\"flex flex-col text-sm pb-25\">\n<article class=\"text-token-text-primary w-full focus:outline-none [--shadow-height:45px] has-data-writing-block:pointer-events-none has-data-writing-block:-mt-(--shadow-height) has-data-writing-block:pt-(--shadow-height) [&amp;:has([data-writing-block])&gt;*]:pointer-events-auto scroll-mt-[calc(var(--header-height)+min(200px,max(70px,20svh)))]\" dir=\"auto\" data-turn-id=\"request-WEB:f2afd76e-871d-4ba1-b06a-906bbf0d1642-21\" data-testid=\"conversation-turn-44\" data-scroll-anchor=\"true\" data-turn=\"assistant\">\n<div class=\"text-base my-auto mx-auto pb-10 [--thread-content-margin:--spacing(4)] @w-sm\/main:[--thread-content-margin:--spacing(6)] @w-lg\/main:[--thread-content-margin:--spacing(16)] px-(--thread-content-margin)\">\n<div class=\"[--thread-content-max-width:40rem] @w-lg\/main:[--thread-content-max-width:48rem] mx-auto max-w-(--thread-content-max-width) flex-1 group\/turn-messages focus-visible:outline-hidden relative flex w-full min-w-0 flex-col agent-turn\">\n<div class=\"flex max-w-full flex-col grow\">\n<div class=\"min-h-8 text-message relative flex w-full flex-col items-end gap-2 text-start break-words whitespace-normal [.text-message+&amp;]:mt-1\" dir=\"auto\" data-message-author-role=\"assistant\" data-message-id=\"6d3a847a-7459-4de9-8fba-340136b1bf6f\" data-message-model-slug=\"gpt-5-mini\">\n<div class=\"flex w-full flex-col gap-1 empty:hidden first:pt-[1px]\">\n<div class=\"markdown prose dark:prose-invert w-full wrap-break-word light markdown-new-styling\">\n<h1 data-start=\"0\" data-end=\"33\"><strong data-start=\"0\" data-end=\"31\">Marmelade mit roter Paprika<\/strong><\/h1>\n<p data-start=\"35\" data-end=\"392\">Lass dich von den warmen, charaktervollen Aromen Spaniens \u00fcberraschen mit unserer handwerklich hergestellten Marmelade aus Paprika und Chili. Diese besondere Kombination aus s\u00fc\u00dfer Paprika und dezent scharfen Chilis schafft eine spannende Balance zwischen S\u00fc\u00dfe, Herzhaftigkeit und leichter Sch\u00e4rfe, sodass jeder L\u00f6ffel ein wahres Geschmackserlebnis bietet.<\/p>\n<p data-start=\"394\" data-end=\"566\">Die tief gef\u00e4rbte, gl\u00e4nzende Marmelade besitzt eine volle Textur und einen kr\u00e4ftigen Geschmack, der sowohl zu herzhaften Gerichten als auch zu feinen Tapas perfekt passt.<\/p>\n<p data-start=\"568\" data-end=\"749\" data-is-last-node=\"\" data-is-only-node=\"\">Unsere spanische Paprika- und Chili-Marmelade verleiht deiner K\u00e4se- oder Fr\u00fchst\u00fccksplatte eine abenteuerliche, mediterrane Note und sorgt f\u00fcr ein unvergessliches Geschmackserlebnis!<\/p>\n<\/div>\n<\/div>\n<\/div>\n<\/div>\n<div class=\"z-0 flex min-h-[46px] justify-start\"><\/div>\n<\/div>\n<\/div>\n<\/article>\n<\/div>\n<div class=\"pointer-events-none h-px w-px absolute bottom-0\" aria-hidden=\"true\" data-edge=\"true\"><\/div>\n","protected":false},"excerpt":{"rendered":"<div class=\"flex flex-col text-sm pb-25\">\n<article class=\"text-token-text-primary w-full focus:outline-none [--shadow-height:45px] has-data-writing-block:pointer-events-none has-data-writing-block:-mt-(--shadow-height) has-data-writing-block:pt-(--shadow-height) [&amp;:has([data-writing-block])&gt;*]:pointer-events-auto scroll-mt-[calc(var(--header-height)+min(200px,max(70px,20svh)))]\" dir=\"auto\" data-turn-id=\"request-WEB:f2afd76e-871d-4ba1-b06a-906bbf0d1642-21\" data-testid=\"conversation-turn-44\" data-scroll-anchor=\"true\" data-turn=\"assistant\">\n<div class=\"text-base my-auto mx-auto pb-10 [--thread-content-margin:--spacing(4)] @w-sm\/main:[--thread-content-margin:--spacing(6)] @w-lg\/main:[--thread-content-margin:--spacing(16)] px-(--thread-content-margin)\">\n<div class=\"[--thread-content-max-width:40rem] @w-lg\/main:[--thread-content-max-width:48rem] mx-auto max-w-(--thread-content-max-width) flex-1 group\/turn-messages focus-visible:outline-hidden relative flex w-full min-w-0 flex-col agent-turn\">\n<div class=\"flex max-w-full flex-col grow\">\n<div class=\"min-h-8 text-message relative flex w-full flex-col items-end gap-2 text-start break-words whitespace-normal [.text-message+&amp;]:mt-1\" dir=\"auto\" data-message-author-role=\"assistant\" data-message-id=\"6d3a847a-7459-4de9-8fba-340136b1bf6f\" data-message-model-slug=\"gpt-5-mini\">\n<div class=\"flex w-full flex-col gap-1 empty:hidden first:pt-[1px]\">\n<div class=\"markdown prose dark:prose-invert w-full wrap-break-word light markdown-new-styling\">\n<h1 data-start=\"0\" data-end=\"33\"><strong data-start=\"0\" data-end=\"31\">Marmelade mit roter Paprika<\/strong><\/h1>\n<p data-start=\"35\" data-end=\"392\">Lass dich von den warmen, charaktervollen Aromen Spaniens \u00fcberraschen mit unserer handwerklich hergestellten Marmelade aus Paprika und Chili. Diese besondere Kombination aus s\u00fc\u00dfer Paprika und dezent scharfen Chilis schafft eine spannende Balance zwischen S\u00fc\u00dfe, Herzhaftigkeit und leichter Sch\u00e4rfe, sodass jeder L\u00f6ffel ein wahres Geschmackserlebnis bietet.<\/p>\n<p data-start=\"394\" data-end=\"566\">Die tief gef\u00e4rbte, gl\u00e4nzende Marmelade besitzt eine volle Textur und einen kr\u00e4ftigen Geschmack, der sowohl zu herzhaften Gerichten als auch zu feinen Tapas perfekt passt.<\/p>\n<p data-start=\"568\" data-end=\"749\" data-is-last-node=\"\" data-is-only-node=\"\">Unsere spanische Paprika- und Chili-Marmelade verleiht deiner K\u00e4se- oder Fr\u00fchst\u00fccksplatte eine abenteuerliche, mediterrane Note und sorgt f\u00fcr ein unvergessliches Geschmackserlebnis!<\/p>\n<\/div>\n<\/div>\n<\/div>\n<\/div>\n<div class=\"z-0 flex min-h-[46px] justify-start\"><\/div>\n<\/div>\n<\/div>\n<\/article>\n<\/div>\n<div class=\"pointer-events-none h-px w-px absolute bottom-0\" aria-hidden=\"true\" data-edge=\"true\"><\/div>\n","protected":false},"featured_media":12063,"template":"","meta":{"_acf_changed":false,"iawp_total_views":4,"editor_notices":[]},"product_brand":[],"product_cat":[353],"product_tag":[],"class_list":{"0":"post-12062","1":"product","2":"type-product","3":"status-publish","4":"has-post-thumbnail","6":"product_cat-marmelade","8":"first","9":"instock","10":"taxable","11":"shipping-taxable","12":"purchasable","13":"product-type-simple"},"acf":[],"_links":{"self":[{"href":"https:\/\/monsieursaucisson.com\/de\/wp-json\/wp\/v2\/product\/12062","targetHints":{"allow":["GET"]}}],"collection":[{"href":"https:\/\/monsieursaucisson.com\/de\/wp-json\/wp\/v2\/product"}],"about":[{"href":"https:\/\/monsieursaucisson.com\/de\/wp-json\/wp\/v2\/types\/product"}],"wp:featuredmedia":[{"embeddable":true,"href":"https:\/\/monsieursaucisson.com\/de\/wp-json\/wp\/v2\/media\/12063"}],"wp:attachment":[{"href":"https:\/\/monsieursaucisson.com\/de\/wp-json\/wp\/v2\/media?parent=12062"}],"wp:term":[{"taxonomy":"product_brand","embeddable":true,"href":"https:\/\/monsieursaucisson.com\/de\/wp-json\/wp\/v2\/product_brand?post=12062"},{"taxonomy":"product_cat","embeddable":true,"href":"https:\/\/monsieursaucisson.com\/de\/wp-json\/wp\/v2\/product_cat?post=12062"},{"taxonomy":"product_tag","embeddable":true,"href":"https:\/\/monsieursaucisson.com\/de\/wp-json\/wp\/v2\/product_tag?post=12062"}],"curies":[{"name":"wp","href":"https:\/\/api.w.org\/{rel}","templated":true}]}}