{"id":12059,"date":"2026-02-20T10:46:24","date_gmt":"2026-02-20T09:46:24","guid":{"rendered":"https:\/\/monsieursaucisson.com\/de\/marmelade-mit-hagebutte\/"},"modified":"2026-02-25T10:45:04","modified_gmt":"2026-02-25T09:45:04","slug":"marmelade-mit-hagebutte","status":"publish","type":"product","link":"https:\/\/monsieursaucisson.com\/de\/marmelade-mit-hagebutte\/","title":{"rendered":"Marmelade mit Hagebutte"},"content":{"rendered":"<h1>Marmelade mit Hagebutte<\/h1>\n<p data-start=\"0\" data-end=\"299\">Entdecke den zarten, leicht fruchtigen Geschmack unserer spanischen Hagebutten-Marmelade. Diese besondere Marmelade wird handwerklich aus reifen, saftigen Hagebutten hergestellt, wodurch ein sanfter, frischer und leicht blumiger Geschmack entsteht, der perfekt mit der nat\u00fcrlichen S\u00fc\u00dfe harmoniert.<\/p>\n<p data-start=\"301\" data-end=\"506\" data-is-last-node=\"\" data-is-only-node=\"\">Die warme, bernsteinfarbene Marmelade verf\u00fcgt \u00fcber eine feine Textur und ein dezentes aromatisches Bouquet, was sie zu einer eleganten Erg\u00e4nzung f\u00fcr Fr\u00fchst\u00fcck, Brunch oder eine K\u00e4se- und Tapasplatte macht.<\/p>\n","protected":false},"excerpt":{"rendered":"<h1 data-start=\"0\" data-end=\"299\">Marmelade mit Hagebutte<\/h1>\n<p data-start=\"0\" data-end=\"299\">Entdecke den zarten, leicht fruchtigen Geschmack unserer spanischen Hagebutten-Marmelade. Diese besondere Marmelade wird handwerklich aus reifen, saftigen Hagebutten hergestellt, wodurch ein sanfter, frischer und leicht blumiger Geschmack entsteht, der perfekt mit der nat\u00fcrlichen S\u00fc\u00dfe harmoniert.<\/p>\n<p data-start=\"301\" data-end=\"506\" data-is-last-node=\"\" data-is-only-node=\"\">Die warme, bernsteinfarbene Marmelade verf\u00fcgt \u00fcber eine feine Textur und ein dezentes aromatisches Bouquet, was sie zu einer eleganten Erg\u00e4nzung f\u00fcr Fr\u00fchst\u00fcck, Brunch oder eine K\u00e4se- und Tapasplatte macht.<\/p>\n","protected":false},"featured_media":12060,"template":"","meta":{"_acf_changed":false,"iawp_total_views":2,"editor_notices":[]},"product_brand":[],"product_cat":[353],"product_tag":[],"class_list":{"0":"post-12059","1":"product","2":"type-product","3":"status-publish","4":"has-post-thumbnail","6":"product_cat-marmelade","8":"first","9":"instock","10":"taxable","11":"shipping-taxable","12":"purchasable","13":"product-type-simple"},"acf":[],"_links":{"self":[{"href":"https:\/\/monsieursaucisson.com\/de\/wp-json\/wp\/v2\/product\/12059","targetHints":{"allow":["GET"]}}],"collection":[{"href":"https:\/\/monsieursaucisson.com\/de\/wp-json\/wp\/v2\/product"}],"about":[{"href":"https:\/\/monsieursaucisson.com\/de\/wp-json\/wp\/v2\/types\/product"}],"wp:featuredmedia":[{"embeddable":true,"href":"https:\/\/monsieursaucisson.com\/de\/wp-json\/wp\/v2\/media\/12060"}],"wp:attachment":[{"href":"https:\/\/monsieursaucisson.com\/de\/wp-json\/wp\/v2\/media?parent=12059"}],"wp:term":[{"taxonomy":"product_brand","embeddable":true,"href":"https:\/\/monsieursaucisson.com\/de\/wp-json\/wp\/v2\/product_brand?post=12059"},{"taxonomy":"product_cat","embeddable":true,"href":"https:\/\/monsieursaucisson.com\/de\/wp-json\/wp\/v2\/product_cat?post=12059"},{"taxonomy":"product_tag","embeddable":true,"href":"https:\/\/monsieursaucisson.com\/de\/wp-json\/wp\/v2\/product_tag?post=12059"}],"curies":[{"name":"wp","href":"https:\/\/api.w.org\/{rel}","templated":true}]}}