{"id":12056,"date":"2026-02-20T10:33:12","date_gmt":"2026-02-20T09:33:12","guid":{"rendered":"https:\/\/monsieursaucisson.com\/de\/marmelade-mit-granatapfel\/"},"modified":"2026-02-25T10:40:49","modified_gmt":"2026-02-25T09:40:49","slug":"marmelade-mit-granatapfel","status":"publish","type":"product","link":"https:\/\/monsieursaucisson.com\/de\/marmelade-mit-granatapfel\/","title":{"rendered":"Marmelade mit Granatapfel"},"content":{"rendered":"<h1 data-start=\"0\" data-end=\"27\"><strong data-start=\"0\" data-end=\"25\">Granatapfel-Marmelade<\/strong><\/h1>\n<p data-start=\"29\" data-end=\"318\">Bringe einen Hauch mediterraner Frische auf den Tisch mit unserer spanischen Granatapfel-Marmelade. Diese besondere Marmelade verbindet den lebhaften, leicht s\u00e4uerlichen Geschmack reifer Granat\u00e4pfel mit einer dezenten S\u00fc\u00dfe, sodass jeder L\u00f6ffel ein raffiniertes Geschmackserlebnis bietet.<\/p>\n<p data-start=\"320\" data-end=\"471\">Mit ihrer gl\u00e4nzenden rubinroten Farbe und dem fruchtigen Aroma ist diese Marmelade nicht nur geschmacklich ein Genuss, sondern auch ein Augenschmaus!<\/p>\n<p data-start=\"473\" data-end=\"632\" data-is-last-node=\"\" data-is-only-node=\"\">Unsere Marmeladen lassen sich hervorragend mit unseren feinen <a href=\"https:\/\/monsieursaucisson.com\/de\/kaese-aus-spanien\/\">K\u00e4sesorten<\/a> kombinieren, schmecken aber nat\u00fcrlich auch k\u00f6stlich zu Croissants, Quark oder Joghurt.<\/p>\n","protected":false},"excerpt":{"rendered":"<h1 data-start=\"0\" data-end=\"27\"><strong data-start=\"0\" data-end=\"25\">Granatapfel-Marmelade<\/strong><\/h1>\n<p data-start=\"29\" data-end=\"318\">Bringe einen Hauch mediterraner Frische auf den Tisch mit unserer spanischen Granatapfel-Marmelade. Diese besondere Marmelade verbindet den lebhaften, leicht s\u00e4uerlichen Geschmack reifer Granat\u00e4pfel mit einer dezenten S\u00fc\u00dfe, sodass jeder L\u00f6ffel ein raffiniertes Geschmackserlebnis bietet.<\/p>\n<p data-start=\"320\" data-end=\"471\">Mit ihrer gl\u00e4nzenden rubinroten Farbe und dem fruchtigen Aroma ist diese Marmelade nicht nur geschmacklich ein Genuss, sondern auch ein Augenschmaus!<\/p>\n<p data-start=\"473\" data-end=\"632\" data-is-last-node=\"\" data-is-only-node=\"\">Unsere Marmeladen lassen sich hervorragend mit unseren feinen <a href=\"https:\/\/monsieursaucisson.com\/de\/kaese-aus-spanien\/\">K\u00e4sesorten<\/a> kombinieren, schmecken aber nat\u00fcrlich auch k\u00f6stlich zu Croissants, Quark oder Joghurt.<\/p>\n","protected":false},"featured_media":12057,"template":"","meta":{"_acf_changed":false,"iawp_total_views":8,"editor_notices":[]},"product_brand":[],"product_cat":[353],"product_tag":[],"class_list":{"0":"post-12056","1":"product","2":"type-product","3":"status-publish","4":"has-post-thumbnail","6":"product_cat-marmelade","8":"first","9":"instock","10":"taxable","11":"shipping-taxable","12":"purchasable","13":"product-type-simple"},"acf":[],"_links":{"self":[{"href":"https:\/\/monsieursaucisson.com\/de\/wp-json\/wp\/v2\/product\/12056","targetHints":{"allow":["GET"]}}],"collection":[{"href":"https:\/\/monsieursaucisson.com\/de\/wp-json\/wp\/v2\/product"}],"about":[{"href":"https:\/\/monsieursaucisson.com\/de\/wp-json\/wp\/v2\/types\/product"}],"wp:featuredmedia":[{"embeddable":true,"href":"https:\/\/monsieursaucisson.com\/de\/wp-json\/wp\/v2\/media\/12057"}],"wp:attachment":[{"href":"https:\/\/monsieursaucisson.com\/de\/wp-json\/wp\/v2\/media?parent=12056"}],"wp:term":[{"taxonomy":"product_brand","embeddable":true,"href":"https:\/\/monsieursaucisson.com\/de\/wp-json\/wp\/v2\/product_brand?post=12056"},{"taxonomy":"product_cat","embeddable":true,"href":"https:\/\/monsieursaucisson.com\/de\/wp-json\/wp\/v2\/product_cat?post=12056"},{"taxonomy":"product_tag","embeddable":true,"href":"https:\/\/monsieursaucisson.com\/de\/wp-json\/wp\/v2\/product_tag?post=12056"}],"curies":[{"name":"wp","href":"https:\/\/api.w.org\/{rel}","templated":true}]}}