{"id":12053,"date":"2026-02-20T10:19:13","date_gmt":"2026-02-20T09:19:13","guid":{"rendered":"https:\/\/monsieursaucisson.com\/de\/marmelade-mit-bier\/"},"modified":"2026-02-25T10:30:00","modified_gmt":"2026-02-25T09:30:00","slug":"marmelade-mit-bier","status":"publish","type":"product","link":"https:\/\/monsieursaucisson.com\/de\/marmelade-mit-bier\/","title":{"rendered":"Marmelade mit Bier"},"content":{"rendered":"<h1>Marmelade mit Bier<\/h1>\n<p data-start=\"0\" data-end=\"285\">Eine \u00fcberraschende Spezialit\u00e4t f\u00fcr Liebhaber charaktervoller Aromen: unsere spanische Bier-Marmelade. Handwerklich hergestellt und mit spanischem Bier verfeinert, entsteht eine einzigartige Kombination aus subtiler Bitterkeit, leichten Karamellnoten und einer sanften s\u00fc\u00dfen Unterton.<\/p>\n<p data-start=\"287\" data-end=\"496\" data-is-last-node=\"\" data-is-only-node=\"\">Diese Marmelade besitzt einen tiefen, warmen Geschmack mit einer feinen Balance zwischen S\u00fc\u00dfe und Bitterkeit. Das Bier verleiht eine leicht ger\u00f6stete, malzige Nuance, die perfekt zu herzhaften Gerichten passt.<\/p>\n","protected":false},"excerpt":{"rendered":"<p data-start=\"0\" data-end=\"285\">Eine \u00fcberraschende Spezialit\u00e4t f\u00fcr Liebhaber charaktervoller Aromen: unsere spanische Bier-Marmelade. Handwerklich hergestellt und mit spanischem Bier verfeinert, entsteht eine einzigartige Kombination aus subtiler Bitterkeit, leichten Karamellnoten und einer sanften s\u00fc\u00dfen Unterton.<\/p>\n<p data-start=\"287\" data-end=\"496\" data-is-last-node=\"\" data-is-only-node=\"\">Diese Marmelade besitzt einen tiefen, warmen Geschmack mit einer feinen Balance zwischen S\u00fc\u00dfe und Bitterkeit. Das Bier verleiht eine leicht ger\u00f6stete, malzige Nuance, die perfekt zu herzhaften Gerichten passt.<\/p>\n","protected":false},"featured_media":12054,"template":"","meta":{"_acf_changed":false,"iawp_total_views":5,"editor_notices":[]},"product_brand":[],"product_cat":[353],"product_tag":[],"class_list":{"0":"post-12053","1":"product","2":"type-product","3":"status-publish","4":"has-post-thumbnail","6":"product_cat-marmelade","8":"first","9":"instock","10":"taxable","11":"shipping-taxable","12":"purchasable","13":"product-type-simple"},"acf":[],"_links":{"self":[{"href":"https:\/\/monsieursaucisson.com\/de\/wp-json\/wp\/v2\/product\/12053","targetHints":{"allow":["GET"]}}],"collection":[{"href":"https:\/\/monsieursaucisson.com\/de\/wp-json\/wp\/v2\/product"}],"about":[{"href":"https:\/\/monsieursaucisson.com\/de\/wp-json\/wp\/v2\/types\/product"}],"wp:featuredmedia":[{"embeddable":true,"href":"https:\/\/monsieursaucisson.com\/de\/wp-json\/wp\/v2\/media\/12054"}],"wp:attachment":[{"href":"https:\/\/monsieursaucisson.com\/de\/wp-json\/wp\/v2\/media?parent=12053"}],"wp:term":[{"taxonomy":"product_brand","embeddable":true,"href":"https:\/\/monsieursaucisson.com\/de\/wp-json\/wp\/v2\/product_brand?post=12053"},{"taxonomy":"product_cat","embeddable":true,"href":"https:\/\/monsieursaucisson.com\/de\/wp-json\/wp\/v2\/product_cat?post=12053"},{"taxonomy":"product_tag","embeddable":true,"href":"https:\/\/monsieursaucisson.com\/de\/wp-json\/wp\/v2\/product_tag?post=12053"}],"curies":[{"name":"wp","href":"https:\/\/api.w.org\/{rel}","templated":true}]}}