{"id":12047,"date":"2026-02-20T09:11:24","date_gmt":"2026-02-20T08:11:24","guid":{"rendered":"https:\/\/monsieursaucisson.com\/de\/marmelade-mit-datteln\/"},"modified":"2026-02-25T10:33:24","modified_gmt":"2026-02-25T09:33:24","slug":"marmelade-mit-datteln","status":"publish","type":"product","link":"https:\/\/monsieursaucisson.com\/de\/marmelade-mit-datteln\/","title":{"rendered":"Marmelade mit Datteln"},"content":{"rendered":"<h1 data-start=\"0\" data-end=\"315\"><strong>Marmelade mit Datteln<\/strong><\/h1>\n<p data-start=\"0\" data-end=\"315\">Lass dich vom vollen, samtweichen Geschmack unserer spanischen Marmelade mit Datteln \u00fcberraschen. Diese besondere Kreation vereint die nat\u00fcrliche S\u00fc\u00dfe reifer Datteln mit einer subtilen mediterranen Finesse. Das Ergebnis ist eine reichhaltige, beinahe karamellartige Marmelade mit einem tiefen und eleganten Aroma.<\/p>\n<p data-start=\"317\" data-end=\"430\">Die zarte Textur und die intensive S\u00fc\u00dfe machen diese Marmelade zum perfekten Begleiter herzhafter Delikatessen.<\/p>\n<p data-start=\"432\" data-end=\"553\" data-is-last-node=\"\" data-is-only-node=\"\">Probiere die Marmelade auf unseren k\u00f6stlichen Rosinentoasts oder in Kombination mit unseren feinen spanischen K\u00e4sesorten.<\/p>\n","protected":false},"excerpt":{"rendered":"<p data-start=\"0\" data-end=\"315\">Lass dich vom vollen, samtweichen Geschmack unserer spanischen Marmelade mit Datteln \u00fcberraschen. Diese besondere Kreation vereint die nat\u00fcrliche S\u00fc\u00dfe reifer Datteln mit einer subtilen mediterranen Finesse. Das Ergebnis ist eine reichhaltige, beinahe karamellartige Marmelade mit einem tiefen und eleganten Aroma.<\/p>\n<p data-start=\"317\" data-end=\"430\">Die zarte Textur und die intensive S\u00fc\u00dfe machen diese Marmelade zum perfekten Begleiter herzhafter Delikatessen.<\/p>\n<p data-start=\"432\" data-end=\"553\" data-is-last-node=\"\" data-is-only-node=\"\">Probiere die Marmelade auf unseren k\u00f6stlichen <a href=\"https:\/\/monsieursaucisson.com\/de\/brunch-toast\/\">Rosinentoasts<\/a> oder in Kombination mit unseren feinen spanischen <a href=\"https:\/\/monsieursaucisson.com\/de\/kaese-aus-spanien\/\">K\u00e4sesorten<\/a>.<\/p>\n","protected":false},"featured_media":12048,"template":"","meta":{"_acf_changed":false,"iawp_total_views":6,"editor_notices":[]},"product_brand":[],"product_cat":[353],"product_tag":[],"class_list":{"0":"post-12047","1":"product","2":"type-product","3":"status-publish","4":"has-post-thumbnail","6":"product_cat-marmelade","8":"first","9":"instock","10":"taxable","11":"shipping-taxable","12":"purchasable","13":"product-type-simple"},"acf":[],"_links":{"self":[{"href":"https:\/\/monsieursaucisson.com\/de\/wp-json\/wp\/v2\/product\/12047","targetHints":{"allow":["GET"]}}],"collection":[{"href":"https:\/\/monsieursaucisson.com\/de\/wp-json\/wp\/v2\/product"}],"about":[{"href":"https:\/\/monsieursaucisson.com\/de\/wp-json\/wp\/v2\/types\/product"}],"wp:featuredmedia":[{"embeddable":true,"href":"https:\/\/monsieursaucisson.com\/de\/wp-json\/wp\/v2\/media\/12048"}],"wp:attachment":[{"href":"https:\/\/monsieursaucisson.com\/de\/wp-json\/wp\/v2\/media?parent=12047"}],"wp:term":[{"taxonomy":"product_brand","embeddable":true,"href":"https:\/\/monsieursaucisson.com\/de\/wp-json\/wp\/v2\/product_brand?post=12047"},{"taxonomy":"product_cat","embeddable":true,"href":"https:\/\/monsieursaucisson.com\/de\/wp-json\/wp\/v2\/product_cat?post=12047"},{"taxonomy":"product_tag","embeddable":true,"href":"https:\/\/monsieursaucisson.com\/de\/wp-json\/wp\/v2\/product_tag?post=12047"}],"curies":[{"name":"wp","href":"https:\/\/api.w.org\/{rel}","templated":true}]}}