{"id":12040,"date":"2026-02-19T16:12:58","date_gmt":"2026-02-19T15:12:58","guid":{"rendered":"https:\/\/monsieursaucisson.com\/de\/marmelade-mit-orange\/"},"modified":"2026-02-25T10:58:30","modified_gmt":"2026-02-25T09:58:30","slug":"marmelade-mit-orange","status":"publish","type":"product","link":"https:\/\/monsieursaucisson.com\/de\/marmelade-mit-orange\/","title":{"rendered":"Marmelade mit Orange"},"content":{"rendered":"<p data-start=\"0\" data-end=\"21\"><strong data-start=\"0\" data-end=\"21\">Orangen-Marmelade<\/strong><\/p>\n<p data-start=\"23\" data-end=\"348\">Entdecke den frischen, sonnigen Geschmack unserer spanischen Orangenmarmelade, hergestellt aus sorgf\u00e4ltig ausgew\u00e4hlten, saftigen Orangen aus dem mediterranen Klima. Diese Marmelade vereint die perfekte Balance zwischen S\u00fc\u00dfe und Bitterkeit, mit einer leichten, fruchtigen Bitterkeit, die typisch f\u00fcr hochwertige Orangen ist.<\/p>\n<p data-start=\"350\" data-end=\"494\" data-is-last-node=\"\" data-is-only-node=\"\">Mit ihrer gl\u00e4nzenden Textur und feinen Geschmacksnote ist diese Marmelade ein Klassiker, der auf deiner K\u00e4se- und Tapasplatte nicht fehlen darf!<\/p>\n","protected":false},"excerpt":{"rendered":"<p data-start=\"0\" data-end=\"21\"><strong data-start=\"0\" data-end=\"21\">Orangen-Marmelade<\/strong><\/p>\n<p data-start=\"23\" data-end=\"348\">Entdecke den frischen, sonnigen Geschmack unserer spanischen Orangenmarmelade, hergestellt aus sorgf\u00e4ltig ausgew\u00e4hlten, saftigen Orangen aus dem mediterranen Klima. Diese Marmelade vereint die perfekte Balance zwischen S\u00fc\u00dfe und Bitterkeit, mit einer leichten, fruchtigen Bitterkeit, die typisch f\u00fcr hochwertige Orangen ist.<\/p>\n<p data-start=\"350\" data-end=\"494\" data-is-last-node=\"\" data-is-only-node=\"\">Mit ihrer gl\u00e4nzenden Textur und feinen Geschmacksnote ist diese Marmelade ein Klassiker, der auf deiner K\u00e4se- und Tapasplatte nicht fehlen darf!<\/p>\n","protected":false},"featured_media":12041,"template":"","meta":{"_acf_changed":false,"iawp_total_views":5,"editor_notices":[]},"product_brand":[],"product_cat":[15,353],"product_tag":[],"class_list":{"0":"post-12040","1":"product","2":"type-product","3":"status-publish","4":"has-post-thumbnail","6":"product_cat-alle-produkte","7":"product_cat-marmelade","9":"first","10":"instock","11":"taxable","12":"shipping-taxable","13":"purchasable","14":"product-type-simple"},"acf":[],"_links":{"self":[{"href":"https:\/\/monsieursaucisson.com\/de\/wp-json\/wp\/v2\/product\/12040","targetHints":{"allow":["GET"]}}],"collection":[{"href":"https:\/\/monsieursaucisson.com\/de\/wp-json\/wp\/v2\/product"}],"about":[{"href":"https:\/\/monsieursaucisson.com\/de\/wp-json\/wp\/v2\/types\/product"}],"wp:featuredmedia":[{"embeddable":true,"href":"https:\/\/monsieursaucisson.com\/de\/wp-json\/wp\/v2\/media\/12041"}],"wp:attachment":[{"href":"https:\/\/monsieursaucisson.com\/de\/wp-json\/wp\/v2\/media?parent=12040"}],"wp:term":[{"taxonomy":"product_brand","embeddable":true,"href":"https:\/\/monsieursaucisson.com\/de\/wp-json\/wp\/v2\/product_brand?post=12040"},{"taxonomy":"product_cat","embeddable":true,"href":"https:\/\/monsieursaucisson.com\/de\/wp-json\/wp\/v2\/product_cat?post=12040"},{"taxonomy":"product_tag","embeddable":true,"href":"https:\/\/monsieursaucisson.com\/de\/wp-json\/wp\/v2\/product_tag?post=12040"}],"curies":[{"name":"wp","href":"https:\/\/api.w.org\/{rel}","templated":true}]}}