{"id":12036,"date":"2026-02-19T15:50:55","date_gmt":"2026-02-19T14:50:55","guid":{"rendered":"https:\/\/monsieursaucisson.com\/de\/marmelade-mit-feigen\/"},"modified":"2026-02-25T10:37:00","modified_gmt":"2026-02-25T09:37:00","slug":"marmelade-mit-feigen","status":"publish","type":"product","link":"https:\/\/monsieursaucisson.com\/de\/marmelade-mit-feigen\/","title":{"rendered":"Marmelade mit Feigen"},"content":{"rendered":"<p data-start=\"0\" data-end=\"20\"><strong data-start=\"0\" data-end=\"20\">Feigen-Marmelade<\/strong><\/p>\n<p data-start=\"22\" data-end=\"293\">Erlebe die warmen Aromen Spaniens mit unserer handwerklich hergestellten Feigen-Marmelade. Diese charaktervolle Delikatesse wird nach traditioneller s\u00fcdeurop\u00e4ischer Rezeptur zubereitet, wobei die nat\u00fcrliche S\u00fc\u00dfe und die weiche Textur der Feigen voll zur Geltung kommen.<\/p>\n<p data-start=\"295\" data-end=\"515\" data-is-last-node=\"\" data-is-only-node=\"\">Der tiefe, honigartige Geschmack sonnenverw\u00f6hnter Feigen wird dezent mit einer frischen Note ausbalanciert, sodass eine vollmundige und elegante Marmelade entsteht. Perfekt f\u00fcr Liebhaber raffinierter mediterraner Aromen.<\/p>\n","protected":false},"excerpt":{"rendered":"<p data-start=\"0\" data-end=\"20\"><strong data-start=\"0\" data-end=\"20\">Feigen-Marmelade<\/strong><\/p>\n<p data-start=\"22\" data-end=\"293\">Erlebe die warmen Aromen Spaniens mit unserer handwerklich hergestellten Feigen-Marmelade. Diese charaktervolle Delikatesse wird nach traditioneller s\u00fcdeurop\u00e4ischer Rezeptur zubereitet, wobei die nat\u00fcrliche S\u00fc\u00dfe und die weiche Textur der Feigen voll zur Geltung kommen.<\/p>\n<p data-start=\"295\" data-end=\"515\" data-is-last-node=\"\" data-is-only-node=\"\">Der tiefe, honigartige Geschmack sonnenverw\u00f6hnter Feigen wird dezent mit einer frischen Note ausbalanciert, sodass eine vollmundige und elegante Marmelade entsteht. Perfekt f\u00fcr Liebhaber raffinierter mediterraner Aromen.<\/p>\n","protected":false},"featured_media":12038,"template":"","meta":{"_acf_changed":false,"iawp_total_views":4,"editor_notices":[]},"product_brand":[],"product_cat":[15,353],"product_tag":[],"class_list":{"0":"post-12036","1":"product","2":"type-product","3":"status-publish","4":"has-post-thumbnail","6":"product_cat-alle-produkte","7":"product_cat-marmelade","9":"first","10":"instock","11":"taxable","12":"shipping-taxable","13":"purchasable","14":"product-type-simple"},"acf":[],"_links":{"self":[{"href":"https:\/\/monsieursaucisson.com\/de\/wp-json\/wp\/v2\/product\/12036","targetHints":{"allow":["GET"]}}],"collection":[{"href":"https:\/\/monsieursaucisson.com\/de\/wp-json\/wp\/v2\/product"}],"about":[{"href":"https:\/\/monsieursaucisson.com\/de\/wp-json\/wp\/v2\/types\/product"}],"wp:featuredmedia":[{"embeddable":true,"href":"https:\/\/monsieursaucisson.com\/de\/wp-json\/wp\/v2\/media\/12038"}],"wp:attachment":[{"href":"https:\/\/monsieursaucisson.com\/de\/wp-json\/wp\/v2\/media?parent=12036"}],"wp:term":[{"taxonomy":"product_brand","embeddable":true,"href":"https:\/\/monsieursaucisson.com\/de\/wp-json\/wp\/v2\/product_brand?post=12036"},{"taxonomy":"product_cat","embeddable":true,"href":"https:\/\/monsieursaucisson.com\/de\/wp-json\/wp\/v2\/product_cat?post=12036"},{"taxonomy":"product_tag","embeddable":true,"href":"https:\/\/monsieursaucisson.com\/de\/wp-json\/wp\/v2\/product_tag?post=12036"}],"curies":[{"name":"wp","href":"https:\/\/api.w.org\/{rel}","templated":true}]}}