{"id":12033,"date":"2026-02-19T14:35:54","date_gmt":"2026-02-19T13:35:54","guid":{"rendered":"https:\/\/monsieursaucisson.com\/de\/marmelade-mit-mango\/"},"modified":"2026-02-25T10:55:28","modified_gmt":"2026-02-25T09:55:28","slug":"marmelade-mit-mango","status":"publish","type":"product","link":"https:\/\/monsieursaucisson.com\/de\/marmelade-mit-mango\/","title":{"rendered":"Marmelade mit Mango"},"content":{"rendered":"<p data-start=\"0\" data-end=\"19\"><strong data-start=\"0\" data-end=\"19\">Mango-Marmelade<\/strong><\/p>\n<p data-start=\"21\" data-end=\"49\"><strong data-start=\"21\" data-end=\"49\">Tropische Sonne im Glas!<\/strong><\/p>\n<p data-start=\"51\" data-end=\"311\">Lass dich vom sonnigen Geschmack unserer handwerklich hergestellten Mango-Marmelade \u00fcberraschen. Dieser exotische Fruchtaufstrich wird aus sorgf\u00e4ltig ausgew\u00e4hlten, reifen Mangos hergestellt und langsam gekocht, um den reinen, nat\u00fcrlichen Geschmack zu bewahren.<\/p>\n<p data-start=\"313\" data-end=\"483\" data-is-last-node=\"\" data-is-only-node=\"\">Unsere Mango-Marmelade hat eine weiche, cremige Textur mit feinen Fruchtst\u00fcckchen und eine perfekte Balance zwischen S\u00fc\u00dfe und Frische. K\u00f6stlich auf unseren <a href=\"https:\/\/monsieursaucisson.com\/de\/brunch-toast\/\">Rosinentoasts<\/a>!<\/p>\n","protected":false},"excerpt":{"rendered":"<div class=\"flex flex-col text-sm pb-25\">\n<article class=\"text-token-text-primary w-full focus:outline-none [--shadow-height:45px] has-data-writing-block:pointer-events-none has-data-writing-block:-mt-(--shadow-height) has-data-writing-block:pt-(--shadow-height) [&amp;:has([data-writing-block])&gt;*]:pointer-events-auto scroll-mt-[calc(var(--header-height)+min(200px,max(70px,20svh)))]\" dir=\"auto\" data-turn-id=\"request-WEB:f2afd76e-871d-4ba1-b06a-906bbf0d1642-1\" data-testid=\"conversation-turn-4\" data-scroll-anchor=\"true\" data-turn=\"assistant\">\n<div class=\"text-base my-auto mx-auto pb-10 [--thread-content-margin:--spacing(4)] @w-sm\/main:[--thread-content-margin:--spacing(6)] @w-lg\/main:[--thread-content-margin:--spacing(16)] px-(--thread-content-margin)\">\n<div class=\"[--thread-content-max-width:40rem] @w-lg\/main:[--thread-content-max-width:48rem] mx-auto max-w-(--thread-content-max-width) flex-1 group\/turn-messages focus-visible:outline-hidden relative flex w-full min-w-0 flex-col agent-turn\">\n<div class=\"flex max-w-full flex-col grow\">\n<div class=\"min-h-8 text-message relative flex w-full flex-col items-end gap-2 text-start break-words whitespace-normal [.text-message+&amp;]:mt-1\" dir=\"auto\" data-message-author-role=\"assistant\" data-message-id=\"7da5bb38-2662-493b-ac81-c5d31faa2e57\" data-message-model-slug=\"gpt-5-2\">\n<div class=\"flex w-full flex-col gap-1 empty:hidden first:pt-[1px]\">\n<div class=\"markdown prose dark:prose-invert w-full wrap-break-word light markdown-new-styling\">\n<p data-start=\"0\" data-end=\"24\">Tropische Sonne im Glas!<\/p>\n<p data-start=\"26\" data-end=\"287\">Lass dich vom sonnigen Geschmack unserer handwerklich hergestellten Mango-Marmelade \u00fcberraschen. Dieser exotische Fruchtaufstrich wird aus sorgf\u00e4ltig ausgew\u00e4hlten, reifen Mangos hergestellt und schonend gekocht, um den reinen, nat\u00fcrlichen Geschmack zu bewahren.<\/p>\n<p data-start=\"289\" data-end=\"459\" data-is-last-node=\"\" data-is-only-node=\"\">Unsere Mango-Marmelade hat eine weiche, cremige Textur mit feinen Fruchtst\u00fcckchen und eine perfekte Balance zwischen S\u00fc\u00dfe und Frische. K\u00f6stlich auf unseren Rosinentoasts!<\/p>\n<\/div>\n<\/div>\n<\/div>\n<\/div>\n<div class=\"z-0 flex min-h-[46px] justify-start\"><\/div>\n<\/div>\n<\/div>\n<\/article>\n<\/div>\n<div class=\"pointer-events-none h-px w-px absolute bottom-0\" aria-hidden=\"true\" data-edge=\"true\"><\/div>\n","protected":false},"featured_media":12034,"template":"","meta":{"_acf_changed":false,"iawp_total_views":4,"editor_notices":[]},"product_brand":[],"product_cat":[15,353],"product_tag":[],"class_list":{"0":"post-12033","1":"product","2":"type-product","3":"status-publish","4":"has-post-thumbnail","6":"product_cat-alle-produkte","7":"product_cat-marmelade","9":"first","10":"instock","11":"taxable","12":"shipping-taxable","13":"purchasable","14":"product-type-simple"},"acf":[],"_links":{"self":[{"href":"https:\/\/monsieursaucisson.com\/de\/wp-json\/wp\/v2\/product\/12033","targetHints":{"allow":["GET"]}}],"collection":[{"href":"https:\/\/monsieursaucisson.com\/de\/wp-json\/wp\/v2\/product"}],"about":[{"href":"https:\/\/monsieursaucisson.com\/de\/wp-json\/wp\/v2\/types\/product"}],"wp:featuredmedia":[{"embeddable":true,"href":"https:\/\/monsieursaucisson.com\/de\/wp-json\/wp\/v2\/media\/12034"}],"wp:attachment":[{"href":"https:\/\/monsieursaucisson.com\/de\/wp-json\/wp\/v2\/media?parent=12033"}],"wp:term":[{"taxonomy":"product_brand","embeddable":true,"href":"https:\/\/monsieursaucisson.com\/de\/wp-json\/wp\/v2\/product_brand?post=12033"},{"taxonomy":"product_cat","embeddable":true,"href":"https:\/\/monsieursaucisson.com\/de\/wp-json\/wp\/v2\/product_cat?post=12033"},{"taxonomy":"product_tag","embeddable":true,"href":"https:\/\/monsieursaucisson.com\/de\/wp-json\/wp\/v2\/product_tag?post=12033"}],"curies":[{"name":"wp","href":"https:\/\/api.w.org\/{rel}","templated":true}]}}