{"id":10644,"date":"2025-11-27T16:26:22","date_gmt":"2025-11-27T15:26:22","guid":{"rendered":"https:\/\/monsieursaucisson.com\/de\/salami-mit-lebkuchen-und-feigen\/"},"modified":"2026-01-30T12:59:35","modified_gmt":"2026-01-30T11:59:35","slug":"salami-mit-lebkuchen-und-feigen","status":"publish","type":"product","link":"https:\/\/monsieursaucisson.com\/de\/salami-mit-lebkuchen-und-feigen\/","title":{"rendered":"Franz\u00f6sische Salami Winterwurst"},"content":{"rendered":"<p>Diese handwerklich hergestellte <em data-start=\"34\" data-end=\"49\">Saucisson Sec<\/em> wird mit aromatischem <em data-start=\"72\" data-end=\"87\">Pain d\u2019\u00c9pices<\/em> und zarten Feigenst\u00fcckchen verfeinert. Das subtile Zusammenspiel aus warmen Gew\u00fcrzen, milder S\u00fc\u00dfe und reichen, gereiften Fleischaromen schafft ein elegantes, gastronomisches Genusserlebnis. Ideal als Teil einer Charcuterieplatte oder zu einem Glas kr\u00e4ftigem Rotwein.<\/p>\n","protected":false},"excerpt":{"rendered":"<p>Diese handwerklich hergestellte <em data-start=\"34\" data-end=\"49\">Saucisson Sec<\/em> wird mit aromatischem <em data-start=\"72\" data-end=\"87\">Pain d\u2019\u00c9pices<\/em> und zarten Feigenst\u00fcckchen verfeinert. Das subtile Zusammenspiel aus warmen Gew\u00fcrzen, milder S\u00fc\u00dfe und reichen, gereiften Fleischaromen schafft ein elegantes, gastronomisches Genusserlebnis. Ideal als Teil einer Charcuterieplatte oder zu einem Glas kr\u00e4ftigem Rotwein.<\/p>\n","protected":false},"featured_media":10645,"template":"","meta":{"_acf_changed":false,"iawp_total_views":38,"editor_notices":[]},"product_brand":[],"product_cat":[82,348,346,85],"product_tag":[],"class_list":{"0":"post-10644","1":"product","2":"type-product","3":"status-publish","4":"has-post-thumbnail","6":"product_cat-franzoesische-salami","7":"product_cat-neu","8":"product_cat-neu-und-aktionen","9":"product_cat-saucisson-sec-franzosische-salami","11":"first","12":"outofstock","13":"taxable","14":"shipping-taxable","15":"purchasable","16":"product-type-simple"},"acf":[],"_links":{"self":[{"href":"https:\/\/monsieursaucisson.com\/de\/wp-json\/wp\/v2\/product\/10644","targetHints":{"allow":["GET"]}}],"collection":[{"href":"https:\/\/monsieursaucisson.com\/de\/wp-json\/wp\/v2\/product"}],"about":[{"href":"https:\/\/monsieursaucisson.com\/de\/wp-json\/wp\/v2\/types\/product"}],"wp:featuredmedia":[{"embeddable":true,"href":"https:\/\/monsieursaucisson.com\/de\/wp-json\/wp\/v2\/media\/10645"}],"wp:attachment":[{"href":"https:\/\/monsieursaucisson.com\/de\/wp-json\/wp\/v2\/media?parent=10644"}],"wp:term":[{"taxonomy":"product_brand","embeddable":true,"href":"https:\/\/monsieursaucisson.com\/de\/wp-json\/wp\/v2\/product_brand?post=10644"},{"taxonomy":"product_cat","embeddable":true,"href":"https:\/\/monsieursaucisson.com\/de\/wp-json\/wp\/v2\/product_cat?post=10644"},{"taxonomy":"product_tag","embeddable":true,"href":"https:\/\/monsieursaucisson.com\/de\/wp-json\/wp\/v2\/product_tag?post=10644"}],"curies":[{"name":"wp","href":"https:\/\/api.w.org\/{rel}","templated":true}]}}