{"id":45,"date":"2023-03-06T16:05:36","date_gmt":"2023-03-06T16:05:36","guid":{"rendered":"https:\/\/monsieursaucisson.com\/nl\/?page_id=45"},"modified":"2023-10-19T13:29:42","modified_gmt":"2023-10-19T11:29:42","slug":"contact","status":"publish","type":"page","link":"https:\/\/monsieursaucisson.com\/de\/contact\/","title":{"rendered":"Kontakt"},"content":{"rendered":"<h2>Kontakt mit uns<\/h2>\n<p>Sie k\u00f6nnen uns jederzeit via dem Kontaktformular zu erreichen oder <a href=\"mailto:bonjour@monsieursaucisson.com\">senden Sie eine E-Mail<\/a> an uns und wir werden unser Bestes tun,\u00a0 Ihnen innerhalb von 24 Stunden zu antworten. Sie haben Fragen zu Produkten, Bestellungen oder allgemeinen Informationen? Wir helfen Ihnen gerne weiter.<\/p>\n<h3>H\u00e4ufig gestellte Fragen<\/h3>\n<p>Bevor Sie sich an uns wenden, empfehlen wir Ihnen, einen Blick auf unsere Seite mit den am h\u00e4ufigsten gestellten Fragen (FAQ) zu werfen. Vielleicht finden Sie ja hier bereits die Antworten auf Ihre Fragen. Lassen Sie sich von uns ein wenig &#8222;la joie de vivre&#8220; vermitteln und besuchen Sie unsere FAQ-Seite unter dem folgenden Link: <a href=\"https:\/\/www.monsieursaucisson.com\/de\/faq\/\" target=\"_blank\" rel=\"noopener\">FAQ<\/a>.<\/p>\n<p>Unser Ziel ist es, Ihnen den besten Kundenservice zu bieten und Ihre Erfahrung mit Monsieur Saucisson so &#8222;formidable&#8220; wie m\u00f6glich zu gestalten. Ihre Zufriedenheit ist unser &#8222;pi\u00e8ce de r\u00e9sistance&#8220;!<\/p>\n","protected":false},"excerpt":{"rendered":"<p>Kontakt mit uns Sie k\u00f6nnen uns jederzeit via dem Kontaktformular zu erreichen oder senden Sie eine E-Mail an uns und wir werden unser Bestes tun,\u00a0 Ihnen innerhalb von 24 Stunden zu antworten. Sie haben Fragen zu Produkten, Bestellungen oder allgemeinen Informationen? Wir helfen Ihnen gerne weiter. H\u00e4ufig gestellte Fragen Bevor Sie sich an uns wenden, [&hellip;]<\/p>\n","protected":false},"author":1,"featured_media":0,"parent":0,"menu_order":0,"comment_status":"closed","ping_status":"closed","template":"","meta":{"_acf_changed":false,"iawp_total_views":1587,"editor_notices":[],"footnotes":""},"class_list":["post-45","page","type-page","status-publish","hentry"],"acf":[],"_links":{"self":[{"href":"https:\/\/monsieursaucisson.com\/de\/wp-json\/wp\/v2\/pages\/45","targetHints":{"allow":["GET"]}}],"collection":[{"href":"https:\/\/monsieursaucisson.com\/de\/wp-json\/wp\/v2\/pages"}],"about":[{"href":"https:\/\/monsieursaucisson.com\/de\/wp-json\/wp\/v2\/types\/page"}],"author":[{"embeddable":true,"href":"https:\/\/monsieursaucisson.com\/de\/wp-json\/wp\/v2\/users\/1"}],"replies":[{"embeddable":true,"href":"https:\/\/monsieursaucisson.com\/de\/wp-json\/wp\/v2\/comments?post=45"}],"version-history":[{"count":5,"href":"https:\/\/monsieursaucisson.com\/de\/wp-json\/wp\/v2\/pages\/45\/revisions"}],"predecessor-version":[{"id":2464,"href":"https:\/\/monsieursaucisson.com\/de\/wp-json\/wp\/v2\/pages\/45\/revisions\/2464"}],"wp:attachment":[{"href":"https:\/\/monsieursaucisson.com\/de\/wp-json\/wp\/v2\/media?parent=45"}],"curies":[{"name":"wp","href":"https:\/\/api.w.org\/{rel}","templated":true}]}}