{"id":37,"date":"2023-03-06T16:04:00","date_gmt":"2023-03-06T16:04:00","guid":{"rendered":"https:\/\/monsieursaucisson.com\/nl\/?page_id=37"},"modified":"2024-01-25T13:23:48","modified_gmt":"2024-01-25T12:23:48","slug":"allgemeine-geschaeftsbedingungen","status":"publish","type":"page","link":"https:\/\/monsieursaucisson.com\/de\/allgemeine-geschaeftsbedingungen\/","title":{"rendered":"AGB"},"content":{"rendered":"<p><strong>AGB<\/strong><\/p>\n<p><strong>GH Foodsupply B.V.<\/strong><\/p>\n<p><strong>\u00a0<\/strong><\/p>\n<p>Pater van den Elsenlaan 20 D<\/p>\n<p>5462GG Veghel<\/p>\n<p>Niederlande<\/p>\n<p><strong><em>&#8211; nachfolgend Anbieter \u2013 <\/em><\/strong><\/p>\n<p><strong>Inhaltsverzeichnis:<\/strong><\/p>\n<ul>\n<li>1 Geltungsbereich<\/li>\n<li>2 Vertragsschluss<\/li>\n<li>3 Widerrufsrecht<\/li>\n<li>3.1 Widerrufsrecht f\u00fcr Verbraucher<\/li>\n<li>3.2 Ausschluss des Widerrufs<\/li>\n<li>4 Bestellschritte<\/li>\n<li>5 Zahlung, Verzug<\/li>\n<li>6 Aufrechnung\/ Eigentumsvorbehalt<\/li>\n<li>7 Lieferung<\/li>\n<li>8 Annahmeverzug<\/li>\n<li>9 Gew\u00e4hrleistung<\/li>\n<li>10 Kosten der R\u00fccksendung bei Widerruf<\/li>\n<li>11 Haftung<\/li>\n<li>12 Datenschutz<\/li>\n<li>13 Streitschlichtung<\/li>\n<li>14 Anwendbares Recht, Gerichtsstand<\/li>\n<li>15 Schlussbestimmung<\/li>\n<\/ul>\n<p>&nbsp;<\/p>\n<ul>\n<li><strong> 1 Geltungsbereich <\/strong><\/li>\n<\/ul>\n<p>(1) Die Leistungen des Anbieters f\u00fcr den deutschsprachigen Webshop auf der Website <a href=\"https:\/\/www.monsieursaucisson.com\/de\/\">https:\/\/www.monsieursaucisson.com\/de\/<\/a> und den dazugeh\u00f6rigen Subdomains erfolgen ausschlie\u00dflich auf der Grundlage der nachfolgenden Allgemeinen Gesch\u00e4ftsbedingungen (AGB) in der zum Zeitpunkt der Bestellung g\u00fcltigen Fassung.<\/p>\n<p>(2) Das Produktangebot des deutschsprachigen Webshops <a href=\"https:\/\/www.monsieursaucisson.com\/de\/\">https:\/\/www.monsieursaucisson.com\/de\/<\/a> richtet sich ausschlie\u00dflich an Kunden mit Wohnsitz in der Bundesrepublik Deutschland. Kunden k\u00f6nnen Unternehmer oder Verbraucher sein.<\/p>\n<p>Unternehmer ist eine nat\u00fcrliche oder juristische Person oder eine rechtsf\u00e4hige Personengesellschaft, die bei Abschluss eines Rechtsgesch\u00e4fts in Aus\u00fcbung ihrer gewerblichen oder selbst\u00e4ndigen beruflichen T\u00e4tigkeit handelt (\u00a7 14 BGB, nachfolgend kurz \u201eUnternehmer\u201c).<\/p>\n<p>Verbraucher ist jede nat\u00fcrliche Person, die ein Rechtsgesch\u00e4ft zu einem Zwecke abschlie\u00dft, der weder ihrer gewerblichen noch ihrer selbst\u00e4ndigen beruflichen T\u00e4tigkeit zugerechnet werden kann (\u00a7 13 BGB, nachfolgend kurz \u201eVerbraucher\u201c).<\/p>\n<p>(3) Allgemeine Gesch\u00e4ftsbedingungen des Kunden finden keine Anwendung, auch wenn der Anbieter ihrer Geltung im Einzelfall nicht gesondert widerspricht.<\/p>\n<ul>\n<li><strong> 2 Vertragsschluss<\/strong><\/li>\n<\/ul>\n<p>(1) Die Angebote des Anbieters im Internet stellen eine unverbindliche Aufforderung an den Kunden dar, Waren zu bestellen.<\/p>\n<p>(2) Der Kunde gibt ein verbindliches Angebot ab, wenn er den Online-Bestellprozess unter Eingabe der dort verlangten Angaben durchlaufen hat und im letzten Bestellschritt den Button [\u201eZahlungspflichtig Bestellen\u201c] anklickt.<\/p>\n<p>(3) Der Anbieter kann dieses Angebot durch Zusendung einer Annahmebest\u00e4tigung per E-Mail oder durch Lieferung der Ware annehmen. Der Zugang der Bestellungen wird unverz\u00fcglich auf elektronischem Wege best\u00e4tigt.<br \/>\n(4) Der Vertragsschluss erfolgt ausschlie\u00dflich in deutscher Sprache.<\/p>\n<ul>\n<li><strong><strong> 3 Widerrufsrecht<\/strong><\/strong>\u00a7 3.1\u00a0Widerrufsrecht f\u00fcr Verbraucher<\/li>\n<\/ul>\n<p>(1) Verbrauchern steht ein gesetzliches Widerrufsrecht zu. Verbraucher ist jede nat\u00fcrliche Person, die ein Rechtsgesch\u00e4ft zu Zwecken abschlie\u00dft, die \u00fcberwiegend weder ihrer gewerblichen noch ihrer selbst\u00e4ndigen beruflichen T\u00e4tigkeit zugerechnet werden kann.<\/p>\n<p>(2) Sofern der Kunde Verbraucher ist, steht ihm ein Widerrufsrecht (\u00a7 312d i. V. m. \u00a7 355 BGB) zu. <strong>Eine entsprechende Widerrufsbelehrung ist diesen AGB als Anhang beigef\u00fcgt.<\/strong> Die Widerrufsbelehrung wird dem Kunden dar\u00fcber hinaus vor Abgabe seiner verbindlichen Bestellung angezeigt und kann auf der Website https:\/\/www.monsieursaucisson.com\/de\/ durch Anklicken des Buttons \u201eWiderrufsbelehrung\u201c jederzeit aufgerufen werden.<\/p>\n<ul>\n<li><strong> 3.2<\/strong><\/li>\n<\/ul>\n<p>(1) Das Widerrufsrecht besteht gem\u00e4\u00df \u00a7 312 g Abs. 2 BGB nicht bei folgenden Vertr\u00e4gen:<\/p>\n<p>(2) Vertr\u00e4ge zur Lieferung von Waren, die nicht vorgefertigt sind und f\u00fcr deren Herstellung eine individuelle Auswahl oder Bestimmung durch den Verbraucher ma\u00dfgeblich ist oder die eindeutig auf die pers\u00f6nlichen Bed\u00fcrfnisse des Verbrauchers zugeschnitten sind.<\/p>\n<p>(3) Vertr\u00e4ge zur Lieferung versiegelter Waren, die aus Gr\u00fcnden des Gesundheitsschutzes oder der Hygiene nicht zur R\u00fcckgabe geeignet sind, wenn ihre Versiegelung nach der Lieferung entfernt wurde.<\/p>\n<p>(4) Vertr\u00e4ge zur Lieferung von Waren, die schnell verderben k\u00f6nnen oder deren Verfallsdatum schnell \u00fcberschritten w\u00fcrde.<\/p>\n<p>&nbsp;<\/p>\n<ul>\n<li><strong> 4 Bestellschritte<\/strong><\/li>\n<\/ul>\n<p>Sie bestellen in unserem Shop, indem Sie folgende Schritte durchlaufen.<\/p>\n<p>(1) Sie legen Artikel durch Klick auf [\u201ein den Warenkorb\u201c] unverbindlich in Ihren Warenkorb<\/p>\n<p>(2) Alle Artikel, die Sie im Warenkorb abgelegt haben, k\u00f6nnen Sie einsehen, wenn Sie auf den Button \u201eWarenkorb\u201c klicken. Hier k\u00f6nnen Sie auch Artikel l\u00f6schen oder die Anzahl \u00e4ndern.<\/p>\n<p>(3) Wenn Sie die Artikel aus Ihrem Warenkorb kaufen m\u00f6chten, klicken Sie auf [\u201ezur Kasse\u201c]. Damit gelangen Sie zum Bestellvorgang.<\/p>\n<p>(4) Im Bestellvorgang geben Sie zun\u00e4chst Ihre Liefer- und Zahlungsdaten ein.<\/p>\n<p>(5) Bevor Sie Ihre Bestellung absenden erhalten Sie auf der Kontrollseite den \u00dcberblick \u00fcber alle Daten Ihrer geplanten Bestellung (insbesondere Rechnungs- und Lieferanschrift, Produkt, Preis, Menge, Zahlungsart). Hier werden Sie aufgefordert, die Richtigkeit Ihrer Angaben zu best\u00e4tigen. Sie k\u00f6nnen hier auch Ihre Bestelldaten korrigieren bzw. \u00e4ndern, indem sie den vorherigen Menupunkt anklicken.<\/p>\n<p>(6) Durch Klick auf den Button [\u201eZahlungspflichtig Bestellen\u201c] senden Sie Ihre Bestellung an uns ab. Damit bieten Sie uns den Abschluss eines Kaufvertrags an.<\/p>\n<p>Die Information \u00fcber den Zeitpunkt des Vertragsschlusses finden Sie im entsprechenden Abschnitt in<br \/>\nden AGB.<\/p>\n<p>&nbsp;<\/p>\n<ul>\n<li><strong> 5 Zahlung, Verzug <\/strong><\/li>\n<\/ul>\n<p>(1) Es gelten die zum Zeitpunkt der Bestellung auf der deutschsprachigen Version der Website <a href=\"https:\/\/www.derwurstgrosshandel.de\/\" target=\"_blank\" rel=\"noopener\">https:\/\/www.monsieursaucisson.com\/de\/<\/a> und den dazugeh\u00f6rigen Subdomains aufgef\u00fchrten Preise. Alle Preise sind inklusive der gesetzlichen Mehrwertsteuer und zuz\u00fcglich der Versandkosten.<\/p>\n<p>(2) Die Zahlung des Kaufpreises ist nur per Vorauskasse m\u00f6glich. Akzeptierte Zahlungsmethoden sind PayPal, Giropay und Kreditkarte.<\/p>\n<p>(3) Mit einem Klick auf den &#8222;Zahlungspflichtig Bestellen &#8222;-Button wird der Kaufpreis in Rechnung gestellt.<\/p>\n<ul>\n<li><strong> 6 Aufrechnung\/ Eigentumsvorbehalt <\/strong><\/li>\n<\/ul>\n<p>(1) Aufrechnungsrechte stehen dem Kunden nur zu, wenn seine Gegenanspr\u00fcche rechtskr\u00e4ftig festgestellt, unbestritten oder von dem Anbieter anerkannt sind. Zur Aus\u00fcbung eines Zur\u00fcckbehaltungsrechts ist der Kunde nur insoweit befugt, als sein Gegenanspruch auf dem gleichen Vertragsverh\u00e4ltnis beruht.<\/p>\n<p>(2) Der Anbieter beh\u00e4lt sich das Eigentum an der gelieferten Sache bis zur vollst\u00e4ndigen Zahlung des Kaufpreises vor.<\/p>\n<p><strong>\u00a7 7 Lieferung <\/strong><\/p>\n<p>(1) Waren, die \u00fcber den deutschsprachigen Webshop auf der Website <a href=\"https:\/\/www.monsieursaucisson.com\/de\/\">https:\/\/www.monsieursaucisson.com\/de\/<\/a> bestellt wurden, werden ausschlie\u00dflich innerhalb Deutschlands versendet.<\/p>\n<p>(2) Der Versand der Ware erfolgt ausschlie\u00dflich \u00fcber ein Transportunternehmen nach Wahl des Anbieters. Eine Lieferung der Waren an Packstationen ist nicht m\u00f6glich.<\/p>\n<p>(3) Die Lieferung erfolgt nach Zahlungseingang. Auf eventuell abweichende Lieferzeiten weist der Anbieter auf der jeweiligen Produktseite hin. Der Beginn der angegebenen Lieferzeit setzt die rechtzeitige und ordnungsgem\u00e4\u00dfe Erf\u00fcllung der Verpflichtungen des Kunden voraus, insbesondere die korrekte Angabe der Lieferadresse im Rahmen der Bestellung.<\/p>\n<p>(4) Bei Lieferverz\u00f6gerungen wird der Anbieter den Kunden umgehend informieren.<\/p>\n<p>(5) Falls der Anbieter ohne eigenes Verschulden zur Lieferung der bestellten Ware nicht in der Lage ist, weil der Lieferant des Anbieters seine vertraglichen Verpflichtungen nicht erf\u00fcllt, wird der Kunde unverz\u00fcglich dar\u00fcber informiert, dass die bestellte Ware nicht zur Verf\u00fcgung steht. Bereits erbrachte Gegenleistungen des Vertragspartners werden unverz\u00fcglich erstattet. Die gesetzlichen Anspr\u00fcche des Kunden bleiben unber\u00fchrt.<\/p>\n<ul>\n<li><strong> 8 Annahmeverzug <\/strong><\/li>\n<\/ul>\n<p>(1) Kommt der Kunde in Annahmeverzug oder verletzt er schuldhaft sonstige Mitwirkungspflichten, so ist der Anbieter berechtigt, den ihm hierdurch entstehenden Schaden einschlie\u00dflich etwaiger Mehraufwendungen ersetzt zu verlangen. Weitergehende Anspr\u00fcche bleiben vorbehalten.<\/p>\n<p>(2) Der Kaufpreis ist w\u00e4hrend des Verzugs zu verzinsen. Der Verzugszinssatz betr\u00e4gt bei Verbrauchern per anno f\u00fcnf Prozentpunkte \u00fcber dem Basiszinssatz und bei Unternehmern per anno neun Prozentpunkte \u00fcber dem Basiszinssatz.<\/p>\n<p>(3) Dem Kunden bleibt seinerseits vorbehalten nachzuweisen, dass ein Schaden in der verlangten H\u00f6he nicht oder zumindest wesentlich niedriger entstanden ist. Die Gefahr eines zuf\u00e4lligen Untergangs oder einer zuf\u00e4lligen Verschlechterung der Kaufsache geht in dem Zeitpunkt auf den Kunden \u00fcber, in dem dieser in Annahme- oder Schuldnerverzug ger\u00e4t.<\/p>\n<p>&nbsp;<\/p>\n<ul>\n<li><strong> 9 Gew\u00e4hrleistung <\/strong><\/li>\n<\/ul>\n<p>Bei allen Produkten aus dem Shop des Anbieters bestehen gesetzliche Gew\u00e4hrleistungsrechte.<\/p>\n<ul>\n<li><strong> 10 Kosten der R\u00fccksendung bei Widerruf <\/strong><\/li>\n<\/ul>\n<p>&nbsp;<\/p>\n<ul>\n<li><strong> 11 Haftung <\/strong><\/li>\n<\/ul>\n<p>(1) Der Anbieter haftet nach den gesetzlichen Bestimmungen, soweit die Schadensursache auf einer durch ihn, seine gesetzlichen Vertreter oder durch seine Erf\u00fcllungsgehilfen begangenen vors\u00e4tzlichen oder grob fahrl\u00e4ssigen Pflichtverletzung beruht.<\/p>\n<p>(2) Ferner haftet der Anbieter f\u00fcr die leicht fahrl\u00e4ssige Verletzung von wesentlichen Pflichten, deren Verletzung die Erreichung des Vertragszwecks gef\u00e4hrdet, oder f\u00fcr die Verletzung von Pflichten, deren Erf\u00fcllung die ordnungsgem\u00e4\u00dfe Durchf\u00fchrung des Vertrages \u00fcberhaupt erst erm\u00f6glicht und auf deren Einhaltung der Kunde regelm\u00e4\u00dfig vertraut. In diesem Fall haftet der Anbieter jedoch nur f\u00fcr den vorhersehbaren, vertragstypischen Schaden. Der Anbieter haftet nicht f\u00fcr die leicht fahrl\u00e4ssige Verletzung anderer als der in den vorstehenden S\u00e4tzen genannten Pflichten.<\/p>\n<p>(3) Die vorstehenden Haftungsbeschr\u00e4nkungen gelten nicht bei Verletzung von Leben, K\u00f6rper und Gesundheit, f\u00fcr einen Mangel nach \u00dcbernahme einer Garantie f\u00fcr die Beschaffenheit des Produktes und bei arglistig verschwiegenen M\u00e4ngeln. Die Haftung nach dem Produkthaftungsgesetz bleibt unber\u00fchrt.<\/p>\n<p>(4) Soweit die Haftung des Anbieters ausgeschlossen oder beschr\u00e4nkt ist, gilt dies auch f\u00fcr die pers\u00f6nliche Haftung seiner Arbeitnehmer, gesetzlicher Vertreter und Erf\u00fcllungsgehilfen.<\/p>\n<ul>\n<li><strong> 12 Datenschutz <\/strong><\/li>\n<\/ul>\n<p>Der Anbieter behandelt die personenbezogenen Daten des Kunden vertraulich und entsprechend der gesetzlichen Datenschutzvorschriften. Eine Weitergabe der Kundendaten ohne dessen ausdr\u00fcckliche Einwilligung erfolgt nicht bzw. nur im Rahmen der notwendigen Abwicklung des Vertrages, etwa an die mit der Lieferung der Ware betrauten Unternehmen. Weitere Informationen finden Sie in der Datenschutzerkl\u00e4rung auf unserer Website.<\/p>\n<ul>\n<li><strong> 13 Streitschlichtung<\/strong><\/li>\n<\/ul>\n<p>Die EU-Kommission bietet die M\u00f6glichkeit zur Online-Streitbeilegung auf der von ihr betriebenen OS-Plattform. Verbraucher k\u00f6nnen diese OS-Plattform f\u00fcr die Beilegung ihrer Streitigkeiten im Zusammenhang mit Online-Kaufvertr\u00e4gen oder Online-Dienstleistungsvertr\u00e4gen nutzen. Die OS-Plattform ist unter dem externen Link <a href=\"http:\/\/ec.europa.eu\/consumers\/odr\/\" target=\"_blank\" rel=\"noopener\">http:\/\/ec.europa.eu\/consumers\/odr\/<\/a> erreichbar.<\/p>\n<ul>\n<li><strong> 14 Anwendbares Recht, Gerichtsstand <\/strong><\/li>\n<\/ul>\n<p>(1) Anwendbar ist das Recht der Bundesrepublik Deutschland unter Ausschluss des UN-Kaufrechts, soweit diese Rechtswahl nicht dazu f\u00fchrt, dass ein Verbraucher hierdurch zwingenden verbrauchersch\u00fctzenden Normen entzogen wird.<\/p>\n<p>(2) Falls es sich beim Kunden um einen Kaufmann, eine juristische Person des \u00f6ffentlichen Rechts oder um ein \u00f6ffentlich-rechtliches Sonderverm\u00f6gen handelt, ist der Gesch\u00e4ftssitz des Anbieters Gerichtsstand f\u00fcr alle Streitigkeiten aus oder im Zusammenhang mit dem betreffenden Vertragsverh\u00e4ltnis. Kaufmann ist, wer ein Handelsgewerbe betreibt, oder wer aus anderen Rechtsgr\u00fcnden im HGB als Kaufmann eingeordnet wird. Der Anbieter ist jedoch berechtigt, den Kunden auch an seinem Wohnsitzgericht zu verklagen.<\/p>\n<p><strong>\u00a0<\/strong><\/p>\n<ul>\n<li><strong> 15 Schlussbestimmung <\/strong><\/li>\n<\/ul>\n<p>Ist eine Regelung in diesen AGB unwirksam, nichtig oder aus irgendeinem Grund nicht durchsetzbar, gilt diese Regelung als abtrennbar und beeinflusst die G\u00fcltigkeit und Durchsetzbarkeit der verbleibenden Regelungen nicht.<\/p>\n<p><strong>\u00a0<\/strong><\/p>\n<p><strong>Der Kaufvertrag kommt zustande mit:<\/strong><\/p>\n<p>&nbsp;<\/p>\n<p>GH Foodsupply B.V.<\/p>\n<p>Pater van den Elsenlaan 20 D<\/p>\n<p>5462GG Veghel<\/p>\n<p>Niederlande<\/p>\n<p>&nbsp;<\/p>\n<p>Telefon: \u00a0\u00a0\u00a0\u00a0\u00a0\u00a0 +31 6 461 054 06<\/p>\n<p>E-Mail:\u00a0 \u00a0 \u00a0 \u00a0 \u00a0 \u00a0info@monsieursaucisson.com<\/p>\n<p>&nbsp;<\/p>\n<p>Eintragung im niederl\u00e4ndischen Handelsregister:<\/p>\n<p>Kamer van Koophandel<\/p>\n<p>Registernummer: 74128035<\/p>\n<p>&nbsp;<\/p>\n<p>Umsatzsteueridentifikationsnummer:<\/p>\n<p>NL 859781902B01<\/p>\n<p>&nbsp;<\/p>\n<p><strong>\u00a0<\/strong><\/p>\n<p><strong>Anhang<\/strong><\/p>\n<p><strong>Widerrufsbelehrung\u00a0 <\/strong><\/p>\n<p><strong>Widerrufsrecht<\/strong><\/p>\n<p>Sie haben das Recht, binnen vierzehn Tagen ohne Angabe von Gr\u00fcnden diesen Vertrag zu widerrufen.<\/p>\n<p>Die Widerrufsfrist betr\u00e4gt vierzehn Tage ab dem Tag, an dem Sie oder ein von Ihnen benannter Dritter, der nicht der Bef\u00f6rderer ist, die Waren in Besitz genommen haben bzw. hat.<\/p>\n<p>Um Ihr Widerrufsrecht auszu\u00fcben, m\u00fcssen Sie uns (GH Foodsupply B.V., Pater van den Elsenlaan 20 D, 5462GG Veghel, Niederlande, E-Mail: info@monsieursaucisson.com) mittels einer eindeutigen Erkl\u00e4rung (z. B. ein mit der Post versandter Brief oder E-Mail) \u00fcber Ihren Entschluss, diesen Vertrag zu widerrufen, informieren.<\/p>\n<p>Sie k\u00f6nnen daf\u00fcr das beigef\u00fcgte Muster-Widerrufsformular verwenden, das jedoch nicht vorgeschrieben ist.<\/p>\n<p>Zur Wahrung der Widerrufsfrist reicht es aus, dass Sie die Mitteilung \u00fcber die Aus\u00fcbung des Widerrufsrechts vor Ablauf der Widerrufsfrist absenden.<\/p>\n<p><strong>Folgen des Widerrufs:<\/strong><\/p>\n<p>Wenn Sie diesen Vertrag widerrufen, haben wir Ihnen alle Zahlungen, die wir von Ihnen erhalten haben, einschlie\u00dflich der Lieferkosten (mit Ausnahme der zus\u00e4tzlichen Kosten, die sich daraus ergeben, dass Sie eine andere Art der Lieferung als die von uns angebotene, g\u00fcnstigste Standardlieferung gew\u00e4hlt haben), unverz\u00fcglich und sp\u00e4testens binnen vierzehn Tagen ab dem Tag zur\u00fcckzuzahlen, an dem die Mitteilung \u00fcber Ihren Widerruf dieses Vertrags bei uns eingegangen ist.<\/p>\n<p>F\u00fcr diese R\u00fcckzahlung verwenden wir dasselbe Zahlungsmittel, das Sie bei der urspr\u00fcnglichen Transaktion eingesetzt haben, es sei denn, mit Ihnen wurde ausdr\u00fccklich etwas anderes vereinbart; in keinem Fall werden Ihnen wegen dieser R\u00fcckzahlung Entgelte berechnet.<\/p>\n<p>Wir k\u00f6nnen die R\u00fcckzahlung verweigern, bis wir die Waren wieder zur\u00fcckerhalten haben oder bis Sie den Nachweis erbracht haben, dass Sie die Waren zur\u00fcckgesandt haben, je nachdem, welches der fr\u00fchere Zeitpunkt ist.<\/p>\n<p>Sie haben die Waren unverz\u00fcglich und in jedem Fall sp\u00e4testens binnen vierzehn Tagen ab dem Tag, an dem Sie uns \u00fcber den Widerruf dieses Vertrags unterrichten, an uns zur\u00fcckzusenden oder zu \u00fcbergeben.<\/p>\n<p><strong>R\u00fccksendung der Sache:<\/strong><\/p>\n<p><strong>GH Foodsupply B.V.<\/strong><\/p>\n<p><strong>Pater van den Elsenlaan 20 D<\/strong><\/p>\n<p><strong>5462GG Veghel<\/strong><\/p>\n<p><strong>Niederlande<\/strong><\/p>\n<p><strong>\u00a0<\/strong><\/p>\n<p>Die Frist ist gewahrt, wenn Sie die Waren vor Ablauf der Frist von vierzehn Tagen absenden.<\/p>\n<p>Sie tragen die unmittelbaren Kosten der R\u00fccksendung der Waren.<\/p>\n<p>Sie m\u00fcssen f\u00fcr einen etwaigen Wertverlust der Waren nur aufkommen, wenn dieser Wertverlust auf einen zur Pr\u00fcfung der Beschaffenheit, Eigenschaften und Funktionsweise der Waren nicht notwendigen Umgang mit ihnen zur\u00fcckzuf\u00fchren ist.<\/p>\n<p><strong>Ausschluss des Widerrufsrechts:<\/strong><\/p>\n<p>Das Widerrufsrecht besteht <strong><u>nicht<\/u><\/strong> bei folgenden Vertr\u00e4gen:<\/p>\n<ol>\n<li>Vertr\u00e4ge zur Lieferung von Waren, die nicht vorgefertigt sind und f\u00fcr deren Herstellung eine individuelle Auswahl oder Bestimmung durch den Verbraucher ma\u00dfgeblich ist oder die eindeutig auf die pers\u00f6nlichen Bed\u00fcrfnisse des Verbrauchers zugeschnitten sind.<\/li>\n<li>Vertr\u00e4ge zur Lieferung versiegelter Waren, die aus Gr\u00fcnden des Gesundheitsschutzes oder der Hygiene nicht zur R\u00fcckgabe geeignet sind, wenn ihre Versiegelung nach der Lieferung entfernt wurde.<\/li>\n<li>Vertr\u00e4ge zur Lieferung von Waren, die schnell verderben k\u00f6nnen oder deren Verfallsdatum schnell \u00fcberschritten w\u00fcrde,<\/li>\n<\/ol>\n<p>&nbsp;<\/p>\n<p><strong>Wir weisen ausdr\u00fccklich darauf hin, dass ein Recht zum Widerruf des Vertrags, wie in \u00a7 312g Abs. 1 BGB grunds\u00e4tzlich vorgesehen, gem\u00e4\u00df \u00a7 312g Abs. 2\u00a0 BGB f\u00fcr die oben genannten Waren ausgeschlossen ist und deswegen keinen Bestand hat.<\/strong><\/p>\n<p><strong>\u00a0<\/strong><\/p>\n<p><strong>Ende der Widerrufsbelehrung<\/strong><\/p>\n<p>&nbsp;<\/p>\n<p><strong>Widerrufsformular<\/strong><\/p>\n<p>Wenn Sie den Vertrag widerrufen wollen, dann f\u00fcllen Sie bitte dieses Formular aus und senden Sie es zur\u00fcck.<\/p>\n<p><strong>An<\/strong><\/p>\n<p><strong>GH Foodsupply B.V.<\/strong><\/p>\n<p><strong>Pater van den Elsenlaan 20 D<\/strong><\/p>\n<p><strong>5462GG Veghel<\/strong><\/p>\n<p><strong>Niederlande<\/strong><\/p>\n<p><strong>\u00a0<\/strong><\/p>\n<p><strong>E-Mail: info@monsieursaucisson.com<\/strong><\/p>\n<p>&nbsp;<\/p>\n<p>Hiermit widerrufe(n) ich\/wir den von mir\/uns abgeschlossenen Vertrag \u00fcber den Kauf der folgenden Waren \/ die Erbringung der folgenden Dienstleistung:<\/p>\n<p>&#8230;&#8230;&#8230;&#8230;&#8230;&#8230;&#8230;&#8230;&#8230;&#8230;&#8230;&#8230;&#8230;&#8230;&#8230;&#8230;&#8230;&#8230;&#8230;&#8230;&#8230;&#8230;&#8230;&#8230;&#8230;&#8230;<\/p>\n<p>&#8230;&#8230;&#8230;&#8230;&#8230;&#8230;&#8230;&#8230;&#8230;&#8230;&#8230;&#8230;&#8230;&#8230;&#8230;&#8230;&#8230;&#8230;&#8230;&#8230;&#8230;&#8230;&#8230;&#8230;&#8230;&#8230;<\/p>\n<p>(Name der Ware, ggf. Bestellnummer und Preis)<\/p>\n<p>&nbsp;<\/p>\n<p>Ware bestellt am:<\/p>\n<p>&#8230;&#8230;&#8230;&#8230;&#8230;&#8230;&#8230;&#8230;&#8230;.. (Datum)<\/p>\n<p>Ware erhalten am:<\/p>\n<p>&#8230;&#8230;&#8230;&#8230;&#8230;&#8230;&#8230;&#8230;&#8230;.. (Datum)<\/p>\n<p>&nbsp;<\/p>\n<p>Name und Anschrift des Verbrauchers<\/p>\n<p>&#8230;&#8230;&#8230;&#8230;&#8230;&#8230;&#8230;&#8230;&#8230;&#8230;&#8230;&#8230;&#8230;&#8230;&#8230;&#8230;&#8230;&#8230;&#8230;&#8230;&#8230;<\/p>\n<p>&#8230;&#8230;&#8230;&#8230;&#8230;&#8230;&#8230;&#8230;&#8230;&#8230;&#8230;&#8230;&#8230;&#8230;&#8230;&#8230;&#8230;&#8230;&#8230;&#8230;&#8230;<\/p>\n<p>&nbsp;<\/p>\n<p>\u2026\u2026\u2026\u2026\u2026\u2026\u2026\u2026\u2026\u2026\u2026. (Datum)<\/p>\n<p>&#8230;&#8230;&#8230;&#8230;&#8230;&#8230;&#8230;&#8230;&#8230;&#8230;&#8230;&#8230;&#8230;&#8230;&#8230;&#8230;&#8230;.<\/p>\n<p>Unterschrift Kunde<\/p>\n<p>(nur bei schriftlichem Widerruf)<\/p>\n<p>&nbsp;<\/p>\n<p>&nbsp;<\/p>\n<p>&nbsp;<\/p>\n<p>&nbsp;<\/p>\n<p>&nbsp;<\/p>\n<p>&nbsp;<\/p>\n<p>&nbsp;<\/p>\n<p>&nbsp;<\/p>\n<p>&nbsp;<\/p>\n<p>&nbsp;<\/p>\n<p>&nbsp;<\/p>\n<p>&nbsp;<\/p>\n<p>&nbsp;<\/p>\n","protected":false},"excerpt":{"rendered":"<p>AGB GH Foodsupply B.V. \u00a0 Pater van den Elsenlaan 20 D 5462GG Veghel Niederlande &#8211; nachfolgend Anbieter \u2013 Inhaltsverzeichnis: 1 Geltungsbereich 2 Vertragsschluss 3 Widerrufsrecht 3.1 Widerrufsrecht f\u00fcr Verbraucher 3.2 Ausschluss des Widerrufs 4 Bestellschritte 5 Zahlung, Verzug 6 Aufrechnung\/ Eigentumsvorbehalt 7 Lieferung 8 Annahmeverzug 9 Gew\u00e4hrleistung 10 Kosten der R\u00fccksendung bei Widerruf 11 Haftung [&hellip;]<\/p>\n","protected":false},"author":1,"featured_media":0,"parent":0,"menu_order":0,"comment_status":"closed","ping_status":"closed","template":"","meta":{"_acf_changed":false,"iawp_total_views":310,"editor_notices":[],"footnotes":""},"class_list":["post-37","page","type-page","status-publish","hentry"],"acf":[],"_links":{"self":[{"href":"https:\/\/monsieursaucisson.com\/de\/wp-json\/wp\/v2\/pages\/37","targetHints":{"allow":["GET"]}}],"collection":[{"href":"https:\/\/monsieursaucisson.com\/de\/wp-json\/wp\/v2\/pages"}],"about":[{"href":"https:\/\/monsieursaucisson.com\/de\/wp-json\/wp\/v2\/types\/page"}],"author":[{"embeddable":true,"href":"https:\/\/monsieursaucisson.com\/de\/wp-json\/wp\/v2\/users\/1"}],"replies":[{"embeddable":true,"href":"https:\/\/monsieursaucisson.com\/de\/wp-json\/wp\/v2\/comments?post=37"}],"version-history":[{"count":4,"href":"https:\/\/monsieursaucisson.com\/de\/wp-json\/wp\/v2\/pages\/37\/revisions"}],"predecessor-version":[{"id":3833,"href":"https:\/\/monsieursaucisson.com\/de\/wp-json\/wp\/v2\/pages\/37\/revisions\/3833"}],"wp:attachment":[{"href":"https:\/\/monsieursaucisson.com\/de\/wp-json\/wp\/v2\/media?parent=37"}],"curies":[{"name":"wp","href":"https:\/\/api.w.org\/{rel}","templated":true}]}}