{"id":284,"date":"2023-03-29T06:55:04","date_gmt":"2023-03-29T06:55:04","guid":{"rendered":"https:\/\/monsieursaucisson.com\/nl\/?page_id=284"},"modified":"2023-09-08T11:40:14","modified_gmt":"2023-09-08T09:40:14","slug":"faq","status":"publish","type":"page","link":"https:\/\/monsieursaucisson.com\/de\/faq\/","title":{"rendered":"FAQ &#8211; H\u00e4ufig gestellte Fragen"},"content":{"rendered":"<p>Bonjour! Sch\u00f6n, dass Sie sich f\u00fcr Monsieur Saucisson interessieren! In unserem FAQ (h\u00e4ufig gestellte Fragen) finden Sie die meisten Informationen \u00fcber Monsieur Saucisson und unseren Produkten! Haben Sie Fragen oder m\u00f6chten Sie etwas anderes wissen? Sie k\u00f6nnen uns jederzeit direkt kontaktieren unter <a href=\"mailto:bonjour@monsieursaucisson.com\">bonjour@monsieursaucisson.com<\/a>.<\/p>\n","protected":false},"excerpt":{"rendered":"<p>Bonjour! Sch\u00f6n, dass Sie sich f\u00fcr Monsieur Saucisson interessieren! In unserem FAQ (h\u00e4ufig gestellte Fragen) finden Sie die meisten Informationen \u00fcber Monsieur Saucisson und unseren Produkten! Haben Sie Fragen oder m\u00f6chten Sie etwas anderes wissen? Sie k\u00f6nnen uns jederzeit direkt kontaktieren unter bonjour@monsieursaucisson.com.<\/p>\n","protected":false},"author":1,"featured_media":0,"parent":0,"menu_order":0,"comment_status":"closed","ping_status":"closed","template":"","meta":{"_acf_changed":false,"iawp_total_views":1066,"editor_notices":[],"footnotes":""},"class_list":["post-284","page","type-page","status-publish","hentry"],"acf":[],"_links":{"self":[{"href":"https:\/\/monsieursaucisson.com\/de\/wp-json\/wp\/v2\/pages\/284","targetHints":{"allow":["GET"]}}],"collection":[{"href":"https:\/\/monsieursaucisson.com\/de\/wp-json\/wp\/v2\/pages"}],"about":[{"href":"https:\/\/monsieursaucisson.com\/de\/wp-json\/wp\/v2\/types\/page"}],"author":[{"embeddable":true,"href":"https:\/\/monsieursaucisson.com\/de\/wp-json\/wp\/v2\/users\/1"}],"replies":[{"embeddable":true,"href":"https:\/\/monsieursaucisson.com\/de\/wp-json\/wp\/v2\/comments?post=284"}],"version-history":[{"count":10,"href":"https:\/\/monsieursaucisson.com\/de\/wp-json\/wp\/v2\/pages\/284\/revisions"}],"predecessor-version":[{"id":2078,"href":"https:\/\/monsieursaucisson.com\/de\/wp-json\/wp\/v2\/pages\/284\/revisions\/2078"}],"wp:attachment":[{"href":"https:\/\/monsieursaucisson.com\/de\/wp-json\/wp\/v2\/media?parent=284"}],"curies":[{"name":"wp","href":"https:\/\/api.w.org\/{rel}","templated":true}]}}