{"id":2386,"date":"2023-10-11T14:07:31","date_gmt":"2023-10-11T12:07:31","guid":{"rendered":"https:\/\/monsieursaucisson.com\/de\/?page_id=2386"},"modified":"2025-03-04T16:23:47","modified_gmt":"2025-03-04T15:23:47","slug":"impressum","status":"publish","type":"page","link":"https:\/\/monsieursaucisson.com\/de\/impressum\/","title":{"rendered":"Impressum"},"content":{"rendered":"<p>GH Foodsupply B.V.<\/p>\n<p>Pater van den Elsenlaan 20 D<\/p>\n<p>5462GG Veghel<\/p>\n<p>Niederlande<\/p>\n<p>&nbsp;<\/p>\n<p>Telefon: \u00a0\u00a0\u00a0\u00a0\u00a0\u00a0 +31 (0) 413 530 277<\/p>\n<p>E-Mail:\u00a0 \u00a0 \u00a0 \u00a0 \u00a0 <a href=\"mailto:bonjour@monsieursaucisson.com\">bonjour@monsieursaucisson.com<\/a><\/p>\n<p>&nbsp;<\/p>\n<p>Eintragung im niederl\u00e4ndischen Handelsregister:<\/p>\n<p>Kamer van Koophandel<\/p>\n<p>Registernummer: 74128035<\/p>\n<p>&nbsp;<\/p>\n<p>Umsatzsteueridentifikationsnummer:<\/p>\n<p>NL 859781902B01<\/p>\n<p>&nbsp;<\/p>\n<p>Die GH Foodsupply B.V. wird vertreten durch die<\/p>\n<p>&nbsp;<\/p>\n<p>RFJA van Hintum Management en Beheer B.V.<\/p>\n<p>Burgermeester Le F\u00e8vre de Montignylaan 128<\/p>\n<p>3055NG Rotterdam<\/p>\n<p>Niederlande<\/p>\n<p>&nbsp;<\/p>\n<p>Die RFJA van Hintum Management en Beheer B.V. wird vertreten durch den vertretungsberechtigten Gesch\u00e4ftsf\u00fchrer:<\/p>\n<p>&nbsp;<\/p>\n<p>Remco Franciscus Jacobus Andreas van Hintum<\/p>\n<p>&nbsp;<\/p>\n<p>&nbsp;<\/p>\n<p>Die GH Foodsupply B.V. wird zudem vertreten durch die<\/p>\n<p>&nbsp;<\/p>\n<p>BJGJ Gijsbers Management en Beheer B.V.<\/p>\n<p>Bermweg 44<\/p>\n<p>2906LC Capelle aan den Ijssel<\/p>\n<p>Niederlande<\/p>\n<p>&nbsp;<\/p>\n<p>Die BJGJ Gijsbers Management en Beheer B.V. wird vertreten durch den vertretungsberechtigten Gesch\u00e4ftsf\u00fchrer:<\/p>\n<p>&nbsp;<\/p>\n<p>Bernardus Jacobus Gerardus Jos\u00e9phine Gijsbers<\/p>\n<p>Die Europ\u00e4ische Kommission stellt eine Plattform f\u00fcr die au\u00dfergerichtliche Online-Streitbeilegung (OS-Plattform) bereit, die unter www.ec.europa.eu\/consumers\/odr aufrufbar ist. Wir sind weder verpflichtet noch bereit, an dem Streitschlichtungsverfahren teilzunehmen.<\/p>\n","protected":false},"excerpt":{"rendered":"<p>GH Foodsupply B.V. Pater van den Elsenlaan 20 D 5462GG Veghel Niederlande &nbsp; Telefon: \u00a0\u00a0\u00a0\u00a0\u00a0\u00a0 +31 (0) 413 530 277 E-Mail:\u00a0 \u00a0 \u00a0 \u00a0 \u00a0 bonjour@monsieursaucisson.com &nbsp; Eintragung im niederl\u00e4ndischen Handelsregister: Kamer van Koophandel Registernummer: 74128035 &nbsp; Umsatzsteueridentifikationsnummer: NL 859781902B01 &nbsp; Die GH Foodsupply B.V. wird vertreten durch die &nbsp; RFJA van Hintum Management en [&hellip;]<\/p>\n","protected":false},"author":2,"featured_media":0,"parent":0,"menu_order":0,"comment_status":"closed","ping_status":"closed","template":"","meta":{"_acf_changed":false,"iawp_total_views":1030,"editor_notices":[],"footnotes":""},"class_list":["post-2386","page","type-page","status-publish","hentry"],"acf":[],"_links":{"self":[{"href":"https:\/\/monsieursaucisson.com\/de\/wp-json\/wp\/v2\/pages\/2386","targetHints":{"allow":["GET"]}}],"collection":[{"href":"https:\/\/monsieursaucisson.com\/de\/wp-json\/wp\/v2\/pages"}],"about":[{"href":"https:\/\/monsieursaucisson.com\/de\/wp-json\/wp\/v2\/types\/page"}],"author":[{"embeddable":true,"href":"https:\/\/monsieursaucisson.com\/de\/wp-json\/wp\/v2\/users\/2"}],"replies":[{"embeddable":true,"href":"https:\/\/monsieursaucisson.com\/de\/wp-json\/wp\/v2\/comments?post=2386"}],"version-history":[{"count":6,"href":"https:\/\/monsieursaucisson.com\/de\/wp-json\/wp\/v2\/pages\/2386\/revisions"}],"predecessor-version":[{"id":7542,"href":"https:\/\/monsieursaucisson.com\/de\/wp-json\/wp\/v2\/pages\/2386\/revisions\/7542"}],"wp:attachment":[{"href":"https:\/\/monsieursaucisson.com\/de\/wp-json\/wp\/v2\/media?parent=2386"}],"curies":[{"name":"wp","href":"https:\/\/api.w.org\/{rel}","templated":true}]}}