{"id":1940,"date":"2023-08-30T08:47:58","date_gmt":"2023-08-30T06:47:58","guid":{"rendered":"https:\/\/monsieursaucisson.com\/de\/?page_id=1940"},"modified":"2025-09-22T11:59:10","modified_gmt":"2025-09-22T09:59:10","slug":"wurst-abonnement","status":"publish","type":"page","link":"https:\/\/monsieursaucisson.com\/de\/wurst-abonnement\/","title":{"rendered":"Wurst-Abo"},"content":{"rendered":"<p>Mit unseren Abonnements k\u00f6nnen Sie regelm\u00e4\u00dfig k\u00f6stliche Delikatessen wie getrocknete Wurst, K\u00e4se und andere Leckereien genie\u00dfen. Lassen Sie sich von unserem umfangreichen Sortiment und den einzigartigen Geschmacksrichtungen \u00fcberraschen, die wir zu bieten haben. Entdecken Sie die Vorteile eines Abonnements und erfahren Sie mehr dar\u00fcber, welches Abonnement am besten zu Ihnen passt.<\/p>\n","protected":false},"excerpt":{"rendered":"<p>Mit unseren Abonnements k\u00f6nnen Sie regelm\u00e4\u00dfig k\u00f6stliche Delikatessen wie getrocknete Wurst, K\u00e4se und andere Leckereien genie\u00dfen. Lassen Sie sich von unserem umfangreichen Sortiment und den einzigartigen Geschmacksrichtungen \u00fcberraschen, die wir zu bieten haben. Entdecken Sie die Vorteile eines Abonnements und erfahren Sie mehr dar\u00fcber, welches Abonnement am besten zu Ihnen passt.<\/p>\n","protected":false},"author":2,"featured_media":0,"parent":0,"menu_order":0,"comment_status":"closed","ping_status":"closed","template":"templates\/template-flexible.php","meta":{"_acf_changed":false,"iawp_total_views":3472,"editor_notices":[],"footnotes":""},"class_list":["post-1940","page","type-page","status-publish","hentry"],"acf":[],"_links":{"self":[{"href":"https:\/\/monsieursaucisson.com\/de\/wp-json\/wp\/v2\/pages\/1940","targetHints":{"allow":["GET"]}}],"collection":[{"href":"https:\/\/monsieursaucisson.com\/de\/wp-json\/wp\/v2\/pages"}],"about":[{"href":"https:\/\/monsieursaucisson.com\/de\/wp-json\/wp\/v2\/types\/page"}],"author":[{"embeddable":true,"href":"https:\/\/monsieursaucisson.com\/de\/wp-json\/wp\/v2\/users\/2"}],"replies":[{"embeddable":true,"href":"https:\/\/monsieursaucisson.com\/de\/wp-json\/wp\/v2\/comments?post=1940"}],"version-history":[{"count":11,"href":"https:\/\/monsieursaucisson.com\/de\/wp-json\/wp\/v2\/pages\/1940\/revisions"}],"predecessor-version":[{"id":9393,"href":"https:\/\/monsieursaucisson.com\/de\/wp-json\/wp\/v2\/pages\/1940\/revisions\/9393"}],"wp:attachment":[{"href":"https:\/\/monsieursaucisson.com\/de\/wp-json\/wp\/v2\/media?parent=1940"}],"curies":[{"name":"wp","href":"https:\/\/api.w.org\/{rel}","templated":true}]}}